{"id":985,"date":"2018-11-29T07:00:42","date_gmt":"2018-11-29T06:00:42","guid":{"rendered":"http:\/\/pfarrei-schwarzach-perasdorf.de\/?page_id=985"},"modified":"2023-02-02T15:47:10","modified_gmt":"2023-02-02T14:47:10","slug":"ministrantenaufnahme","status":"publish","type":"page","link":"https:\/\/pfarrei-schwarzach-perasdorf.de\/?page_id=985","title":{"rendered":"Ministrantenaufnahme"},"content":{"rendered":"<p>Am Christk\u00f6nigssonntag 2023 durften wir wieder 2 neue Ministranten in unserer Schar willkommen hei\u00dfen.<br \/>\nWir freuen uns, dass ihr jetzt ein Teil unserer Gemeinschaft seid.<\/p>\n<div id=\"attachment_2228\" style=\"width: 3210px\" class=\"wp-caption alignnone\"><a href=\"https:\/\/pfarrei-schwarzach-perasdorf.de\/wp-content\/uploads\/2023\/02\/2.-Neue-Perasdorfer-Minis.jpg\"><img loading=\"lazy\" decoding=\"async\" aria-describedby=\"caption-attachment-2228\" class=\"size-full wp-image-2228\" src=\"https:\/\/pfarrei-schwarzach-perasdorf.de\/wp-content\/uploads\/2023\/02\/2.-Neue-Perasdorfer-Minis.jpg\" alt=\"\" width=\"3200\" height=\"2400\" srcset=\"https:\/\/pfarrei-schwarzach-perasdorf.de\/wp-content\/uploads\/2023\/02\/2.-Neue-Perasdorfer-Minis.jpg 3200w, https:\/\/pfarrei-schwarzach-perasdorf.de\/wp-content\/uploads\/2023\/02\/2.-Neue-Perasdorfer-Minis-150x113.jpg 150w, https:\/\/pfarrei-schwarzach-perasdorf.de\/wp-content\/uploads\/2023\/02\/2.-Neue-Perasdorfer-Minis-300x225.jpg 300w, https:\/\/pfarrei-schwarzach-perasdorf.de\/wp-content\/uploads\/2023\/02\/2.-Neue-Perasdorfer-Minis-768x576.jpg 768w, https:\/\/pfarrei-schwarzach-perasdorf.de\/wp-content\/uploads\/2023\/02\/2.-Neue-Perasdorfer-Minis-1024x768.jpg 1024w\" sizes=\"(max-width: 3200px) 100vw, 3200px\" \/><\/a><p id=\"caption-attachment-2228\" class=\"wp-caption-text\">sdr<\/p><\/div>\n<p>Am Christk\u00f6nigssonntag durften wir in unserer Pfarrei vier neue Ministrantinnen und Ministranten aufnehmen.<br \/>\nDie neuen Ministranten Sophina Dietl, Julia Stettmer, Thomas Stettmer und Johannes Wagner haben eine besondere Entscheidung getroffen, denn sie wollen ab sofort Diener am Tisch des Herrn sein, denn das ist es was Ministrant bedeutet.<br \/>\nIn der Predigt erkl\u00e4rte Gemeindereferent Martin Bartlreiher, dass Gott zu dienen, etwas ganz besonderes ist und die ganze Pfarrei mit Pfarrer Alfons Dirscherl und Gemeindereferent Martin Bartlreiher froh und stolz ist, diese jungen Menschen als Ministranten begr\u00fc\u00dfen zu d\u00fcrfen.<br \/>\nNeben all der Freude, gibt es jedoch auch einen kleinen Wehrmutstropfen, denn sechs Ministrantinnen und Ministranten beendeten zu diesem Zeitpunkt ihren Dienst.<br \/>\nAndreas Hafner, Sandra Hafner, Katja Huber, Annalena Huber, Florian Peter und Christoph Sch\u00e4tz beendeten nach einigen Jahren zuverl\u00e4ssigen Einsatz Ihren Dienst.<br \/>\nAls Anerkennung daf\u00fcr wurden ihnen Urkunden \u00fcberreicht und sie erhielten einen Gutschein f\u00fcr das XPerium in St. Engelmar.<\/p>\n<p>Gemeinsam mit Schwarzach konnte unserer Pfarreiengemeinschaft einen Ausgleich von Verabschiedungen und Aufnahmen erreichen. Vier Aufnahmen und sechs Verabschiedungen in Perasdorf, sowie sieben Aufnahmen und f\u00fcnf Verabschiedungen in Schwarzach.<\/p>\n<p>Allen neu aufgenommenen Ministrantinnen und Ministranten w\u00fcnschen wir auf ihrem Weg alles Gute und den Segen Gottes f\u00fcr ihren Dienst.<br \/>\nAuch den verabschiedeten Ministrantinnen und Ministranten w\u00fcnschen wir alles Gute und Gottes Segen auf ihrem weiteren Weg.<\/p>\n<p><img loading=\"lazy\" decoding=\"async\" class=\"size-medium_large wp-image-987\" src=\"http:\/\/pfarrei-schwarzach-perasdorf.de\/wp-content\/uploads\/2018\/11\/Minis-Perasdorf1-768x576.jpg\" alt=\"\" width=\"700\" height=\"525\" srcset=\"https:\/\/pfarrei-schwarzach-perasdorf.de\/wp-content\/uploads\/2018\/11\/Minis-Perasdorf1-768x576.jpg 768w, https:\/\/pfarrei-schwarzach-perasdorf.de\/wp-content\/uploads\/2018\/11\/Minis-Perasdorf1-150x113.jpg 150w, https:\/\/pfarrei-schwarzach-perasdorf.de\/wp-content\/uploads\/2018\/11\/Minis-Perasdorf1-300x225.jpg 300w, https:\/\/pfarrei-schwarzach-perasdorf.de\/wp-content\/uploads\/2018\/11\/Minis-Perasdorf1-1024x768.jpg 1024w\" sizes=\"(max-width: 700px) 100vw, 700px\" \/><\/p>\n<p><img loading=\"lazy\" decoding=\"async\" class=\"size-medium_large wp-image-986\" src=\"http:\/\/pfarrei-schwarzach-perasdorf.de\/wp-content\/uploads\/2018\/11\/Minis-Perasdorf-768x576.jpg\" alt=\"\" width=\"700\" height=\"525\" srcset=\"https:\/\/pfarrei-schwarzach-perasdorf.de\/wp-content\/uploads\/2018\/11\/Minis-Perasdorf-768x576.jpg 768w, https:\/\/pfarrei-schwarzach-perasdorf.de\/wp-content\/uploads\/2018\/11\/Minis-Perasdorf-150x113.jpg 150w, https:\/\/pfarrei-schwarzach-perasdorf.de\/wp-content\/uploads\/2018\/11\/Minis-Perasdorf-300x225.jpg 300w, https:\/\/pfarrei-schwarzach-perasdorf.de\/wp-content\/uploads\/2018\/11\/Minis-Perasdorf-1024x768.jpg 1024w\" sizes=\"(max-width: 700px) 100vw, 700px\" \/><\/p>\n","protected":false},"excerpt":{"rendered":"<p>Am Christk\u00f6nigssonntag 2023 durften wir wieder 2 neue Ministranten in unserer Schar willkommen hei\u00dfen. Wir freuen uns, dass ihr jetzt ein Teil unserer Gemeinschaft seid. Am Christk\u00f6nigssonntag durften wir in unserer Pfarrei vier neue Ministrantinnen und Ministranten aufnehmen. Die neuen Ministranten Sophina Dietl, Julia Stettmer, Thomas Stettmer und Johannes Wagner haben eine besondere Entscheidung getroffen, &#8230; <span class=\"more\"><a class=\"more-link\" href=\"https:\/\/pfarrei-schwarzach-perasdorf.de\/?page_id=985\">[weiterlesen&#8230;]<\/a><\/span><\/p>\n","protected":false},"author":6,"featured_media":0,"parent":129,"menu_order":0,"comment_status":"closed","ping_status":"closed","template":"","meta":{"footnotes":""},"_links":{"self":[{"href":"https:\/\/pfarrei-schwarzach-perasdorf.de\/index.php?rest_route=\/wp\/v2\/pages\/985"}],"collection":[{"href":"https:\/\/pfarrei-schwarzach-perasdorf.de\/index.php?rest_route=\/wp\/v2\/pages"}],"about":[{"href":"https:\/\/pfarrei-schwarzach-perasdorf.de\/index.php?rest_route=\/wp\/v2\/types\/page"}],"author":[{"embeddable":true,"href":"https:\/\/pfarrei-schwarzach-perasdorf.de\/index.php?rest_route=\/wp\/v2\/users\/6"}],"replies":[{"embeddable":true,"href":"https:\/\/pfarrei-schwarzach-perasdorf.de\/index.php?rest_route=%2Fwp%2Fv2%2Fcomments&post=985"}],"version-history":[{"count":4,"href":"https:\/\/pfarrei-schwarzach-perasdorf.de\/index.php?rest_route=\/wp\/v2\/pages\/985\/revisions"}],"predecessor-version":[{"id":2229,"href":"https:\/\/pfarrei-schwarzach-perasdorf.de\/index.php?rest_route=\/wp\/v2\/pages\/985\/revisions\/2229"}],"up":[{"embeddable":true,"href":"https:\/\/pfarrei-schwarzach-perasdorf.de\/index.php?rest_route=\/wp\/v2\/pages\/129"}],"wp:attachment":[{"href":"https:\/\/pfarrei-schwarzach-perasdorf.de\/index.php?rest_route=%2Fwp%2Fv2%2Fmedia&parent=985"}],"curies":[{"name":"wp","href":"https:\/\/api.w.org\/{rel}","templated":true}]}}