{"id":67,"date":"2014-12-16T19:44:06","date_gmt":"2014-12-16T18:44:06","guid":{"rendered":"http:\/\/pfarrei-schwarzach-perasdorf.de\/?page_id=67"},"modified":"2025-01-21T08:32:40","modified_gmt":"2025-01-21T07:32:40","slug":"ministranten","status":"publish","type":"page","link":"https:\/\/pfarrei-schwarzach-perasdorf.de\/?page_id=67","title":{"rendered":"Ministranten"},"content":{"rendered":"<p><img loading=\"lazy\" decoding=\"async\" class=\"alignnone size-medium_large wp-image-2591\" src=\"https:\/\/pfarrei-schwarzach-perasdorf.de\/wp-content\/uploads\/2025\/01\/Ministranten-768x576.jpg\" alt=\"\" width=\"700\" height=\"525\" srcset=\"https:\/\/pfarrei-schwarzach-perasdorf.de\/wp-content\/uploads\/2025\/01\/Ministranten-768x576.jpg 768w, https:\/\/pfarrei-schwarzach-perasdorf.de\/wp-content\/uploads\/2025\/01\/Ministranten-300x225.jpg 300w, https:\/\/pfarrei-schwarzach-perasdorf.de\/wp-content\/uploads\/2025\/01\/Ministranten-1024x768.jpg 1024w, https:\/\/pfarrei-schwarzach-perasdorf.de\/wp-content\/uploads\/2025\/01\/Ministranten-150x113.jpg 150w, https:\/\/pfarrei-schwarzach-perasdorf.de\/wp-content\/uploads\/2025\/01\/Ministranten-1536x1152.jpg 1536w, https:\/\/pfarrei-schwarzach-perasdorf.de\/wp-content\/uploads\/2025\/01\/Ministranten.jpg 2048w\" sizes=\"(max-width: 700px) 100vw, 700px\" \/><\/p>\n<p>Momentan sind wir eine Schar von insgesamt 16 aktiven Ministranten in Schwarzach und 7 in Perasdorf.<br \/>\nAuch einige altgediente und bereits verabschiedete Ministranten unterst\u00fctzen uns noch bei verschiedenen Aktivit\u00e4ten und sind nat\u00fcrlich jederzeit und \u00fcberall herzlich willkommen!<\/p>\n<p>Die wichtigste Aufgabe des Ministranten ist der Dienst am Altar. Etwa zwei- bis dreimal im Monat wird man zum Ministrieren eingeteilt.<br \/>\nAber auch der Spa\u00df, das Lernen und die Gemeinschaft ist wichtig.<br \/>\nDeshalb treffen sich die Ministranten in mehr oder weniger regelm\u00e4\u00dfigen Abst\u00e4nden in kleinen Gruppen, manchmal auch als ganze Gruppe zu verschiedenen Veranstaltungen.<\/p>\n<p>Etwa vier Mal im Jahr trifft sich die Leiterrunde um verschiedenes zu Planen und zu organisieren.<\/p>\n<p>Unsere Oberministranten sind derzeit Kristina Wenninger und Magdalena Geiger.<\/p>\n<p>Verantwortlich f\u00fcr den Ministrantenplan ist Martin Bartlreiher.<\/p>\n<p style=\"text-align: center;\">\n","protected":false},"excerpt":{"rendered":"<p>Momentan sind wir eine Schar von insgesamt 16 aktiven Ministranten in Schwarzach und 7 in Perasdorf. Auch einige altgediente und bereits verabschiedete Ministranten unterst\u00fctzen uns noch bei verschiedenen Aktivit\u00e4ten und sind nat\u00fcrlich jederzeit und \u00fcberall herzlich willkommen! Die wichtigste Aufgabe des Ministranten ist der Dienst am Altar. Etwa zwei- bis dreimal im Monat wird man &#8230; <span class=\"more\"><a class=\"more-link\" href=\"https:\/\/pfarrei-schwarzach-perasdorf.de\/?page_id=67\">[weiterlesen&#8230;]<\/a><\/span><\/p>\n","protected":false},"author":1,"featured_media":0,"parent":2,"menu_order":3,"comment_status":"closed","ping_status":"closed","template":"page-full-width.php","meta":{"footnotes":""},"_links":{"self":[{"href":"https:\/\/pfarrei-schwarzach-perasdorf.de\/index.php?rest_route=\/wp\/v2\/pages\/67"}],"collection":[{"href":"https:\/\/pfarrei-schwarzach-perasdorf.de\/index.php?rest_route=\/wp\/v2\/pages"}],"about":[{"href":"https:\/\/pfarrei-schwarzach-perasdorf.de\/index.php?rest_route=\/wp\/v2\/types\/page"}],"author":[{"embeddable":true,"href":"https:\/\/pfarrei-schwarzach-perasdorf.de\/index.php?rest_route=\/wp\/v2\/users\/1"}],"replies":[{"embeddable":true,"href":"https:\/\/pfarrei-schwarzach-perasdorf.de\/index.php?rest_route=%2Fwp%2Fv2%2Fcomments&post=67"}],"version-history":[{"count":26,"href":"https:\/\/pfarrei-schwarzach-perasdorf.de\/index.php?rest_route=\/wp\/v2\/pages\/67\/revisions"}],"predecessor-version":[{"id":2592,"href":"https:\/\/pfarrei-schwarzach-perasdorf.de\/index.php?rest_route=\/wp\/v2\/pages\/67\/revisions\/2592"}],"up":[{"embeddable":true,"href":"https:\/\/pfarrei-schwarzach-perasdorf.de\/index.php?rest_route=\/wp\/v2\/pages\/2"}],"wp:attachment":[{"href":"https:\/\/pfarrei-schwarzach-perasdorf.de\/index.php?rest_route=%2Fwp%2Fv2%2Fmedia&parent=67"}],"curies":[{"name":"wp","href":"https:\/\/api.w.org\/{rel}","templated":true}]}}