{"id":662,"date":"2018-03-06T20:34:17","date_gmt":"2018-03-06T19:34:17","guid":{"rendered":"http:\/\/pfarrei-schwarzach-perasdorf.de\/?page_id=662"},"modified":"2025-03-25T14:00:49","modified_gmt":"2025-03-25T13:00:49","slug":"impressum","status":"publish","type":"page","link":"https:\/\/pfarrei-schwarzach-perasdorf.de\/?page_id=662","title":{"rendered":"Impressum"},"content":{"rendered":"<p><span style=\"color: #231f20;\"><span style=\"font-family: Arial, serif;\"><span style=\"font-size: small;\">Katholische<\/span><\/span><\/span> <span style=\"color: #231f20;\"><span style=\"font-family: Arial, serif;\"><span style=\"font-size: small;\">Kirchenstiftung<\/span><\/span><\/span><span style=\"color: #231f20;\"><span style=\"font-family: Arial, serif;\"><span style=\"font-size: small;\"> St. Martin Schwarzach <\/span><\/span><\/span><span style=\"color: #231f20;\"><span style=\"font-family: Arial, serif;\"><span style=\"font-size: small;\">und<\/span><\/span><\/span> <span style=\"color: #231f20;\"><span style=\"font-family: Arial, serif;\"><span style=\"font-size: small;\">Katholische Kirchenstiftung St. Laurentius Perasdorf GbR<br \/>\n<\/span><\/span><\/span><span style=\"color: #231f20;\"><span style=\"font-family: Arial, serif;\"><span style=\"font-size: small;\">Martinstra\u00dfe 5<br \/>\n<\/span><\/span><\/span><span style=\"color: #231f20;\"><span style=\"font-family: Arial, serif;\"><span style=\"font-size: small;\">94374 Schwarzach<br \/>\n<\/span><\/span><\/span><span style=\"color: #231f20;\"><span style=\"font-family: Arial, serif;\"><span style=\"font-size: small;\">T<\/span><\/span><\/span><span style=\"color: #231f20;\"><span style=\"font-family: Arial, serif;\"><span style=\"font-size: small;\">elefon:<\/span><\/span><\/span><span style=\"color: #231f20;\"><span style=\"font-family: Arial, serif;\"><span style=\"font-size: small;\"> +49 (0)9962 \/ 335<br \/>\nFax: +49 (0)9962 \/ 912061<br \/>\n<\/span><\/span><\/span><span style=\"color: #231f20;\"><span style=\"font-family: Arial, serif;\"><span style=\"font-size: small;\">Email: Pfarramt.Schwarzach@t-online.de<br \/>\n<\/span><\/span><\/span><span style=\"color: #231f20;\"><span style=\"font-family: Arial, serif;\"><span style=\"font-size: small;\">Internet:<\/span><\/span><\/span><span style=\"color: #231f20;\"><span style=\"font-family: Arial, serif;\"><span style=\"font-size: small;\"> www.pfarrei-schwarzach-perasdorf.de\/<\/span><\/span><\/span><\/p>\n<p><span style=\"color: #231f20;\"><span style=\"font-family: Arial, serif;\"><span style=\"font-size: small;\"><b>V<\/b><\/span><\/span><\/span><span style=\"color: #231f20;\"><span style=\"font-family: Arial, serif;\"><span style=\"font-size: small;\"><b>ertretungsberechtigte<\/b><\/span><\/span><\/span><b> <\/b><span style=\"color: #231f20;\"><span style=\"font-family: Arial, serif;\"><span style=\"font-size: small;\"><b>Gesellschafter<br \/>\n<\/b><\/span><\/span><\/span><span style=\"color: #231f20;\"><span style=\"font-family: Arial, serif;\"><span style=\"font-size: small;\">Katholische Kirchenstiftung St. Martin Schwarzach und<br \/>\nKatholische Kirchenstiftung St. Laurentius Perasdorf<br \/>\n<\/span><\/span><\/span><span style=\"color: #231f20;\"><span style=\"font-family: Arial, serif;\"><span style=\"font-size: small;\">Die<\/span><\/span><\/span> <span style=\"color: #231f20;\"><span style=\"font-family: Arial, serif;\"><span style=\"font-size: small;\">Kath.<\/span><\/span><\/span> <span style=\"color: #231f20;\"><span style=\"font-family: Arial, serif;\"><span style=\"font-size: small;\">Kirchenstiftung<\/span><\/span><\/span><span style=\"color: #231f20;\"><span style=\"font-family: Arial, serif;\"><span style=\"font-size: small;\"> St. Martin <\/span><\/span><\/span><span style=\"color: #231f20;\"><span style=\"font-family: Arial, serif;\"><span style=\"font-size: small;\">ist<\/span><\/span><\/span> <span style=\"color: #231f20;\"><span style=\"font-family: Arial, serif;\"><span style=\"font-size: small;\">eine<\/span><\/span><\/span> <span style=\"color: #231f20;\"><span style=\"font-family: Arial, serif;\"><span style=\"font-size: small;\">Stiftung des<\/span><\/span><\/span> <span style=\"color: #231f20;\"><span style=\"font-family: Arial, serif;\"><span style=\"font-size: small;\">\u00f6<\/span><\/span><\/span><span style=\"color: #231f20;\"><span style=\"font-family: Arial, serif;\"><span style=\"font-size: small;\">f<\/span><\/span><\/span><span style=\"color: #231f20;\"><span style=\"font-family: Arial, serif;\"><span style=\"font-size: small;\">fentlichen<\/span><\/span><\/span> <span style=\"color: #231f20;\"><span style=\"font-family: Arial, serif;\"><span style=\"font-size: small;\">Rechts<\/span><\/span><\/span> <span style=\"color: #231f20;\"><span style=\"font-family: Arial, serif;\"><span style=\"font-size: small;\">und<\/span><\/span><\/span> <span style=\"color: #231f20;\"><span style=\"font-family: Arial, serif;\"><span style=\"font-size: small;\">wird<\/span><\/span><\/span> <span style=\"color: #231f20;\"><span style=\"font-family: Arial, serif;\"><span style=\"font-size: small;\">durch<\/span><\/span><\/span> <span style=\"color: #231f20;\"><span style=\"font-family: Arial, serif;\"><span style=\"font-size: small;\">die<\/span><\/span><\/span> <span style=\"color: #231f20;\"><span style=\"font-family: Arial, serif;\"><span style=\"font-size: small;\">Kirchenverwaltung<\/span><\/span><\/span> <span style=\"color: #231f20;\"><span style=\"font-family: Arial, serif;\"><span style=\"font-size: small;\">und<\/span><\/span><\/span> <span style=\"color: #231f20;\"><span style=\"font-family: Arial, serif;\"><span style=\"font-size: small;\">diese<\/span><\/span><\/span> <span style=\"color: #231f20;\"><span style=\"font-family: Arial, serif;\"><span style=\"font-size: small;\">wiederum<\/span><\/span><\/span> <span style=\"color: #231f20;\"><span style=\"font-family: Arial, serif;\"><span style=\"font-size: small;\">durch<\/span><\/span><\/span> <span style=\"color: #231f20;\"><span style=\"font-family: Arial, serif;\"><span style=\"font-size: small;\">den<\/span><\/span><\/span> <span style=\"color: #231f20;\"><span style=\"font-family: Arial, serif;\"><span style=\"font-size: small;\">Kirchenverwaltungsvorstand vertreten. Kirchenverwaltungsvorstand:<\/span><\/span><\/span><span style=\"color: #231f20;\"><span style=\"font-family: Arial, serif;\"><span style=\"font-size: small;\"> Pfr. Hans-J\u00fcrgen Koller<br \/>\n<\/span><\/span><\/span><span style=\"color: #231f20;\"><span style=\"font-family: Arial, serif;\"><span style=\"font-size: small;\">Die<\/span><\/span><\/span> <span style=\"color: #231f20;\"><span style=\"font-family: Arial, serif;\"><span style=\"font-size: small;\">Kath.<\/span><\/span><\/span> <span style=\"color: #231f20;\"><span style=\"font-family: Arial, serif;\"><span style=\"font-size: small;\">Kirchenstiftung<\/span><\/span><\/span><span style=\"color: #231f20;\"><span style=\"font-family: Arial, serif;\"><span style=\"font-size: small;\"> St. Laurentius <\/span><\/span><\/span><span style=\"color: #231f20;\"><span style=\"font-family: Arial, serif;\"><span style=\"font-size: small;\">ist<\/span><\/span><\/span> <span style=\"color: #231f20;\"><span style=\"font-family: Arial, serif;\"><span style=\"font-size: small;\">eine<\/span><\/span><\/span> <span style=\"color: #231f20;\"><span style=\"font-family: Arial, serif;\"><span style=\"font-size: small;\">Stiftung des<\/span><\/span><\/span> <span style=\"color: #231f20;\"><span style=\"font-family: Arial, serif;\"><span style=\"font-size: small;\">\u00f6<\/span><\/span><\/span><span style=\"color: #231f20;\"><span style=\"font-family: Arial, serif;\"><span style=\"font-size: small;\">f<\/span><\/span><\/span><span style=\"color: #231f20;\"><span style=\"font-family: Arial, serif;\"><span style=\"font-size: small;\">fentlichen<\/span><\/span><\/span> <span style=\"color: #231f20;\"><span style=\"font-family: Arial, serif;\"><span style=\"font-size: small;\">Rechts<\/span><\/span><\/span> <span style=\"color: #231f20;\"><span style=\"font-family: Arial, serif;\"><span style=\"font-size: small;\">und<\/span><\/span><\/span> <span style=\"color: #231f20;\"><span style=\"font-family: Arial, serif;\"><span style=\"font-size: small;\">wird<\/span><\/span><\/span> <span style=\"color: #231f20;\"><span style=\"font-family: Arial, serif;\"><span style=\"font-size: small;\">durch<\/span><\/span><\/span> <span style=\"color: #231f20;\"><span style=\"font-family: Arial, serif;\"><span style=\"font-size: small;\">die<\/span><\/span><\/span> <span style=\"color: #231f20;\"><span style=\"font-family: Arial, serif;\"><span style=\"font-size: small;\">Kirchenverwaltung<\/span><\/span><\/span> <span style=\"color: #231f20;\"><span style=\"font-family: Arial, serif;\"><span style=\"font-size: small;\">und<\/span><\/span><\/span> <span style=\"color: #231f20;\"><span style=\"font-family: Arial, serif;\"><span style=\"font-size: small;\">diese<\/span><\/span><\/span> <span style=\"color: #231f20;\"><span style=\"font-family: Arial, serif;\"><span style=\"font-size: small;\">wiederum<\/span><\/span><\/span> <span style=\"color: #231f20;\"><span style=\"font-family: Arial, serif;\"><span style=\"font-size: small;\">durch<\/span><\/span><\/span> <span style=\"color: #231f20;\"><span style=\"font-family: Arial, serif;\"><span style=\"font-size: small;\">den<\/span><\/span><\/span> <span style=\"color: #231f20;\"><span style=\"font-family: Arial, serif;\"><span style=\"font-size: small;\">Kirchenverwaltungsvorstand vertreten. Kirchenverwaltungsvorstand: Pfr.<\/span><\/span><\/span><span style=\"color: #231f20;\"><span style=\"font-family: Arial, serif;\"><span style=\"font-size: small;\"> Hans-J\u00fcrgen Koller<br \/>\n<\/span><\/span><\/span><\/p>\n<p><span style=\"color: #231f20;\"><span style=\"font-family: Arial, serif;\"><span style=\"font-size: small;\"><b>Inhaltliche Verantwortung<br \/>\n<\/b><\/span><\/span><\/span><span style=\"color: #231f20;\"><span style=\"font-family: Arial, serif;\"><span style=\"font-size: small;\">Inhaltlich <\/span><\/span><\/span><span style=\"color: #231f20;\"><span style=\"font-family: Arial, serif;\"><span style=\"font-size: small;\">verantwortlich<\/span><\/span><\/span> <span style=\"color: #231f20;\"><span style=\"font-family: Arial, serif;\"><span style=\"font-size: small;\">f\u00fcr<\/span><\/span><\/span> <span style=\"color: #231f20;\"><span style=\"font-family: Arial, serif;\"><span style=\"font-size: small;\">den<\/span><\/span><\/span> <span style=\"color: #231f20;\"><span style=\"font-family: Arial, serif;\"><span style=\"font-size: small;\">Internetauftritt<\/span><\/span><\/span> <span style=\"color: #231f20;\"><span style=\"font-family: Arial, serif;\"><span style=\"font-size: small;\">ist:<\/span><\/span><\/span><\/p>\n<p><span style=\"color: #231f20;\"><span style=\"font-family: Arial, serif;\"><span style=\"font-size: small;\">Pfarramt Schwarzach<br \/>\nMartinstra\u00dfe 5<br \/>\n94374 Schwarzach<br \/>\nTelefon: +49 (0)9962 \/ 335<br \/>\nFax: +49 (0)9962 \/ 912061<br \/>\nEmail: Pfarramt.Schwarzach@t-online.de<br \/>\nInternet: www.pfarrei-schwarzach-perasdorf.de\/<br \/>\n<\/span><\/span><\/span><\/p>\n<p align=\"JUSTIFY\"><span style=\"color: #231f20;\"><span style=\"font-family: Arial, serif;\"><span style=\"font-size: small;\">Wi<\/span><\/span><\/span><span style=\"color: #231f20;\"><span style=\"font-family: Arial, serif;\"><span style=\"font-size: small;\">r<\/span><\/span><\/span> <span style=\"color: #231f20;\"><span style=\"font-family: Arial, serif;\"><span style=\"font-size: small;\">sin<\/span><\/span><\/span><span style=\"color: #231f20;\"><span style=\"font-family: Arial, serif;\"><span style=\"font-size: small;\">d<\/span><\/span><\/span> <span style=\"color: #231f20;\"><span style=\"font-family: Arial, serif;\"><span style=\"font-size: small;\">nich<\/span><\/span><\/span><span style=\"color: #231f20;\"><span style=\"font-family: Arial, serif;\"><span style=\"font-size: small;\">t<\/span><\/span><\/span> <span style=\"color: #231f20;\"><span style=\"font-family: Arial, serif;\"><span style=\"font-size: small;\">berei<\/span><\/span><\/span><span style=\"color: #231f20;\"><span style=\"font-family: Arial, serif;\"><span style=\"font-size: small;\">t<\/span><\/span><\/span> <span style=\"color: #231f20;\"><span style=\"font-family: Arial, serif;\"><span style=\"font-size: small;\">un<\/span><\/span><\/span><span style=\"color: #231f20;\"><span style=\"font-family: Arial, serif;\"><span style=\"font-size: small;\">d<\/span><\/span><\/span> <span style=\"color: #231f20;\"><span style=\"font-family: Arial, serif;\"><span style=\"font-size: small;\">nich<\/span><\/span><\/span><span style=\"color: #231f20;\"><span style=\"font-family: Arial, serif;\"><span style=\"font-size: small;\">t<\/span><\/span><\/span> <span style=\"color: #231f20;\"><span style=\"font-family: Arial, serif;\"><span style=\"font-size: small;\">verpflichtet<\/span><\/span><\/span><span style=\"color: #231f20;\"><span style=\"font-family: Arial, serif;\"><span style=\"font-size: small;\">,<\/span><\/span><\/span> <span style=\"color: #231f20;\"><span style=\"font-family: Arial, serif;\"><span style=\"font-size: small;\">a<\/span><\/span><\/span><span style=\"color: #231f20;\"><span style=\"font-family: Arial, serif;\"><span style=\"font-size: small;\">n<\/span><\/span><\/span> <span style=\"color: #231f20;\"><span style=\"font-family: Arial, serif;\"><span style=\"font-size: small;\">Streitbei<\/span><\/span><\/span><span style=\"color: #231f20;\"><span style=\"font-family: Arial, serif;\"><span style=\"font-size: small;\">legungsverfahren<\/span><\/span><\/span> <span style=\"color: #231f20;\"><span style=\"font-family: Arial, serif;\"><span style=\"font-size: small;\">vor<\/span><\/span><\/span> <span style=\"color: #231f20;\"><span style=\"font-family: Arial, serif;\"><span style=\"font-size: small;\">einer<\/span><\/span><\/span> <span style=\"color: #231f20;\"><span style=\"font-family: Arial, serif;\"><span style=\"font-size: small;\">V<\/span><\/span><\/span><span style=\"color: #231f20;\"><span style=\"font-family: Arial, serif;\"><span style=\"font-size: small;\">erbraucherschlichtungs<\/span><\/span><\/span><span style=\"color: #231f20;\"><span style=\"font-family: Arial, serif;\"><span style=\"font-size: small;\">stell<\/span><\/span><\/span><span style=\"color: #231f20;\"><span style=\"font-family: Arial, serif;\"><span style=\"font-size: small;\">e <\/span><\/span><\/span><span style=\"color: #231f20;\"><span style=\"font-family: Arial, serif;\"><span style=\"font-size: small;\">nac<\/span><\/span><\/span><span style=\"color: #231f20;\"><span style=\"font-family: Arial, serif;\"><span style=\"font-size: small;\">h <\/span><\/span><\/span><span style=\"color: #231f20;\"><span style=\"font-family: Arial, serif;\"><span style=\"font-size: small;\">de<\/span><\/span><\/span><span style=\"color: #231f20;\"><span style=\"font-family: Arial, serif;\"><span style=\"font-size: small;\">m <\/span><\/span><\/span><span style=\"color: #231f20;\"><span style=\"font-family: Arial, serif;\"><span style=\"font-size: small;\">V<\/span><\/span><\/span><span style=\"color: #231f20;\"><span style=\"font-family: Arial, serif;\"><span style=\"font-size: small;\">erbraucherstreitbeilegungsgesetz <\/span><\/span><\/span><span style=\"color: #231f20;\"><span style=\"font-family: Arial, serif;\"><span style=\"font-size: small;\">teilzunehmen.<\/span><\/span><\/span><\/p>\n<p align=\"JUSTIFY\">\n<p><strong><span style=\"font-family: Arial, sans-serif;\"><span style=\"font-size: small;\">Haftungsausschluss:<br \/>\n<\/span><\/span><\/strong><span style=\"font-family: Arial, sans-serif;\"><span style=\"font-size: small;\">Wir sind stets bem\u00fcht, unser Angebot im Internet aktuell und inhaltlich richtig anzubieten. Dennoch k\u00f6nnen wir Fehler nicht v\u00f6llig ausschlie\u00dfen. Die Pfarreien St. Martin und St. Laurentius \u00fcbernehmen daher keinerlei Haftung f\u00fcr die Aktualit\u00e4t, Vollst\u00e4ndigkeit und inhaltliche Richtigkeit der in die Domain \u201ewww.pfarrei-schwarzach-perasdorf.de\u201c eingestellten Informationen.<\/span><\/span><\/p>\n<p><strong><span style=\"font-family: Arial, sans-serif;\"><span style=\"font-size: small;\">Urheberrecht:<br \/>\n<\/span><\/span><\/strong><span style=\"font-family: Arial, sans-serif;\"><span style=\"font-size: small;\">Das Layout der Homepage, die Texte sowie die verwendeten Grafiken und Bilder unterliegen dem Urheberrecht. Wiedergabe, Vervielf\u00e4ltigung und Verbreitung ist nur nach ausdr\u00fccklicher Genehmigung durch die Pfarrei gestattet.<\/span><\/span><\/p>\n<p><strong><span style=\"font-family: Arial, sans-serif;\"><span style=\"font-size: small;\">Externe Links und Verweise<br \/>\n<\/span><\/span><\/strong><span style=\"font-family: Arial, sans-serif;\"><span style=\"font-size: small;\">F\u00fcr alle Links und Verweise auf Angebote au\u00dferhalb der Domain \u201ewww.pfarrei-schwarzach-perasdorf\u201c gilt:<br \/>\n<\/span><\/span>\u201e<span style=\"font-family: Arial, sans-serif;\"><span style=\"font-size: small;\">Die Pfarreien St. Martin und St. Laurentius haben keinen Einfluss auf Gestaltung und Inhalte fremder Internetseiten und distanzieren sich daher von allen fremden Inhalten, auch wenn durch Links auf diese externen Seiten verwiesen wird.\u201c<br \/>\n<\/span><\/span><span style=\"font-family: Arial, sans-serif;\"><span style=\"font-size: small;\">Sobald die Pfarreien St. Martin und St. Laurentius jedoch feststellen, oder von anderen darauf hingewiesen wird, dass ein Angebot, auf welches verwiesen wird, eine zivil- oder strafrechtliche Verantwortlichkeit ausl\u00f6st, wird der Verweis auf dieses Angebot unverz\u00fcglich entfernt.<\/span><\/span><\/p>\n","protected":false},"excerpt":{"rendered":"<p>Katholische Kirchenstiftung St. Martin Schwarzach und Katholische Kirchenstiftung St. Laurentius Perasdorf GbR Martinstra\u00dfe 5 94374 Schwarzach Telefon: +49 (0)9962 \/ 335 Fax: +49 (0)9962 \/ 912061 Email: Pfarramt.Schwarzach@t-online.de Internet: www.pfarrei-schwarzach-perasdorf.de\/ Vertretungsberechtigte Gesellschafter Katholische Kirchenstiftung St. Martin Schwarzach und Katholische Kirchenstiftung St. Laurentius Perasdorf Die Kath. Kirchenstiftung St. Martin ist eine Stiftung des \u00f6ffentlichen Rechts und &#8230; <span class=\"more\"><a class=\"more-link\" href=\"https:\/\/pfarrei-schwarzach-perasdorf.de\/?page_id=662\">[weiterlesen&#8230;]<\/a><\/span><\/p>\n","protected":false},"author":1,"featured_media":0,"parent":15,"menu_order":0,"comment_status":"closed","ping_status":"closed","template":"page-full-width.php","meta":{"footnotes":""},"_links":{"self":[{"href":"https:\/\/pfarrei-schwarzach-perasdorf.de\/index.php?rest_route=\/wp\/v2\/pages\/662"}],"collection":[{"href":"https:\/\/pfarrei-schwarzach-perasdorf.de\/index.php?rest_route=\/wp\/v2\/pages"}],"about":[{"href":"https:\/\/pfarrei-schwarzach-perasdorf.de\/index.php?rest_route=\/wp\/v2\/types\/page"}],"author":[{"embeddable":true,"href":"https:\/\/pfarrei-schwarzach-perasdorf.de\/index.php?rest_route=\/wp\/v2\/users\/1"}],"replies":[{"embeddable":true,"href":"https:\/\/pfarrei-schwarzach-perasdorf.de\/index.php?rest_route=%2Fwp%2Fv2%2Fcomments&post=662"}],"version-history":[{"count":17,"href":"https:\/\/pfarrei-schwarzach-perasdorf.de\/index.php?rest_route=\/wp\/v2\/pages\/662\/revisions"}],"predecessor-version":[{"id":2700,"href":"https:\/\/pfarrei-schwarzach-perasdorf.de\/index.php?rest_route=\/wp\/v2\/pages\/662\/revisions\/2700"}],"up":[{"embeddable":true,"href":"https:\/\/pfarrei-schwarzach-perasdorf.de\/index.php?rest_route=\/wp\/v2\/pages\/15"}],"wp:attachment":[{"href":"https:\/\/pfarrei-schwarzach-perasdorf.de\/index.php?rest_route=%2Fwp%2Fv2%2Fmedia&parent=662"}],"curies":[{"name":"wp","href":"https:\/\/api.w.org\/{rel}","templated":true}]}}