{"id":3068,"date":"2025-10-20T09:36:12","date_gmt":"2025-10-20T07:36:12","guid":{"rendered":"https:\/\/pfarrei-schwarzach-perasdorf.de\/?page_id=3068"},"modified":"2026-02-12T21:22:17","modified_gmt":"2026-02-12T20:22:17","slug":"frauenbund","status":"publish","type":"page","link":"https:\/\/pfarrei-schwarzach-perasdorf.de\/?page_id=3068","title":{"rendered":"Frauenbund"},"content":{"rendered":"\n<p id=\"Frauenbund\"><\/p>\n\n\n\n<h1 class=\"wp-block-heading\" style=\"font-size:28px\">Hallo und herzlich willkommen!<\/h1>\n\n\n\n<div class=\"wp-block-columns is-layout-flex wp-container-core-columns-is-layout-2 wp-block-columns-is-layout-flex\">\n<div class=\"wp-block-column is-layout-flow wp-block-column-is-layout-flow\" style=\"flex-basis:100%\">\n<div class=\"wp-block-columns is-layout-flex wp-container-core-columns-is-layout-1 wp-block-columns-is-layout-flex\">\n<div class=\"wp-block-column is-layout-flow wp-block-column-is-layout-flow\">\n<figure class=\"wp-block-image size-full is-resized\"><img loading=\"lazy\" decoding=\"async\" width=\"212\" height=\"213\" src=\"https:\/\/pfarrei-schwarzach-perasdorf.de\/wp-content\/uploads\/2025\/11\/Bild2.png\" alt=\"\" class=\"wp-image-3139\" style=\"width:308px;height:auto\" srcset=\"https:\/\/pfarrei-schwarzach-perasdorf.de\/wp-content\/uploads\/2025\/11\/Bild2.png 212w, https:\/\/pfarrei-schwarzach-perasdorf.de\/wp-content\/uploads\/2025\/11\/Bild2-150x150.png 150w\" sizes=\"(max-width: 212px) 100vw, 212px\" \/><\/figure>\n<\/div>\n\n\n\n<div class=\"wp-block-column is-layout-flow wp-block-column-is-layout-flow\">\n<p class=\"has-medium-font-size\">Sch\u00f6n, dass Sie hier sind<br>und ja, Sie sind hier genau richtig!<\/p>\n\n\n\n<p class=\"has-medium-font-size\"><br>Dies ist die Infoseite des <strong>Katholischen Deutschen<br>Frauenbundes (KDFB)\u2013 Zweigverein Schwarzach<br>Perasdorf<\/strong>.<\/p>\n<\/div>\n<\/div>\n<\/div>\n<\/div>\n\n\n\n<p>Wir m\u00f6chten Ihnen kurz zeigen, wer wir sind und was uns bewegt.<br>Der Frauenbund ist weit mehr als ein Treffpunkt f\u00fcr \u00e4ltere Damen \u2013 wir sind ein lebendiges Netzwerk engagierter Frauen \u2013 offen f\u00fcr alle Altersgruppen.<br>Bildung, Spiritualit\u00e4t, Solidarit\u00e4t und Mitgestaltung in Kirche und Gesellschaft sind die Grundpfeiler unseres Engagements. Dabei geht es uns um Gemeinschaft, um gegenseitige Unterst\u00fctzung und darum, neue Impulse f\u00fcr das eigene Leben und unsere Gesellschaft zu setzen.<\/p>\n\n\n\n<p>Unser Ortsverein bietet Raum f\u00fcr Austausch, pers\u00f6nliche Entwicklung, zur Mitgestaltung und<br>zum Erleben von Gemeinschaft \u2013in vielf\u00e4ltigen Veranstaltungen, Aktionen und Begegnungen.<br><\/p>\n\n\n\n<p><strong>Neugierig geworden?<\/strong><br>Dann schauen Sie sich gerne um, lernen Sie uns kennen oder schauen auf einer unserer Veranstaltung vorbei.<\/p>\n\n\n\n<p><br>Wir freuen uns auf Sie!<\/p>\n\n\n\n<p><br>Herzliche Gr\u00fc\u00dfe<br>Ihr Team des KDFB Schwarzach\u2013Perasdorf<br>Christa Obermeier (Vorsitzende), Nicole Schatt (Vorsitzende),<br>Hans-J\u00fcrgen Koller (Pfarrer und Geistlicher Beirat)<\/p>\n\n\n\n<p><\/p>\n\n\n\n<div class=\"wp-block-columns is-layout-flex wp-container-core-columns-is-layout-3 wp-block-columns-is-layout-flex\">\n<div class=\"wp-block-column is-layout-flow wp-block-column-is-layout-flow\">\n<div class=\"wp-block-buttons is-layout-flex wp-block-buttons-is-layout-flex\">\n<div class=\"wp-block-button has-custom-font-size\" id=\"Termine\" style=\"font-size:24px\"><a class=\"wp-block-button__link has-white-color has-text-color has-background has-link-color wp-element-button\" href=\"#Terminanker\" style=\"border-radius:16px;background-color:#f84ce1\">Termin-Vorschau<\/a><\/div>\n<\/div>\n<\/div>\n\n\n\n<div class=\"wp-block-column is-layout-flow wp-block-column-is-layout-flow\">\n<div class=\"wp-block-buttons is-layout-flex wp-block-buttons-is-layout-flex\">\n<div class=\"wp-block-button has-custom-font-size\" style=\"font-size:24px\"><a class=\"wp-block-button__link has-white-color has-text-color has-background has-link-color wp-element-button\" href=\"#Aktuellanker\" style=\"border-radius:16px;background-color:#f84ce1\">Aktuelles aus dem Zweigverein<\/a><\/div>\n<\/div>\n<\/div>\n\n\n\n<div class=\"wp-block-column is-layout-flow wp-block-column-is-layout-flow\">\n<div class=\"wp-block-buttons is-layout-flex wp-block-buttons-is-layout-flex\">\n<div class=\"wp-block-button has-custom-font-size\" style=\"font-size:24px\"><a class=\"wp-block-button__link has-white-color has-text-color has-background has-link-color has-text-align-center wp-element-button\" href=\"#Werteanker\" style=\"border-radius:16px;background-color:#f84ce1\">Unsere Werte<\/a><\/div>\n<\/div>\n<\/div>\n<\/div>\n\n\n\n<p><\/p>\n\n\n\n<h2 class=\"wp-block-heading has-text-color has-background has-link-color has-large-font-size wp-elements-c88d24d9ecb34d0d3b1e38073b2559fb\" id=\"Terminanker\" style=\"color:#f78de0;background-color:#c6e4f9\">Termine<\/h2>\n\n\n\n<div class=\"wp-block-columns is-layout-flex wp-container-core-columns-is-layout-4 wp-block-columns-is-layout-flex\">\n<div class=\"wp-block-column is-layout-flow wp-block-column-is-layout-flow\">\n<p class=\"has-text-align-left\"><\/p>\n\n\n\n<p>Vorschau unserer n\u00e4chsten Termine zum Vormerken:<\/p>\n\n\n\n<figure class=\"wp-block-table aligncenter\"><table><tbody><tr><td class=\"has-text-align-right\" data-align=\"right\">Freitag, 16.01.2026, 19Uhr<\/td><td class=\"has-text-align-center\" data-align=\"center\">Starke Frauen. Starke Demokratie<br>Informationsveranstaltung f\u00fcr Frauen zur Kommunalwahl in Schwarzach<\/td><\/tr><tr><td class=\"has-text-align-right\" data-align=\"right\">Samstag, 24.01.2026, 14 Uhr<\/td><td class=\"has-text-align-center\" data-align=\"center\">Stadt &#8211; Licht &#8211; Genuss &#8211; Ausflug nach Regensburg<\/td><\/tr><tr><td class=\"has-text-align-right\" data-align=\"right\">Donnerstag<strong>, <\/strong>12.02.2026, 14 Uhr<\/td><td class=\"has-text-align-center\" data-align=\"center\">Weiberfasching im Pfarrheim<\/td><\/tr><tr><td class=\"has-text-align-right\" data-align=\"right\"><strong>Mittwoch, 18.02.2026 bis Karsamstag, 04.04.2026<\/strong><\/td><td class=\"has-text-align-center\" data-align=\"center\"><strong>Solibrotaktion vom Aschermittwoch<br>f\u00fcr das Projekt \u201eBolivien\/Kolumbien: Frauenrechte \u2013 Menschenrechte!&#8220;<\/strong><\/td><\/tr><tr><td class=\"has-text-align-right\" data-align=\"right\"><strong>Freitag, 06.03.2026, 19 Uhr<\/strong><\/td><td class=\"has-text-align-center\" data-align=\"center\"><strong>Weltgebetstag der Frauen im Pfarrheim unter dem Motto \u201eKommt! Bringt eure Last.\u201c Nigeria<\/strong><\/td><\/tr><tr><td class=\"has-text-align-right\" data-align=\"right\"><strong>Freitag, 20.03.2026, 19 Uhr<\/strong><\/td><td class=\"has-text-align-center\" data-align=\"center\"><strong>Filmabend im Pfarrheim<\/strong><\/td><\/tr><tr><td class=\"has-text-align-right\" data-align=\"right\"><strong>Samstag, 01.08.2026<\/strong> <\/td><td class=\"has-text-align-center\" data-align=\"center\"><strong>Teilnahme am Muddy Angel Run in M\u00fcnchen<\/strong><\/td><\/tr><\/tbody><\/table><\/figure>\n<\/div>\n<\/div>\n\n\n\n<p><\/p>\n\n\n\n<h2 class=\"wp-block-heading has-text-color has-background has-link-color has-large-font-size wp-elements-d3e11cb7eebc2d9da6e49620e44a14b5\" id=\"Aktuellanker\" style=\"color:#f78de0;background-color:#c6e4f9\">Aktuelles aus dem Zweigverein<\/h2>\n\n\n\n<p><\/p>\n\n\n\n<p><a href=\"https:\/\/pfarrei-schwarzach-perasdorf.de\/?p=3519\">&#8211; Weiberfasching im Pfarrheim<\/a><\/p>\n\n\n\n<p><a href=\"https:\/\/pfarrei-schwarzach-perasdorf.de\/?p=3452\">&#8211; Stadt, Licht, Genuss &#8211; Ausflug nach Regensburg<\/a><\/p>\n\n\n\n<p>&#8211; <a href=\"https:\/\/pfarrei-schwarzach-perasdorf.de\/?p=3436\">Wahlinfoabend des KDFB f\u00fcr Frauen zur Kommunalwahl in Schwarzach<\/a><\/p>\n\n\n\n<p>&#8211; <a href=\"https:\/\/pfarrei-schwarzach-perasdorf.de\/?p=3311\" data-type=\"link\" data-id=\"https:\/\/pfarrei-schwarzach-perasdorf.de\/?p=3311\">Adventsfeier des KDFB im Pfarrheim<\/a><\/p>\n\n\n\n<p><\/p>\n\n\n\n<p><\/p>\n\n\n\n<h2 class=\"wp-block-heading has-text-color has-background has-link-color has-large-font-size wp-elements-677eb4adcd9b1865537bcb773c66faac\" id=\"Werteanker\" style=\"color:#f78de0;background-color:#c6e4f9\">Unsere Werte<\/h2>\n\n\n\n<p><\/p>\n\n\n\n<div class=\"wp-block-columns is-layout-flex wp-container-core-columns-is-layout-5 wp-block-columns-is-layout-flex\">\n<div class=\"wp-block-column is-layout-flow wp-block-column-is-layout-flow\">\n<div class=\"wp-block-buttons is-layout-flex wp-block-buttons-is-layout-flex\">\n<div class=\"wp-block-button\"><a class=\"wp-block-button__link has-white-color has-text-color has-background has-link-color wp-element-button\" href=\"#von-Frauenanker\" style=\"background-color:#f84ce1\">von Frauen &#8211; f\u00fcr Frauen<\/a><\/div>\n<\/div>\n\n\n\n<p><\/p>\n\n\n\n<div class=\"wp-block-buttons is-layout-flex wp-block-buttons-is-layout-flex\">\n<div class=\"wp-block-button\"><a class=\"wp-block-button__link has-white-color has-text-color has-background has-link-color wp-element-button\" href=\"#Bildungsanker\" style=\"background-color:#f84ce1\">Bildungsangebot<\/a><\/div>\n<\/div>\n<\/div>\n\n\n\n<div class=\"wp-block-column is-layout-flow wp-block-column-is-layout-flow\">\n<div class=\"wp-block-buttons is-layout-flex wp-block-buttons-is-layout-flex\">\n<div class=\"wp-block-button\"><a class=\"wp-block-button__link has-white-color has-text-color has-background has-link-color wp-element-button\" href=\"#Solianker\" style=\"background-color:#f84ce1\">Gelebte Solidarit\u00e4t<\/a><\/div>\n<\/div>\n\n\n\n<p><\/p>\n\n\n\n<div class=\"wp-block-buttons is-layout-flex wp-block-buttons-is-layout-flex\">\n<div class=\"wp-block-button\"><a class=\"wp-block-button__link has-white-color has-text-color has-background has-link-color wp-element-button\" href=\"#Spiritanker\" style=\"background-color:#f84ce1\">Moderne Spiritualit\u00e4t<\/a><\/div>\n<\/div>\n<\/div>\n\n\n\n<div class=\"wp-block-column is-layout-flow wp-block-column-is-layout-flow\">\n<div class=\"wp-block-buttons is-layout-flex wp-block-buttons-is-layout-flex\">\n<div class=\"wp-block-button\"><a class=\"wp-block-button__link has-white-color has-text-color has-background has-link-color wp-element-button\" href=\"#Gemeinschaftanker\" style=\"background-color:#f84ce1\">Gemeinschaft erfahren<\/a><\/div>\n<\/div>\n\n\n\n<p><\/p>\n\n\n\n<div class=\"wp-block-buttons is-layout-flex wp-block-buttons-is-layout-flex\">\n<div class=\"wp-block-button\"><a class=\"wp-block-button__link has-white-color has-text-color has-background has-link-color wp-element-button\" href=\"#Gesellschaftanker\" style=\"background-color:#f84ce1\">Gesellschaft gestalten<\/a><\/div>\n<\/div>\n<\/div>\n<\/div>\n\n\n\n<p><\/p>\n\n\n\n<p><\/p>\n\n\n\n<p><\/p>\n\n\n\n<p class=\"has-text-color has-background has-link-color has-large-font-size wp-elements-841aa47da477aaaf62132e908f09fea4\" id=\"von-Frauenanker\" style=\"color:#f78de0;background-color:#c6e4f9\"><strong>Von Frauen \u2013 F\u00fcr Frauen<\/strong><\/p>\n\n\n\n<p><\/p>\n\n\n\n<div class=\"wp-block-columns is-layout-flex wp-container-core-columns-is-layout-6 wp-block-columns-is-layout-flex\">\n<div class=\"wp-block-column is-layout-flow wp-block-column-is-layout-flow\" style=\"flex-basis:66.66%\">\n<p class=\"has-text-align-left has-medium-font-size\">Der KDFB ist ein Verband von Frauen f\u00fcr Frauen &#8211; und das seit \u00fcber 120 Jahren. Wir kennen die Lebensrealit\u00e4ten von Frauen und setzen uns daf\u00fcr ein, dass ihre Anliegen in Kirche, Gesellschaft und Politik geh\u00f6rt und ernst genommen werden. In unseren Zweigvereinen k\u00f6nnen Frauen ihre Erfahrungen teilen, ihre F\u00e4higkeiten einbringen und sich auf Augenh\u00f6he begegnen. Uns verbindet nicht nur das Engagement f\u00fcr gesellschaftliche Themen, sondern auch der Glaube als tragende Kraft und Quelle der Inspiration.<br>Wir gestalten selbstbewusst und selbstbestimmt unsere Themen \u2013 aus weiblicher Perspektive, mit Herz, Verstand und Haltung.<\/p>\n<\/div>\n\n\n\n<div class=\"wp-block-column is-layout-flow wp-block-column-is-layout-flow\" style=\"flex-basis:33.33%\">\n<p class=\"has-text-align-center\" style=\"font-size:16px;font-style:normal;font-weight:500;text-decoration:underline\"><\/p>\n\n\n\n<figure class=\"wp-block-image size-full is-resized\"><img loading=\"lazy\" decoding=\"async\" width=\"195\" height=\"130\" src=\"https:\/\/pfarrei-schwarzach-perasdorf.de\/wp-content\/uploads\/2025\/11\/Bild3.jpg\" alt=\"\" class=\"wp-image-3142\" style=\"width:320px;height:auto\" srcset=\"https:\/\/pfarrei-schwarzach-perasdorf.de\/wp-content\/uploads\/2025\/11\/Bild3.jpg 195w, https:\/\/pfarrei-schwarzach-perasdorf.de\/wp-content\/uploads\/2025\/11\/Bild3-150x100.jpg 150w\" sizes=\"(max-width: 195px) 100vw, 195px\" \/><\/figure>\n\n\n\n<p style=\"font-size:16px;font-style:normal;font-weight:500;text-decoration:underline\">Zweigverein Schwarzach-Perasdorf<br>&#8211; Aktiv seit \u00fcber 60 Jahren<br>&#8211; Das zeichnet uns aus:<br>offen, menschlich, lebenserfahren,<br>aufgeschlossen, kritisch<\/p>\n<\/div>\n<\/div>\n\n\n\n<p class=\"has-text-color has-background has-link-color has-large-font-size wp-elements-ae4693523875509bcd86c3f097c7e5bf\" id=\"Solianker\" style=\"color:#f78de0;background-color:#c6e4f9\"><strong>Gelebte Solidarit\u00e4t<\/strong><\/p>\n\n\n\n<div class=\"wp-block-columns is-layout-flex wp-container-core-columns-is-layout-9 wp-block-columns-is-layout-flex\">\n<div class=\"wp-block-column is-layout-flow wp-block-column-is-layout-flow\" style=\"flex-basis:100%\">\n<div class=\"wp-block-columns is-layout-flex wp-container-core-columns-is-layout-8 wp-block-columns-is-layout-flex\">\n<div class=\"wp-block-column is-layout-flow wp-block-column-is-layout-flow\" style=\"flex-basis:100%\">\n<p><\/p>\n\n\n\n<div class=\"wp-block-columns is-layout-flex wp-container-core-columns-is-layout-7 wp-block-columns-is-layout-flex\">\n<div class=\"wp-block-column is-layout-flow wp-block-column-is-layout-flow\" style=\"flex-basis:66.66%\">\n<p style=\"font-size:23px\">Solidarit\u00e4t ist einer unserer Grundwerte \u2013 sie wird im KDFB ganz praktisch gelebt. Wir stehen f\u00fcreinander ein, h\u00f6ren zu, helfen weiter und handeln gemeinsam. Dabei denken wir nicht nur an unsere Mitglieder, sondern engagieren uns auch f\u00fcr Menschen in Not\u2013 lokal wie global. Ob durch soziale Projekte, partnerschaftliche Kooperationen oder konkrete Hilfe vor Ort: Wir glauben daran, dass jede Einzelne etwas bewirken kann.<\/p>\n<\/div>\n\n\n\n<div class=\"wp-block-column is-layout-flow wp-block-column-is-layout-flow\" style=\"flex-basis:33.33%\">\n<figure class=\"wp-block-image size-full\"><img loading=\"lazy\" decoding=\"async\" width=\"280\" height=\"187\" src=\"https:\/\/pfarrei-schwarzach-perasdorf.de\/wp-content\/uploads\/2025\/11\/Bild1.jpg\" alt=\"\" class=\"wp-image-3135\" srcset=\"https:\/\/pfarrei-schwarzach-perasdorf.de\/wp-content\/uploads\/2025\/11\/Bild1.jpg 280w, https:\/\/pfarrei-schwarzach-perasdorf.de\/wp-content\/uploads\/2025\/11\/Bild1-150x100.jpg 150w\" sizes=\"(max-width: 280px) 100vw, 280px\" \/><\/figure>\n\n\n\n<p style=\"font-size:16px;font-style:normal;font-weight:500;text-decoration:underline\">Zweigverein Schwarzach-Perasdorf<br>&#8211; Solibrot-Aktion in der Fastenzeit<br>&#8211; Regelm\u00e4\u00dfige Spenden an soziale<br>Projekte<br>&#8211; Ferienfreizeit \u201eBacken und Gutes tun\u201c<\/p>\n<\/div>\n<\/div>\n<\/div>\n<\/div>\n<\/div>\n<\/div>\n\n\n\n<p class=\"has-text-color has-background has-link-color has-large-font-size wp-elements-a2752b30ae72655662d661c63fee6e13\" id=\"Gemeinschaftanker\" style=\"color:#f78de0;background-color:#c6e4f9\"><strong>Gemeinschaft erfahren<\/strong><\/p>\n\n\n\n<p><\/p>\n\n\n\n<div class=\"wp-block-columns is-layout-flex wp-container-core-columns-is-layout-10 wp-block-columns-is-layout-flex\">\n<div class=\"wp-block-column is-layout-flow wp-block-column-is-layout-flow\" style=\"flex-basis:66.66%\">\n<p style=\"font-size:25px\">Im KDFB finden Frauen Gemeinschaft\u2013 gepr\u00e4gt von Vertrauen, Offenheit und gegenseitiger Wertsch\u00e4tzung. Gemeinschaft bedeutet f\u00fcr uns: einander st\u00e4rken, voneinander lernen und miteinander wachsen. Hier entstehen echte Freundschaften,  generationen\u00fcbergreifender Austausch und neue Impulse f\u00fcrs eigene Leben. Gemeinsam feiern, trauern, lachen, gestalten das macht uns stark.<\/p>\n<\/div>\n\n\n\n<div class=\"wp-block-column is-layout-flow wp-block-column-is-layout-flow\"><\/div>\n\n\n\n<div class=\"wp-block-column is-layout-flow wp-block-column-is-layout-flow\" style=\"flex-basis:33.33%\">\n<p class=\"has-text-align-center\" style=\"font-size:16px;font-style:normal;font-weight:500;text-decoration:underline\"><\/p>\n\n\n\n<figure class=\"wp-block-image size-full is-resized\"><img loading=\"lazy\" decoding=\"async\" width=\"206\" height=\"129\" src=\"https:\/\/pfarrei-schwarzach-perasdorf.de\/wp-content\/uploads\/2025\/11\/Bild4.jpg\" alt=\"\" class=\"wp-image-3146\" style=\"width:285px;height:auto\" srcset=\"https:\/\/pfarrei-schwarzach-perasdorf.de\/wp-content\/uploads\/2025\/11\/Bild4.jpg 206w, https:\/\/pfarrei-schwarzach-perasdorf.de\/wp-content\/uploads\/2025\/11\/Bild4-150x94.jpg 150w\" sizes=\"(max-width: 206px) 100vw, 206px\" \/><\/figure>\n\n\n\n<p style=\"font-size:16px;font-style:normal;font-weight:500;text-decoration:underline\">Zweigverein Schwarzach-Perasdorf<br>&#8211; Gemeinsames Feiern z. B. im<br>Advent, Fasching und zu Muttertag<br>&#8211; Gemeinsame Ausfl\u00fcge, z. B.<br>Enlightment Regensburg<br>&#8211; Kaffeekr\u00e4nzchen oder einfach nur<br>Ratschen und Austausch<\/p>\n<\/div>\n<\/div>\n\n\n\n<p><\/p>\n\n\n\n<p class=\"has-text-color has-background has-link-color has-large-font-size wp-elements-c23970f8df9fa8ee18fce73d4febc1ad\" id=\"Bildungsanker\" style=\"color:#f78de0;background-color:#c6e4f9\"><strong>Bildungsangebot<\/strong><\/p>\n\n\n\n<p><\/p>\n\n\n\n<div class=\"wp-block-columns is-layout-flex wp-container-core-columns-is-layout-11 wp-block-columns-is-layout-flex\">\n<div class=\"wp-block-column is-layout-flow wp-block-column-is-layout-flow\" style=\"flex-basis:66.66%\">\n<p style=\"font-size:24px\">Bildung ist f\u00fcr uns der Schl\u00fcssel zur Selbstbestimmung<br>und gesellschaftlichen Teilhabe. Der KDFB bietet Frauen aller<br>Generationen Raum, sich pers\u00f6nlich weiterzuentwickeln, neue Perspektiven zu entdecken und Wissen zu vertiefen\u2013 lebensnah,<br>praxisorientiert und mit Blick auf aktuelle Themen. Unsere Bildungsangebote reichen von Vortr\u00e4gen \u00fcber Workshops bis zu politischen Diskussionen und spirituellen Impulsen.<\/p>\n<\/div>\n\n\n\n<div class=\"wp-block-column is-layout-flow wp-block-column-is-layout-flow\" style=\"flex-basis:33.33%\">\n<p style=\"font-size:16px;font-style:normal;font-weight:500;text-decoration:underline\"><\/p>\n\n\n\n<figure class=\"wp-block-image size-full\"><img loading=\"lazy\" decoding=\"async\" width=\"271\" height=\"181\" src=\"https:\/\/pfarrei-schwarzach-perasdorf.de\/wp-content\/uploads\/2025\/11\/Bild5.jpg\" alt=\"\" class=\"wp-image-3149\" srcset=\"https:\/\/pfarrei-schwarzach-perasdorf.de\/wp-content\/uploads\/2025\/11\/Bild5.jpg 271w, https:\/\/pfarrei-schwarzach-perasdorf.de\/wp-content\/uploads\/2025\/11\/Bild5-150x100.jpg 150w\" sizes=\"(max-width: 271px) 100vw, 271px\" \/><\/figure>\n\n\n\n<p style=\"font-size:16px;font-style:normal;font-weight:500;text-decoration:underline\">Zweigverein Schwarzach-Perasdorf<br>&#8211; Vortr\u00e4ge zu wechselnden Angeboten<br>z. B. Gesundheit, Familie oder<br>Spiritualit\u00e4t<br>&#8211; Angebote der Katholischen<br>Erwachsenen Bildung (KEB)<\/p>\n<\/div>\n<\/div>\n\n\n\n<p><\/p>\n\n\n\n<p class=\"has-text-color has-background has-link-color has-large-font-size wp-elements-22bfbe30c3a11408cd275479b91c2aa8\" id=\"Spiritanker\" style=\"color:#f78de0;background-color:#c6e4f9\"><strong>Moderne Spiritualit\u00e4t<\/strong><\/p>\n\n\n\n<p><\/p>\n\n\n\n<div class=\"wp-block-columns is-layout-flex wp-container-core-columns-is-layout-12 wp-block-columns-is-layout-flex\">\n<div class=\"wp-block-column is-layout-flow wp-block-column-is-layout-flow\" style=\"flex-basis:66.66%\">\n<p style=\"font-size:25px\">Wir verbinden Glaube und Leben\u2013 auf moderne, offene und achtsame Weise. Der KDFB l\u00e4dt ein, den eigenen spirituellen Weg zu entdecken oder neu zu beleben. Ob in Stille oder Gemeinschaft, ob traditionell oder modern\u2013 wir schaffen R\u00e4ume f\u00fcr Besinnung, Inspiration und inneres Wachstum. Dabei achten wir auf Vielfalt und Lebenswirklichkeit und sprechen Frauen in allen Lebensphasen an. Es geht um gelebten Glauben, der Frauen in ihrem Alltag heute st\u00e4rkt.<\/p>\n<\/div>\n\n\n\n<div class=\"wp-block-column is-layout-flow wp-block-column-is-layout-flow\" style=\"flex-basis:33.33%\">\n<p style=\"font-size:16px;font-style:normal;font-weight:500;text-decoration:underline\"><\/p>\n\n\n\n<figure class=\"wp-block-image size-full\"><img loading=\"lazy\" decoding=\"async\" width=\"279\" height=\"173\" src=\"https:\/\/pfarrei-schwarzach-perasdorf.de\/wp-content\/uploads\/2025\/11\/Bild6.jpg\" alt=\"\" class=\"wp-image-3152\" srcset=\"https:\/\/pfarrei-schwarzach-perasdorf.de\/wp-content\/uploads\/2025\/11\/Bild6.jpg 279w, https:\/\/pfarrei-schwarzach-perasdorf.de\/wp-content\/uploads\/2025\/11\/Bild6-150x93.jpg 150w\" sizes=\"(max-width: 279px) 100vw, 279px\" \/><\/figure>\n\n\n\n<p style=\"font-size:16px;font-style:normal;font-weight:500;text-decoration:underline\">Zweigverein Schwarzach-Perasdorf<br>&#8211; Achtsamkeit<br>&#8211; Neue Gebets-und<br>Gottesdienstformen<br>&#8211; Gestaltung von Kreuzwegen und<br>Maiandachten<br>&#8211; Meditationsabende z. B. im Advent<br>&#8211; Weltgebetstag<br>&#8211; Pilgern<\/p>\n<\/div>\n<\/div>\n\n\n\n<p><\/p>\n\n\n\n<p class=\"has-text-color has-background has-link-color has-large-font-size wp-elements-df9a3e142ff9c42b1072da10938f84ec\" id=\"Gesellschaftanker\" style=\"color:#f78de0;background-color:#c6e4f9\"><strong>Gesellschaft gestalten<\/strong><\/p>\n\n\n\n<p><\/p>\n\n\n\n<div class=\"wp-block-columns is-layout-flex wp-container-core-columns-is-layout-13 wp-block-columns-is-layout-flex\">\n<div class=\"wp-block-column is-layout-flow wp-block-column-is-layout-flow\" style=\"flex-basis:66.66%\">\n<p class=\"has-medium-font-size\">Wir wollen nicht nur zuschauen\u2013 wir wollen mitgestalten. Der KDFB setzt sich aktiv ein f\u00fcr eine gerechte, nachhaltige und solidarische<br>Gesellschaft. Wir erheben unsere Stimme f\u00fcr Gleichstellung von Frauen in Politik, Gesellschaft und Kirche. Familiengerechtigkeit, Frieden und Bewahrung der Sch\u00f6pfung sind uns wichtig. Ob auf kommunaler Ebene oder bundesweit\u2013 wir nehmen Einfluss, f\u00f6rdern Zivilcourage, bringen uns auch kritisch ein und tragen Verantwortung.<br>Frauen haben etwas zu sagen \u2013 und wir sorgen daf\u00fcr, dass sie geh\u00f6rt werden.<\/p>\n<\/div>\n\n\n\n<div class=\"wp-block-column is-layout-flow wp-block-column-is-layout-flow\" style=\"flex-basis:33.33%\">\n<p style=\"font-size:16px;font-style:normal;font-weight:500;text-decoration:underline\"><\/p>\n\n\n\n<figure class=\"wp-block-image size-full\"><img loading=\"lazy\" decoding=\"async\" width=\"276\" height=\"186\" src=\"https:\/\/pfarrei-schwarzach-perasdorf.de\/wp-content\/uploads\/2025\/11\/Bild7.jpg\" alt=\"\" class=\"wp-image-3155\" srcset=\"https:\/\/pfarrei-schwarzach-perasdorf.de\/wp-content\/uploads\/2025\/11\/Bild7.jpg 276w, https:\/\/pfarrei-schwarzach-perasdorf.de\/wp-content\/uploads\/2025\/11\/Bild7-150x101.jpg 150w\" sizes=\"(max-width: 276px) 100vw, 276px\" \/><\/figure>\n\n\n\n<p style=\"font-size:16px;font-style:normal;font-weight:500;text-decoration:underline\">Zweigverein Schwarzach-Perasdorf<br>&#8211; Frauen-Wahlveranstaltung zur<br>Kommunalwahl<br>&#8211; Informationsveranstaltungen<\/p>\n<\/div>\n<\/div>\n\n\n\n<p><\/p>\n\n\n\n<p>Text: KDFB Schwarzach-Perasdorf (Nicole Schatt)  Bilder: unsplash.com<\/p>\n","protected":false},"excerpt":{"rendered":"<p>Hallo und herzlich willkommen! Sch\u00f6n, dass Sie hier sindund ja, Sie sind hier genau richtig! Dies ist die Infoseite des Katholischen DeutschenFrauenbundes (KDFB)\u2013 Zweigverein SchwarzachPerasdorf. Wir m\u00f6chten Ihnen kurz zeigen, wer wir sind und was uns bewegt.Der Frauenbund ist weit mehr als ein Treffpunkt f\u00fcr \u00e4ltere Damen \u2013 wir sind ein lebendiges Netzwerk engagierter Frauen &#8230; <span class=\"more\"><a class=\"more-link\" href=\"https:\/\/pfarrei-schwarzach-perasdorf.de\/?page_id=3068\">[weiterlesen&#8230;]<\/a><\/span><\/p>\n","protected":false},"author":10,"featured_media":0,"parent":0,"menu_order":9,"comment_status":"closed","ping_status":"closed","template":"page-full-width.php","meta":{"footnotes":""},"_links":{"self":[{"href":"https:\/\/pfarrei-schwarzach-perasdorf.de\/index.php?rest_route=\/wp\/v2\/pages\/3068"}],"collection":[{"href":"https:\/\/pfarrei-schwarzach-perasdorf.de\/index.php?rest_route=\/wp\/v2\/pages"}],"about":[{"href":"https:\/\/pfarrei-schwarzach-perasdorf.de\/index.php?rest_route=\/wp\/v2\/types\/page"}],"author":[{"embeddable":true,"href":"https:\/\/pfarrei-schwarzach-perasdorf.de\/index.php?rest_route=\/wp\/v2\/users\/10"}],"replies":[{"embeddable":true,"href":"https:\/\/pfarrei-schwarzach-perasdorf.de\/index.php?rest_route=%2Fwp%2Fv2%2Fcomments&post=3068"}],"version-history":[{"count":53,"href":"https:\/\/pfarrei-schwarzach-perasdorf.de\/index.php?rest_route=\/wp\/v2\/pages\/3068\/revisions"}],"predecessor-version":[{"id":3522,"href":"https:\/\/pfarrei-schwarzach-perasdorf.de\/index.php?rest_route=\/wp\/v2\/pages\/3068\/revisions\/3522"}],"wp:attachment":[{"href":"https:\/\/pfarrei-schwarzach-perasdorf.de\/index.php?rest_route=%2Fwp%2Fv2%2Fmedia&parent=3068"}],"curies":[{"name":"wp","href":"https:\/\/api.w.org\/{rel}","templated":true}]}}