{"id":24,"date":"2018-02-03T10:30:38","date_gmt":"2018-02-03T09:30:38","guid":{"rendered":"http:\/\/pfarrei-schwarzach-perasdorf.de\/?page_id=24"},"modified":"2020-03-26T09:49:41","modified_gmt":"2020-03-26T08:49:41","slug":"termine-2","status":"publish","type":"page","link":"https:\/\/pfarrei-schwarzach-perasdorf.de\/?page_id=24","title":{"rendered":"Hinweise"},"content":{"rendered":"<p><strong>Neue Datenschutzbestimmungen!!!<\/strong><\/p>\n<ul>\n<li>Aus datenschutzrechtlichen Gr\u00fcnden d\u00fcrfen die Auftraggeber von Mess-Stipendien im Pfarrbrief und an anderer Stelle (Zeitung, etc.) nicht mehr namentlich genannt werden, es sei denn, sie geben in jedem Einzelfall daf\u00fcr ihr Einverst\u00e4ndnis. Dabei reicht es, diese Erkl\u00e4rung jeweils m\u00fcndlich bzw. telefonisch im Pfarrb\u00fcro abzugeben, wo sie dann schriftlich vermerkt wird.<\/li>\n<\/ul>\n<p><strong>Kirchliche Termine:<\/strong><\/p>\n<ul>\n<li>Angedachte Termine (Vereinsfeste \u2013 Jubil\u00e4en \u2013 Hochzeiten &#8211; usw.) oder andere, die Pfarrei betreffenden Angelegenheiten sollten mit dem Pfarrer bitte rechtzeitig besprochen werden! Das Pfarramt weist zudem darauf hin, dass Termine ohne vorherige rechtzeitige Absprache mit dem Pfarrer oftmals wegen auftretender Terminschwierigkeiten nicht mehr ber\u00fccksichtigt werden k\u00f6nnen.<br \/>\nVielen herzlichen Dank f\u00fcr Ihr Verst\u00e4ndnis!<\/li>\n<\/ul>\n<p>&nbsp;<\/p>\n<p>&nbsp;<\/p>\n<p>&nbsp;<\/p>\n<p style=\"text-align: center;\"><a href=\"http:\/\/pfarrei-schwarzach-perasdorf.de\/?page_id=743\"><em><strong>Hinweise f\u00fcr Perasdorf&nbsp; &#8211;&nbsp; hier!!!<\/strong><\/em><\/a><\/p>\n<p style=\"text-align: center;\"><a href=\"http:\/\/pfarrei-schwarzach-perasdorf.de\/?page_id=745\"><em><strong>Hinweise f\u00fcr Schwarzach&nbsp; &#8211;&nbsp; hier!!!<\/strong><\/em><\/a><\/p>\n","protected":false},"excerpt":{"rendered":"<p>Neue Datenschutzbestimmungen!!! Aus datenschutzrechtlichen Gr\u00fcnden d\u00fcrfen die Auftraggeber von Mess-Stipendien im Pfarrbrief und an anderer Stelle (Zeitung, etc.) nicht mehr namentlich genannt werden, es sei denn, sie geben in jedem Einzelfall daf\u00fcr ihr Einverst\u00e4ndnis. Dabei reicht es, diese Erkl\u00e4rung jeweils m\u00fcndlich bzw. telefonisch im Pfarrb\u00fcro abzugeben, wo sie dann schriftlich vermerkt wird. Kirchliche Termine: Angedachte &#8230; <span class=\"more\"><a class=\"more-link\" href=\"https:\/\/pfarrei-schwarzach-perasdorf.de\/?page_id=24\">[weiterlesen&#8230;]<\/a><\/span><\/p>\n","protected":false},"author":1,"featured_media":0,"parent":0,"menu_order":6,"comment_status":"closed","ping_status":"open","template":"page-full-width.php","meta":{"footnotes":""},"_links":{"self":[{"href":"https:\/\/pfarrei-schwarzach-perasdorf.de\/index.php?rest_route=\/wp\/v2\/pages\/24"}],"collection":[{"href":"https:\/\/pfarrei-schwarzach-perasdorf.de\/index.php?rest_route=\/wp\/v2\/pages"}],"about":[{"href":"https:\/\/pfarrei-schwarzach-perasdorf.de\/index.php?rest_route=\/wp\/v2\/types\/page"}],"author":[{"embeddable":true,"href":"https:\/\/pfarrei-schwarzach-perasdorf.de\/index.php?rest_route=\/wp\/v2\/users\/1"}],"replies":[{"embeddable":true,"href":"https:\/\/pfarrei-schwarzach-perasdorf.de\/index.php?rest_route=%2Fwp%2Fv2%2Fcomments&post=24"}],"version-history":[{"count":25,"href":"https:\/\/pfarrei-schwarzach-perasdorf.de\/index.php?rest_route=\/wp\/v2\/pages\/24\/revisions"}],"predecessor-version":[{"id":971,"href":"https:\/\/pfarrei-schwarzach-perasdorf.de\/index.php?rest_route=\/wp\/v2\/pages\/24\/revisions\/971"}],"wp:attachment":[{"href":"https:\/\/pfarrei-schwarzach-perasdorf.de\/index.php?rest_route=%2Fwp%2Fv2%2Fmedia&parent=24"}],"curies":[{"name":"wp","href":"https:\/\/api.w.org\/{rel}","templated":true}]}}