{"id":2221,"date":"2023-02-02T15:40:47","date_gmt":"2023-02-02T14:40:47","guid":{"rendered":"https:\/\/pfarrei-schwarzach-perasdorf.de\/?page_id=2221"},"modified":"2023-02-02T15:40:47","modified_gmt":"2023-02-02T14:40:47","slug":"ministrantenaufnahme","status":"publish","type":"page","link":"https:\/\/pfarrei-schwarzach-perasdorf.de\/?page_id=2221","title":{"rendered":"Ministrantenaufnahme"},"content":{"rendered":"<p>Am Christk\u00f6nigssonntag 2022 durften wir wieder vier neue Ministranten in unserem Kreis willkommen hei\u00dfen.<br \/>\nSch\u00f6n dass ihr dabei seid!<br \/>\n<a href=\"https:\/\/pfarrei-schwarzach-perasdorf.de\/wp-content\/uploads\/2023\/02\/1.-Ministrantenaufnahme-in-Schwarzach.jpg\"><img loading=\"lazy\" decoding=\"async\" class=\"alignnone size-full wp-image-2223\" src=\"https:\/\/pfarrei-schwarzach-perasdorf.de\/wp-content\/uploads\/2023\/02\/1.-Ministrantenaufnahme-in-Schwarzach.jpg\" alt=\"\" width=\"1024\" height=\"768\" srcset=\"https:\/\/pfarrei-schwarzach-perasdorf.de\/wp-content\/uploads\/2023\/02\/1.-Ministrantenaufnahme-in-Schwarzach.jpg 1024w, https:\/\/pfarrei-schwarzach-perasdorf.de\/wp-content\/uploads\/2023\/02\/1.-Ministrantenaufnahme-in-Schwarzach-150x113.jpg 150w, https:\/\/pfarrei-schwarzach-perasdorf.de\/wp-content\/uploads\/2023\/02\/1.-Ministrantenaufnahme-in-Schwarzach-300x225.jpg 300w, https:\/\/pfarrei-schwarzach-perasdorf.de\/wp-content\/uploads\/2023\/02\/1.-Ministrantenaufnahme-in-Schwarzach-768x576.jpg 768w\" sizes=\"(max-width: 1024px) 100vw, 1024px\" \/><\/a><\/p>\n","protected":false},"excerpt":{"rendered":"<p>Am Christk\u00f6nigssonntag 2022 durften wir wieder vier neue Ministranten in unserem Kreis willkommen hei\u00dfen. Sch\u00f6n dass ihr dabei seid!<\/p>\n","protected":false},"author":9,"featured_media":0,"parent":67,"menu_order":3,"comment_status":"closed","ping_status":"closed","template":"","meta":{"footnotes":""},"_links":{"self":[{"href":"https:\/\/pfarrei-schwarzach-perasdorf.de\/index.php?rest_route=\/wp\/v2\/pages\/2221"}],"collection":[{"href":"https:\/\/pfarrei-schwarzach-perasdorf.de\/index.php?rest_route=\/wp\/v2\/pages"}],"about":[{"href":"https:\/\/pfarrei-schwarzach-perasdorf.de\/index.php?rest_route=\/wp\/v2\/types\/page"}],"author":[{"embeddable":true,"href":"https:\/\/pfarrei-schwarzach-perasdorf.de\/index.php?rest_route=\/wp\/v2\/users\/9"}],"replies":[{"embeddable":true,"href":"https:\/\/pfarrei-schwarzach-perasdorf.de\/index.php?rest_route=%2Fwp%2Fv2%2Fcomments&post=2221"}],"version-history":[{"count":2,"href":"https:\/\/pfarrei-schwarzach-perasdorf.de\/index.php?rest_route=\/wp\/v2\/pages\/2221\/revisions"}],"predecessor-version":[{"id":2224,"href":"https:\/\/pfarrei-schwarzach-perasdorf.de\/index.php?rest_route=\/wp\/v2\/pages\/2221\/revisions\/2224"}],"up":[{"embeddable":true,"href":"https:\/\/pfarrei-schwarzach-perasdorf.de\/index.php?rest_route=\/wp\/v2\/pages\/67"}],"wp:attachment":[{"href":"https:\/\/pfarrei-schwarzach-perasdorf.de\/index.php?rest_route=%2Fwp%2Fv2%2Fmedia&parent=2221"}],"curies":[{"name":"wp","href":"https:\/\/api.w.org\/{rel}","templated":true}]}}