{"id":2200,"date":"2023-02-01T14:08:47","date_gmt":"2023-02-01T13:08:47","guid":{"rendered":"https:\/\/pfarrei-schwarzach-perasdorf.de\/?page_id=2200"},"modified":"2023-02-01T14:08:47","modified_gmt":"2023-02-01T13:08:47","slug":"segnungen","status":"publish","type":"page","link":"https:\/\/pfarrei-schwarzach-perasdorf.de\/?page_id=2200","title":{"rendered":"Segnungen"},"content":{"rendered":"<p>In der christlichen Kirche ist es schon von Anfang an \u00fcblich, dass Menschen gesegnet werden. Schon in der Bibel wird \u00f6fter von Jesus berichtet, der Kinder oder andere Menschen segnet.<a href=\"https:\/\/pfarrei-schwarzach-perasdorf.de\/wp-content\/uploads\/2023\/02\/grafik.png\"><img loading=\"lazy\" decoding=\"async\" class=\"alignright wp-image-2201 size-medium\" src=\"https:\/\/pfarrei-schwarzach-perasdorf.de\/wp-content\/uploads\/2023\/02\/grafik-233x300.png\" alt=\"\" width=\"233\" height=\"300\" srcset=\"https:\/\/pfarrei-schwarzach-perasdorf.de\/wp-content\/uploads\/2023\/02\/grafik-233x300.png 233w, https:\/\/pfarrei-schwarzach-perasdorf.de\/wp-content\/uploads\/2023\/02\/grafik-116x150.png 116w, https:\/\/pfarrei-schwarzach-perasdorf.de\/wp-content\/uploads\/2023\/02\/grafik-768x989.png 768w, https:\/\/pfarrei-schwarzach-perasdorf.de\/wp-content\/uploads\/2023\/02\/grafik-795x1024.png 795w, https:\/\/pfarrei-schwarzach-perasdorf.de\/wp-content\/uploads\/2023\/02\/grafik.png 994w\" sizes=\"(max-width: 233px) 100vw, 233px\" \/><\/a><br \/>\nAuch ist es \u00fcblich, dass Gegenst\u00e4nde gesegnet werden, die f\u00fcr den Menschen wichtig sind oder ein Segen zu einem bestimmten Anlass gesprochen wird.<br \/>\n\u00dcbliche Segnungsfeiern sind Beispielsweise:<br \/>\n&#8211; Fahrzeugsegnung<br \/>\n&#8211; Haus- Wohnungssegnung<br \/>\n&#8211; Segensfeiern zu einem neuen Lebensabschnnitt (Schule, Ausbildung, Umzug, Krankheit)<br \/>\n&#8211; Reisesegen<br \/>\n&#8230;<\/p>\n<p>Dar\u00fcberhinaus gibt es viele M\u00f6glichkeiten, bei denen man auch Freunde oder Familienangeh\u00f6rige selbst mit einem Segen beschenken kann. Besonders beliebt ist der Segen f\u00fcr Kinder auf dem Weg in die Schule oder vor einer Probe, aber auch beim zu Bett gehen.<\/p>\n<p>Wenn Sie eine Frage haben, oder eine Segensfeier w\u00fcnschen, dann <a href=\"https:\/\/pfarrei-schwarzach-perasdorf.de\/?page_id=11\">sprechen sie uns an<\/a>!<\/p>\n","protected":false},"excerpt":{"rendered":"<p>In der christlichen Kirche ist es schon von Anfang an \u00fcblich, dass Menschen gesegnet werden. Schon in der Bibel wird \u00f6fter von Jesus berichtet, der Kinder oder andere Menschen segnet. Auch ist es \u00fcblich, dass Gegenst\u00e4nde gesegnet werden, die f\u00fcr den Menschen wichtig sind oder ein Segen zu einem bestimmten Anlass gesprochen wird. \u00dcbliche Segnungsfeiern &#8230; <span class=\"more\"><a class=\"more-link\" href=\"https:\/\/pfarrei-schwarzach-perasdorf.de\/?page_id=2200\">[weiterlesen&#8230;]<\/a><\/span><\/p>\n","protected":false},"author":9,"featured_media":0,"parent":1276,"menu_order":9,"comment_status":"closed","ping_status":"closed","template":"","meta":{"footnotes":""},"_links":{"self":[{"href":"https:\/\/pfarrei-schwarzach-perasdorf.de\/index.php?rest_route=\/wp\/v2\/pages\/2200"}],"collection":[{"href":"https:\/\/pfarrei-schwarzach-perasdorf.de\/index.php?rest_route=\/wp\/v2\/pages"}],"about":[{"href":"https:\/\/pfarrei-schwarzach-perasdorf.de\/index.php?rest_route=\/wp\/v2\/types\/page"}],"author":[{"embeddable":true,"href":"https:\/\/pfarrei-schwarzach-perasdorf.de\/index.php?rest_route=\/wp\/v2\/users\/9"}],"replies":[{"embeddable":true,"href":"https:\/\/pfarrei-schwarzach-perasdorf.de\/index.php?rest_route=%2Fwp%2Fv2%2Fcomments&post=2200"}],"version-history":[{"count":1,"href":"https:\/\/pfarrei-schwarzach-perasdorf.de\/index.php?rest_route=\/wp\/v2\/pages\/2200\/revisions"}],"predecessor-version":[{"id":2202,"href":"https:\/\/pfarrei-schwarzach-perasdorf.de\/index.php?rest_route=\/wp\/v2\/pages\/2200\/revisions\/2202"}],"up":[{"embeddable":true,"href":"https:\/\/pfarrei-schwarzach-perasdorf.de\/index.php?rest_route=\/wp\/v2\/pages\/1276"}],"wp:attachment":[{"href":"https:\/\/pfarrei-schwarzach-perasdorf.de\/index.php?rest_route=%2Fwp%2Fv2%2Fmedia&parent=2200"}],"curies":[{"name":"wp","href":"https:\/\/api.w.org\/{rel}","templated":true}]}}