{"id":2138,"date":"2023-01-04T13:57:41","date_gmt":"2023-01-04T12:57:41","guid":{"rendered":"http:\/\/pfarrei-schwarzach-perasdorf.de\/?page_id=2138"},"modified":"2023-01-04T13:57:41","modified_gmt":"2023-01-04T12:57:41","slug":"kinderkrippenspiel","status":"publish","type":"page","link":"https:\/\/pfarrei-schwarzach-perasdorf.de\/?page_id=2138","title":{"rendered":"Kinderkrippenspiel"},"content":{"rendered":"<p>Liebe Eltern und Gr0\u00dfeltern,<br \/>\nliebe Kinder!<\/p>\n<p>Jedes Jahr wollen wir die Weihnachtsgeschichte f\u00fcr Kinder und Kleinkinder lebendig werden lassen.<br \/>\nDaher f\u00fchren wir in unseren beiden Pfarreien Perasdorf und Schwarzach am Hl. Abend Nachmittag je ein Kinderkrippenspiel auf.<br \/>\nRund um den Oktober werden, die Kinder, die mitspielen k\u00f6nnen von GR Martin Bartlreiher f\u00fcr Schwarzach, oder den Verantwortlichen in Perasdorf f\u00fcr die Proben eingeladen.<br \/>\nWir freuen uns immer wenn viele Kinder das Krippenspiel mitgestalten wollen!<\/p>\n<p><a href=\"http:\/\/pfarrei-schwarzach-perasdorf.de\/wp-content\/uploads\/2023\/01\/2022-12-24-C-2.jpg\"><img loading=\"lazy\" decoding=\"async\" class=\"alignnone size-medium wp-image-2139\" src=\"http:\/\/pfarrei-schwarzach-perasdorf.de\/wp-content\/uploads\/2023\/01\/2022-12-24-C-2-300x200.jpg\" alt=\"\" width=\"300\" height=\"200\" srcset=\"https:\/\/pfarrei-schwarzach-perasdorf.de\/wp-content\/uploads\/2023\/01\/2022-12-24-C-2-300x200.jpg 300w, https:\/\/pfarrei-schwarzach-perasdorf.de\/wp-content\/uploads\/2023\/01\/2022-12-24-C-2-150x100.jpg 150w, https:\/\/pfarrei-schwarzach-perasdorf.de\/wp-content\/uploads\/2023\/01\/2022-12-24-C-2-768x512.jpg 768w, https:\/\/pfarrei-schwarzach-perasdorf.de\/wp-content\/uploads\/2023\/01\/2022-12-24-C-2-1024x683.jpg 1024w\" sizes=\"(max-width: 300px) 100vw, 300px\" \/><\/a><\/p>\n<p>&nbsp;<\/p>\n","protected":false},"excerpt":{"rendered":"<p>Liebe Eltern und Gr0\u00dfeltern, liebe Kinder! Jedes Jahr wollen wir die Weihnachtsgeschichte f\u00fcr Kinder und Kleinkinder lebendig werden lassen. Daher f\u00fchren wir in unseren beiden Pfarreien Perasdorf und Schwarzach am Hl. Abend Nachmittag je ein Kinderkrippenspiel auf. Rund um den Oktober werden, die Kinder, die mitspielen k\u00f6nnen von GR Martin Bartlreiher f\u00fcr Schwarzach, oder den &#8230; <span class=\"more\"><a class=\"more-link\" href=\"https:\/\/pfarrei-schwarzach-perasdorf.de\/?page_id=2138\">[weiterlesen&#8230;]<\/a><\/span><\/p>\n","protected":false},"author":9,"featured_media":0,"parent":1303,"menu_order":3,"comment_status":"closed","ping_status":"closed","template":"","meta":{"footnotes":""},"_links":{"self":[{"href":"https:\/\/pfarrei-schwarzach-perasdorf.de\/index.php?rest_route=\/wp\/v2\/pages\/2138"}],"collection":[{"href":"https:\/\/pfarrei-schwarzach-perasdorf.de\/index.php?rest_route=\/wp\/v2\/pages"}],"about":[{"href":"https:\/\/pfarrei-schwarzach-perasdorf.de\/index.php?rest_route=\/wp\/v2\/types\/page"}],"author":[{"embeddable":true,"href":"https:\/\/pfarrei-schwarzach-perasdorf.de\/index.php?rest_route=\/wp\/v2\/users\/9"}],"replies":[{"embeddable":true,"href":"https:\/\/pfarrei-schwarzach-perasdorf.de\/index.php?rest_route=%2Fwp%2Fv2%2Fcomments&post=2138"}],"version-history":[{"count":1,"href":"https:\/\/pfarrei-schwarzach-perasdorf.de\/index.php?rest_route=\/wp\/v2\/pages\/2138\/revisions"}],"predecessor-version":[{"id":2140,"href":"https:\/\/pfarrei-schwarzach-perasdorf.de\/index.php?rest_route=\/wp\/v2\/pages\/2138\/revisions\/2140"}],"up":[{"embeddable":true,"href":"https:\/\/pfarrei-schwarzach-perasdorf.de\/index.php?rest_route=\/wp\/v2\/pages\/1303"}],"wp:attachment":[{"href":"https:\/\/pfarrei-schwarzach-perasdorf.de\/index.php?rest_route=%2Fwp%2Fv2%2Fmedia&parent=2138"}],"curies":[{"name":"wp","href":"https:\/\/api.w.org\/{rel}","templated":true}]}}