{"id":2,"date":"2014-11-21T04:51:49","date_gmt":"2014-11-21T03:51:49","guid":{"rendered":"http:\/\/localhost\/wordpress-4.0.1\/wordpress\/?page_id=2"},"modified":"2023-02-02T15:01:21","modified_gmt":"2023-02-02T14:01:21","slug":"sample-page","status":"publish","type":"page","link":"https:\/\/pfarrei-schwarzach-perasdorf.de\/?page_id=2","title":{"rendered":"Schwarzach"},"content":{"rendered":"<p>Unsere Pfarrei ist ein Teil der Pfarreiengemeinschaft Schwarzach und Perasdorf und geh\u00f6rt zum Dekanat Straubing-Bogen, Bistum&nbsp;Regensburg.<\/p>\n<p>Wir freuen uns \u00fcber Ihr Interesse und m\u00f6chten Sie mit dieser Seite \u00fcber unser Pfarreileben, \u00fcber das Gottesdienstangebot und weitere Veranstaltungen informieren!<\/p>\n<p>Unsere sch\u00f6ne Barockkirche bietet auch \u00fcber die Gottesdienstzeiten hinaus Gelegenheit zum Innehalten, zum Gebet und zum Auftanken.<\/p>\n<p>Wir hoffen, dass Sie sich von unseren spirituellen Angeboten angesprochen f\u00fchlen und laden Sie herzlichst dazu ein.<\/p>\n<p>&nbsp;<\/p>\n<div class=\"csc-header csc-header-n1\">\n<p class=\"csc-firstHeader\">Unsere Pfarrei lebt besonders vom Engagement der Gl\u00e4ubigen.<br \/>\nIn den verschiedenen Gremien un den liturgischen Diensten k\u00f6nnen sich interessierte Gl\u00e4ubige einbringen und das Pfarreileben signifikant mitgestalten.<\/p>\n<p>Hier kommen Sie zu unseren Gremien:<\/p>\n<ul>\n<li><a href=\"https:\/\/pfarrei-schwarzach-perasdorf.de\/?page_id=30\">Pfarrgemeinderat<\/a><\/li>\n<li><a href=\"https:\/\/pfarrei-schwarzach-perasdorf.de\/?page_id=32\">Kirchenverwaltung<\/a><\/li>\n<\/ul>\n<p>&nbsp;<\/p>\n<\/div>\n<p>Liturgie ist der Dienst Gottes am Menschen und die Antwort des Menschen vor Gott.&nbsp; Eine Vielfalt von \u00c4mtern und Diensten bestimmen die Liturgie.<\/p>\n<p>\u201eInnerhalb eines Gottesdienstes gibt es besondere Dienste und Aufgaben, die von den Gl\u00e4ubigen \u00fcbernommen werden sollen. So wird das Anliegen der Liturgiekonstitution des Zweiten Vatikanischen Konzils, die t\u00e4tige Teilnahme umgesetzt. In der Aufgabenverteilung zeigt sich die Gliederung der Gemeinde und ihre Verantwortung f\u00fcr die gottesdienstliche Versammlung.<br \/>\nF\u00fcr verschiedene Arten von Gottesdiensten ergeben sich unterschiedliche Dienste, die von Frauen und M\u00e4nnern wahrgenommen werden:<\/p>\n<ul>\n<li><a href=\"http:\/\/pfarrei-schwarzach-perasdorf.de\/?page_id=94\">Lektoren<\/a><\/li>\n<li><a href=\"http:\/\/pfarrei-schwarzach-perasdorf.de\/?page_id=100\">Kommunionhelfer<\/a><\/li>\n<li><a href=\"http:\/\/pfarrei-schwarzach-perasdorf.de\/?page_id=67\">Ministranten<\/a><\/li>\n<\/ul>\n","protected":false},"excerpt":{"rendered":"<p>Unsere Pfarrei ist ein Teil der Pfarreiengemeinschaft Schwarzach und Perasdorf und geh\u00f6rt zum Dekanat Straubing-Bogen, Bistum&nbsp;Regensburg. Wir freuen uns \u00fcber Ihr Interesse und m\u00f6chten Sie mit dieser Seite \u00fcber unser Pfarreileben, \u00fcber das Gottesdienstangebot und weitere Veranstaltungen informieren! Unsere sch\u00f6ne Barockkirche bietet auch \u00fcber die Gottesdienstzeiten hinaus Gelegenheit zum Innehalten, zum Gebet und zum Auftanken. &#8230; <span class=\"more\"><a class=\"more-link\" href=\"https:\/\/pfarrei-schwarzach-perasdorf.de\/?page_id=2\">[weiterlesen&#8230;]<\/a><\/span><\/p>\n","protected":false},"author":1,"featured_media":0,"parent":0,"menu_order":1,"comment_status":"closed","ping_status":"closed","template":"page-full-width.php","meta":{"footnotes":""},"_links":{"self":[{"href":"https:\/\/pfarrei-schwarzach-perasdorf.de\/index.php?rest_route=\/wp\/v2\/pages\/2"}],"collection":[{"href":"https:\/\/pfarrei-schwarzach-perasdorf.de\/index.php?rest_route=\/wp\/v2\/pages"}],"about":[{"href":"https:\/\/pfarrei-schwarzach-perasdorf.de\/index.php?rest_route=\/wp\/v2\/types\/page"}],"author":[{"embeddable":true,"href":"https:\/\/pfarrei-schwarzach-perasdorf.de\/index.php?rest_route=\/wp\/v2\/users\/1"}],"replies":[{"embeddable":true,"href":"https:\/\/pfarrei-schwarzach-perasdorf.de\/index.php?rest_route=%2Fwp%2Fv2%2Fcomments&post=2"}],"version-history":[{"count":5,"href":"https:\/\/pfarrei-schwarzach-perasdorf.de\/index.php?rest_route=\/wp\/v2\/pages\/2\/revisions"}],"predecessor-version":[{"id":2217,"href":"https:\/\/pfarrei-schwarzach-perasdorf.de\/index.php?rest_route=\/wp\/v2\/pages\/2\/revisions\/2217"}],"wp:attachment":[{"href":"https:\/\/pfarrei-schwarzach-perasdorf.de\/index.php?rest_route=%2Fwp%2Fv2%2Fmedia&parent=2"}],"curies":[{"name":"wp","href":"https:\/\/api.w.org\/{rel}","templated":true}]}}