{"id":1892,"date":"2021-03-30T20:11:43","date_gmt":"2021-03-30T18:11:43","guid":{"rendered":"http:\/\/pfarrei-schwarzach-perasdorf.de\/?page_id=1892"},"modified":"2024-01-31T09:19:52","modified_gmt":"2024-01-31T08:19:52","slug":"die-kommunionkerze","status":"publish","type":"page","link":"https:\/\/pfarrei-schwarzach-perasdorf.de\/?page_id=1892","title":{"rendered":"Die Kommunionkerze"},"content":{"rendered":"<p>Hier die wichtigsten Infos zur Kommunionkerze:<\/p>\n<p>Ma\u00dfe der Kerze: 40cm x 4cm in wei\u00df<br \/>\nWichtig! In der Kerze muss unten ein Loch sein, damit sie auf den Dorn unserer Kerzenst\u00e4nder in der Kirche gestellt werden k\u00f6nnen!<\/p>\n<p>Motto: Du gehst mit!<br \/>\nSie k\u00f6nnen das Motto gerne mit verwenden, entweder als Motiv, oder auch den Spruch, k\u00f6nnen aber auch gerne ein ganz anderes Motiv w\u00e4hlen.<br \/>\nDas Motto mit dem Bildmotiv finden Sie auch auf <a href=\"https:\/\/www.bonifatiuswerk.de\/de\/aktionen\/erstkommunion\/\">https:\/\/www.bonifatiuswerk.de\/de\/aktionen\/erstkommunion\/<\/a><\/p>\n<p>Gestaltung des Motivs:<br \/>\nEs w\u00e4re sehr sinnvoll wenn der Name des Kindes auf der Kommunionkerze steht, auch das Datum w\u00e4re ganz sch\u00f6n.<br \/>\nDas Motiv sollte auch in jedem Fall ein Kreuz und\/oder Symbole f\u00fcr Brot und Wein enthalten. Gerne auch modern gestaltet.<br \/>\nWie die Kerze insgesamt gestaltet wird, ist Ihnen frei \u00fcberlassen.<br \/>\nHier ein paar Beispielbilder, wie eine Kerze aussehen kann:<\/p>\n<p><a href=\"http:\/\/pfarrei-schwarzach-perasdorf.de\/wp-content\/uploads\/2021\/03\/1.jpg\"><img loading=\"lazy\" decoding=\"async\" class=\"alignleft wp-image-1878 size-thumbnail\" src=\"http:\/\/pfarrei-schwarzach-perasdorf.de\/wp-content\/uploads\/2021\/03\/1-150x113.jpg\" alt=\"\" width=\"150\" height=\"113\" srcset=\"https:\/\/pfarrei-schwarzach-perasdorf.de\/wp-content\/uploads\/2021\/03\/1-150x113.jpg 150w, https:\/\/pfarrei-schwarzach-perasdorf.de\/wp-content\/uploads\/2021\/03\/1-300x225.jpg 300w, https:\/\/pfarrei-schwarzach-perasdorf.de\/wp-content\/uploads\/2021\/03\/1-768x576.jpg 768w, https:\/\/pfarrei-schwarzach-perasdorf.de\/wp-content\/uploads\/2021\/03\/1.jpg 794w\" sizes=\"(max-width: 150px) 100vw, 150px\" \/><\/a><a href=\"http:\/\/pfarrei-schwarzach-perasdorf.de\/wp-content\/uploads\/2021\/03\/4-e1617127407322.jpg\" rel=\"attachment wp-att-1881\"><img loading=\"lazy\" decoding=\"async\" class=\"alignleft wp-image-1881 size-thumbnail\" src=\"http:\/\/pfarrei-schwarzach-perasdorf.de\/wp-content\/uploads\/2021\/03\/4-e1617127407322-38x150.jpg\" alt=\"\" width=\"38\" height=\"150\" srcset=\"https:\/\/pfarrei-schwarzach-perasdorf.de\/wp-content\/uploads\/2021\/03\/4-e1617127407322-38x150.jpg 38w, https:\/\/pfarrei-schwarzach-perasdorf.de\/wp-content\/uploads\/2021\/03\/4-e1617127407322-262x1024.jpg 262w\" sizes=\"(max-width: 38px) 100vw, 38px\" \/><\/a><a href=\"http:\/\/pfarrei-schwarzach-perasdorf.de\/wp-content\/uploads\/2021\/03\/2-e1617127151441.jpg\" rel=\"attachment wp-att-1879\"><img loading=\"lazy\" decoding=\"async\" class=\"alignleft wp-image-1879 size-thumbnail\" src=\"http:\/\/pfarrei-schwarzach-perasdorf.de\/wp-content\/uploads\/2021\/03\/2-e1617127151441-26x150.jpg\" alt=\"\" width=\"26\" height=\"150\"><\/a><a href=\"http:\/\/pfarrei-schwarzach-perasdorf.de\/wp-content\/uploads\/2021\/03\/3.jpg\" rel=\"attachment wp-att-1880\"><img loading=\"lazy\" decoding=\"async\" class=\"alignleft wp-image-1880 size-thumbnail\" src=\"http:\/\/pfarrei-schwarzach-perasdorf.de\/wp-content\/uploads\/2021\/03\/3-150x150.jpg\" alt=\"\" width=\"150\" height=\"150\" srcset=\"https:\/\/pfarrei-schwarzach-perasdorf.de\/wp-content\/uploads\/2021\/03\/3-150x150.jpg 150w, https:\/\/pfarrei-schwarzach-perasdorf.de\/wp-content\/uploads\/2021\/03\/3-300x300.jpg 300w, https:\/\/pfarrei-schwarzach-perasdorf.de\/wp-content\/uploads\/2021\/03\/3.jpg 355w\" sizes=\"(max-width: 150px) 100vw, 150px\" \/><\/a><\/p>\n<p>&nbsp;<\/p>\n<p>&nbsp;<\/p>\n<p>&nbsp;<\/p>\n<p>&nbsp;<\/p>\n<p>Was Sie sonst noch f\u00fcr die Kerze brauchen:<br \/>\nEinen St\u00e4nder, um die Kerze auf dem Tisch abstellen zu k\u00f6nnen<br \/>\nEvtl. einen Tropfschutz<br \/>\nEin Buchskr\u00e4nzchen (ohne h\u00e4lt der Tropfschutz meiner Erfahrung nach nicht vern\u00fcnftig)<\/p>\n<p>Sie k\u00f6nnen die Kerzen gerne selbst mit Ihrem Kind zu Hause gestalten. Kerzenrohlinge und Wachsplatten sowie Buchstaben und Zahlen zum Bekleben bekommen Sie beispielsweise bei Haushaltswaren Biller in Schwarzach, oder anderen Bastelgesch\u00e4ften.<\/p>\n<p>Sie k\u00f6nnen sich aber auch eine Kerze gestalten lassen. Z.B. bei:<br \/>\n&#8211; Haushaltswaren Biller in Schwarzach (<a href=\"https:\/\/www.facebook.com\/Eisenwaren-Biller-1837193506309326\">https:\/\/www.facebook.com\/Eisenwaren-Biller-1837193506309326<\/a>)<br \/>\n&#8211; <a href=\"https:\/\/www.arte-maria.de\/bonifatiuswerk-leitmotto-leitwort-2022-bei-mir-bist-du-gross-wachsbild-bastelset-kommunionkerze-selbst-basteln-sascha-aehren-weizen.html\">https:\/\/www.arte-maria.de\/<\/a><\/p>\n<p>Schauen Sie sich um, es gibt eine gro\u00dfe Auswahl, oder lassen Sie sich pers\u00f6nlich beraten.<\/p>\n<p>&nbsp;<\/p>\n<p style=\"padding-left: 30px;\"><strong>Gemeinsames basteln:<\/strong><\/p>\n<p>Mit Frau Biller, von Haushaltswaren Biller, wird ein gemeinsamer Nachmittag zum Kerzenbasteln angeboten.<br \/>\n<strong>Termin wird demn\u00e4chst bekannt gegeben<\/strong><br \/>\nMelden Sie sich dann bitte sp\u00e4testens bis zum 2. Elternabend f\u00fcr das gemeinsame Basteln bei Hr. Bartlreiher (martinbartlreiher@gmx.net) an. Frau Biller wird ein paar Motive zur Auswahl zusammenstellen, die dann an Sie weitergeleitet werden. Am Elternabend k\u00f6nnen Sie dann angeben welches Motiv die Kinder ausgew\u00e4hlt haben und welche Farbw\u00fcnsche die Kinder haben, damit Fr Biller das Material entsprechend vorbereiten kann.<\/p>\n<p>&nbsp;<\/p>\n<p>Viel Spa\u00df beim Aussuchen und\/oder Basteln<\/p>\n","protected":false},"excerpt":{"rendered":"<p>Hier die wichtigsten Infos zur Kommunionkerze: Ma\u00dfe der Kerze: 40cm x 4cm in wei\u00df Wichtig! In der Kerze muss unten ein Loch sein, damit sie auf den Dorn unserer Kerzenst\u00e4nder in der Kirche gestellt werden k\u00f6nnen! Motto: Du gehst mit! Sie k\u00f6nnen das Motto gerne mit verwenden, entweder als Motiv, oder auch den Spruch, k\u00f6nnen &#8230; <span class=\"more\"><a class=\"more-link\" href=\"https:\/\/pfarrei-schwarzach-perasdorf.de\/?page_id=1892\">[weiterlesen&#8230;]<\/a><\/span><\/p>\n","protected":false},"author":9,"featured_media":0,"parent":1280,"menu_order":0,"comment_status":"closed","ping_status":"closed","template":"","meta":{"footnotes":""},"_links":{"self":[{"href":"https:\/\/pfarrei-schwarzach-perasdorf.de\/index.php?rest_route=\/wp\/v2\/pages\/1892"}],"collection":[{"href":"https:\/\/pfarrei-schwarzach-perasdorf.de\/index.php?rest_route=\/wp\/v2\/pages"}],"about":[{"href":"https:\/\/pfarrei-schwarzach-perasdorf.de\/index.php?rest_route=\/wp\/v2\/types\/page"}],"author":[{"embeddable":true,"href":"https:\/\/pfarrei-schwarzach-perasdorf.de\/index.php?rest_route=\/wp\/v2\/users\/9"}],"replies":[{"embeddable":true,"href":"https:\/\/pfarrei-schwarzach-perasdorf.de\/index.php?rest_route=%2Fwp%2Fv2%2Fcomments&post=1892"}],"version-history":[{"count":8,"href":"https:\/\/pfarrei-schwarzach-perasdorf.de\/index.php?rest_route=\/wp\/v2\/pages\/1892\/revisions"}],"predecessor-version":[{"id":2441,"href":"https:\/\/pfarrei-schwarzach-perasdorf.de\/index.php?rest_route=\/wp\/v2\/pages\/1892\/revisions\/2441"}],"up":[{"embeddable":true,"href":"https:\/\/pfarrei-schwarzach-perasdorf.de\/index.php?rest_route=\/wp\/v2\/pages\/1280"}],"wp:attachment":[{"href":"https:\/\/pfarrei-schwarzach-perasdorf.de\/index.php?rest_route=%2Fwp%2Fv2%2Fmedia&parent=1892"}],"curies":[{"name":"wp","href":"https:\/\/api.w.org\/{rel}","templated":true}]}}