{"id":1853,"date":"2021-03-23T14:35:20","date_gmt":"2021-03-23T13:35:20","guid":{"rendered":"http:\/\/pfarrei-schwarzach-perasdorf.de\/?page_id=1853"},"modified":"2021-03-23T14:33:21","modified_gmt":"2021-03-23T13:33:21","slug":"1853-2","status":"publish","type":"page","link":"https:\/\/pfarrei-schwarzach-perasdorf.de\/?page_id=1853","title":{"rendered":"2021 Teil 3 &#8211; Gott schenkt Gesundheit und Heil"},"content":{"rendered":"<p>Liebe Teilnehmer der Exerzitien,<br \/>\nhier finden sie nun wieder alle Materialien, die sie F\u00fcr den letzten Teil der Exerzitien ben\u00f6tigen. Zuerst finden sie die Audiodateien zu den Exerzitien, weiter unten finden sie dann Text- und Bilddateien, die Sie f\u00fcr die Exerzitien ben\u00f6tigen sowie einen Link der sie zu einer Musikdatei f\u00fchrt. (aufgepasst, es kann sein, dass die Musik mit einer Werbung startet)<br \/>\nBereiten sie die Text und Bilddatein am besten schon vorher her (auf dem Pc \u00f6ffnen oder ausdrucken), damit sie w\u00e4hrend der Meditation nicht unterbrechen m\u00fcssen.<\/p>\n<p>Viel Spa\u00df!<br \/>\nIhr Gemeindereferent Martin Bartlreiher<\/p>\n<p><strong>1 Bevor wir beginnen<\/strong><\/p>\n<!--[if lt IE 9]><script>document.createElement('audio');<\/script><![endif]-->\n<audio class=\"wp-audio-shortcode\" id=\"audio-1853-1\" preload=\"none\" style=\"width: 100%;\" controls=\"controls\"><source type=\"audio\/mpeg\" src=\"http:\/\/pfarrei-schwarzach-perasdorf.de\/wp-content\/uploads\/2021\/03\/1-Bevor-wir-beginnen-1.mp3?_=1\" \/><a href=\"http:\/\/pfarrei-schwarzach-perasdorf.de\/wp-content\/uploads\/2021\/03\/1-Bevor-wir-beginnen-1.mp3\">http:\/\/pfarrei-schwarzach-perasdorf.de\/wp-content\/uploads\/2021\/03\/1-Bevor-wir-beginnen-1.mp3<\/a><\/audio>\n<p>&nbsp;<\/p>\n<p><strong>2 Einf\u00fchrung und Gebet<\/strong><\/p>\n<audio class=\"wp-audio-shortcode\" id=\"audio-1853-2\" preload=\"none\" style=\"width: 100%;\" controls=\"controls\"><source type=\"audio\/mpeg\" src=\"http:\/\/pfarrei-schwarzach-perasdorf.de\/wp-content\/uploads\/2021\/03\/2-Einf\u00fchrung-und-Gebet.mp3?_=2\" \/><a href=\"http:\/\/pfarrei-schwarzach-perasdorf.de\/wp-content\/uploads\/2021\/03\/2-Einf\u00fchrung-und-Gebet.mp3\">http:\/\/pfarrei-schwarzach-perasdorf.de\/wp-content\/uploads\/2021\/03\/2-Einf\u00fchrung-und-Gebet.mp3<\/a><\/audio>\n<p>&nbsp;<\/p>\n<p><strong>3 Meditation<\/strong><\/p>\n<audio class=\"wp-audio-shortcode\" id=\"audio-1853-3\" preload=\"none\" style=\"width: 100%;\" controls=\"controls\"><source type=\"audio\/mpeg\" src=\"http:\/\/pfarrei-schwarzach-perasdorf.de\/wp-content\/uploads\/2021\/03\/3-Meditation.mp3?_=3\" \/><a href=\"http:\/\/pfarrei-schwarzach-perasdorf.de\/wp-content\/uploads\/2021\/03\/3-Meditation.mp3\">http:\/\/pfarrei-schwarzach-perasdorf.de\/wp-content\/uploads\/2021\/03\/3-Meditation.mp3<\/a><\/audio>\n<p>&nbsp;<\/p>\n<p><strong>4 Bibeltext und Erschlie\u00dfung<\/strong><\/p>\n<audio class=\"wp-audio-shortcode\" id=\"audio-1853-4\" preload=\"none\" style=\"width: 100%;\" controls=\"controls\"><source type=\"audio\/mpeg\" src=\"http:\/\/pfarrei-schwarzach-perasdorf.de\/wp-content\/uploads\/2021\/03\/4-Bibeltext-und-Erschlie\u00dfung.mp3?_=4\" \/><a href=\"http:\/\/pfarrei-schwarzach-perasdorf.de\/wp-content\/uploads\/2021\/03\/4-Bibeltext-und-Erschlie\u00dfung.mp3\">http:\/\/pfarrei-schwarzach-perasdorf.de\/wp-content\/uploads\/2021\/03\/4-Bibeltext-und-Erschlie\u00dfung.mp3<\/a><\/audio>\n<p>&nbsp;<\/p>\n<p><strong>5 Bildbetrachtung<\/strong><\/p>\n<audio class=\"wp-audio-shortcode\" id=\"audio-1853-5\" preload=\"none\" style=\"width: 100%;\" controls=\"controls\"><source type=\"audio\/mpeg\" src=\"http:\/\/pfarrei-schwarzach-perasdorf.de\/wp-content\/uploads\/2021\/03\/5-Bildbetrachtung.mp3?_=5\" \/><a href=\"http:\/\/pfarrei-schwarzach-perasdorf.de\/wp-content\/uploads\/2021\/03\/5-Bildbetrachtung.mp3\">http:\/\/pfarrei-schwarzach-perasdorf.de\/wp-content\/uploads\/2021\/03\/5-Bildbetrachtung.mp3<\/a><\/audio>\n<p>&nbsp;<\/p>\n<p><strong>6 Abschluss<\/strong><\/p>\n<audio class=\"wp-audio-shortcode\" id=\"audio-1853-6\" preload=\"none\" style=\"width: 100%;\" controls=\"controls\"><source type=\"audio\/mpeg\" src=\"http:\/\/pfarrei-schwarzach-perasdorf.de\/wp-content\/uploads\/2021\/03\/6-Abschluss.mp3?_=6\" \/><a href=\"http:\/\/pfarrei-schwarzach-perasdorf.de\/wp-content\/uploads\/2021\/03\/6-Abschluss.mp3\">http:\/\/pfarrei-schwarzach-perasdorf.de\/wp-content\/uploads\/2021\/03\/6-Abschluss.mp3<\/a><\/audio>\n<p>&nbsp;<\/p>\n<p><a href=\"http:\/\/pfarrei-schwarzach-perasdorf.de\/wp-content\/uploads\/2021\/03\/Bibeltext-und-Gebet-um-Gesundheit-und-Heil.pdf\">Bibeltext und Gebet um Gesundheit und Heil<\/a><\/p>\n<p><a href=\"http:\/\/pfarrei-schwarzach-perasdorf.de\/wp-content\/uploads\/2021\/03\/Bild-Kreuz.pdf\">Bild Kreuz<\/a><\/p>\n<p><a href=\"https:\/\/www.youtube.com\/watch?v=vEoV782xJf0\">Entspannungsmusik<\/a><\/p>\n","protected":false},"excerpt":{"rendered":"<p>Liebe Teilnehmer der Exerzitien, hier finden sie nun wieder alle Materialien, die sie F\u00fcr den letzten Teil der Exerzitien ben\u00f6tigen. Zuerst finden sie die Audiodateien zu den Exerzitien, weiter unten finden sie dann Text- und Bilddateien, die Sie f\u00fcr die Exerzitien ben\u00f6tigen sowie einen Link der sie zu einer Musikdatei f\u00fchrt. (aufgepasst, es kann sein, &#8230; <span class=\"more\"><a class=\"more-link\" href=\"https:\/\/pfarrei-schwarzach-perasdorf.de\/?page_id=1853\">[weiterlesen&#8230;]<\/a><\/span><\/p>\n","protected":false},"author":9,"featured_media":0,"parent":1527,"menu_order":3,"comment_status":"closed","ping_status":"closed","template":"","meta":{"footnotes":""},"_links":{"self":[{"href":"https:\/\/pfarrei-schwarzach-perasdorf.de\/index.php?rest_route=\/wp\/v2\/pages\/1853"}],"collection":[{"href":"https:\/\/pfarrei-schwarzach-perasdorf.de\/index.php?rest_route=\/wp\/v2\/pages"}],"about":[{"href":"https:\/\/pfarrei-schwarzach-perasdorf.de\/index.php?rest_route=\/wp\/v2\/types\/page"}],"author":[{"embeddable":true,"href":"https:\/\/pfarrei-schwarzach-perasdorf.de\/index.php?rest_route=\/wp\/v2\/users\/9"}],"replies":[{"embeddable":true,"href":"https:\/\/pfarrei-schwarzach-perasdorf.de\/index.php?rest_route=%2Fwp%2Fv2%2Fcomments&post=1853"}],"version-history":[{"count":3,"href":"https:\/\/pfarrei-schwarzach-perasdorf.de\/index.php?rest_route=\/wp\/v2\/pages\/1853\/revisions"}],"predecessor-version":[{"id":1866,"href":"https:\/\/pfarrei-schwarzach-perasdorf.de\/index.php?rest_route=\/wp\/v2\/pages\/1853\/revisions\/1866"}],"up":[{"embeddable":true,"href":"https:\/\/pfarrei-schwarzach-perasdorf.de\/index.php?rest_route=\/wp\/v2\/pages\/1527"}],"wp:attachment":[{"href":"https:\/\/pfarrei-schwarzach-perasdorf.de\/index.php?rest_route=%2Fwp%2Fv2%2Fmedia&parent=1853"}],"curies":[{"name":"wp","href":"https:\/\/api.w.org\/{rel}","templated":true}]}}