{"id":1835,"date":"2021-03-09T16:00:20","date_gmt":"2021-03-09T15:00:20","guid":{"rendered":"http:\/\/pfarrei-schwarzach-perasdorf.de\/?page_id=1835"},"modified":"2021-03-04T18:33:52","modified_gmt":"2021-03-04T17:33:52","slug":"2021-teil-2-gott-schenkt-gesundheit-und-heil","status":"publish","type":"page","link":"https:\/\/pfarrei-schwarzach-perasdorf.de\/?page_id=1835","title":{"rendered":"2021 Teil 2 &#8211; Gott schenkt Gesundheit und Heil"},"content":{"rendered":"<p>Liebe Teilnehmer der Exerzitien,<br \/>\nhier finden sie nun wieder alle Materialien, die sie F\u00fcr den zweiten Teil der Exerzitien ben\u00f6tigen. Zuerst finden sie die Audiodateien zu den Exerzitien, weiter unten finden sie dann Text- und Bilddateien, die Sie f\u00fcr die Exerzitien ben\u00f6tigen sowie einen Link der sie zu einer Musikdatei f\u00fchrt. (aufgepasst, es kann sein, dass die Musik mit einer Werbung startet)<br \/>\nBereiten sie die Text und Bilddatein am besten schon vorher her (auf dem Pc \u00f6ffnen oder ausdrucken), damit sie w\u00e4hrend der Meditation nicht unterbrechen m\u00fcssen.<\/p>\n<p>Viel Spa\u00df!<br \/>\nIhr Gemeindereferent Martin Bartlreiher<\/p>\n<p>&nbsp;<\/p>\n<p><strong>Bevor wir beginnen:<\/strong><\/p>\n<!--[if lt IE 9]><script>document.createElement('audio');<\/script><![endif]-->\n<audio class=\"wp-audio-shortcode\" id=\"audio-1835-1\" preload=\"none\" style=\"width: 100%;\" controls=\"controls\"><source type=\"audio\/mpeg\" src=\"http:\/\/pfarrei-schwarzach-perasdorf.de\/wp-content\/uploads\/2021\/03\/1-Bevor-wir-beginnen.mp3?_=1\" \/><a href=\"http:\/\/pfarrei-schwarzach-perasdorf.de\/wp-content\/uploads\/2021\/03\/1-Bevor-wir-beginnen.mp3\">http:\/\/pfarrei-schwarzach-perasdorf.de\/wp-content\/uploads\/2021\/03\/1-Bevor-wir-beginnen.mp3<\/a><\/audio>\n<p>&nbsp;<\/p>\n<p><strong>Teil 1:<\/strong><\/p>\n<audio class=\"wp-audio-shortcode\" id=\"audio-1835-2\" preload=\"none\" style=\"width: 100%;\" controls=\"controls\"><source type=\"audio\/mpeg\" src=\"http:\/\/pfarrei-schwarzach-perasdorf.de\/wp-content\/uploads\/2021\/03\/2-Einf\u00fchrung.mp3?_=2\" \/><a href=\"http:\/\/pfarrei-schwarzach-perasdorf.de\/wp-content\/uploads\/2021\/03\/2-Einf\u00fchrung.mp3\">http:\/\/pfarrei-schwarzach-perasdorf.de\/wp-content\/uploads\/2021\/03\/2-Einf\u00fchrung.mp3<\/a><\/audio>\n<p>&nbsp;<\/p>\n<p><strong>Teil 2:<\/strong><\/p>\n<audio class=\"wp-audio-shortcode\" id=\"audio-1835-3\" preload=\"none\" style=\"width: 100%;\" controls=\"controls\"><source type=\"audio\/mpeg\" src=\"http:\/\/pfarrei-schwarzach-perasdorf.de\/wp-content\/uploads\/2021\/03\/3-Tagesr\u00fcckblick.mp3?_=3\" \/><a href=\"http:\/\/pfarrei-schwarzach-perasdorf.de\/wp-content\/uploads\/2021\/03\/3-Tagesr\u00fcckblick.mp3\">http:\/\/pfarrei-schwarzach-perasdorf.de\/wp-content\/uploads\/2021\/03\/3-Tagesr\u00fcckblick.mp3<\/a><\/audio>\n<p>&nbsp;<\/p>\n<p><strong>Teil 3:<\/strong><\/p>\n<audio class=\"wp-audio-shortcode\" id=\"audio-1835-4\" preload=\"none\" style=\"width: 100%;\" controls=\"controls\"><source type=\"audio\/mpeg\" src=\"http:\/\/pfarrei-schwarzach-perasdorf.de\/wp-content\/uploads\/2021\/03\/4-Gebet.mp3?_=4\" \/><a href=\"http:\/\/pfarrei-schwarzach-perasdorf.de\/wp-content\/uploads\/2021\/03\/4-Gebet.mp3\">http:\/\/pfarrei-schwarzach-perasdorf.de\/wp-content\/uploads\/2021\/03\/4-Gebet.mp3<\/a><\/audio>\n<p>&nbsp;<\/p>\n<p><strong>Teil 4:<\/strong><\/p>\n<audio class=\"wp-audio-shortcode\" id=\"audio-1835-5\" preload=\"none\" style=\"width: 100%;\" controls=\"controls\"><source type=\"audio\/mpeg\" src=\"http:\/\/pfarrei-schwarzach-perasdorf.de\/wp-content\/uploads\/2021\/03\/5-Bibelstelle.mp3?_=5\" \/><a href=\"http:\/\/pfarrei-schwarzach-perasdorf.de\/wp-content\/uploads\/2021\/03\/5-Bibelstelle.mp3\">http:\/\/pfarrei-schwarzach-perasdorf.de\/wp-content\/uploads\/2021\/03\/5-Bibelstelle.mp3<\/a><\/audio>\n<p>&nbsp;<\/p>\n<p><strong>Teil 5:<\/strong><\/p>\n<audio class=\"wp-audio-shortcode\" id=\"audio-1835-6\" preload=\"none\" style=\"width: 100%;\" controls=\"controls\"><source type=\"audio\/mpeg\" src=\"http:\/\/pfarrei-schwarzach-perasdorf.de\/wp-content\/uploads\/2021\/03\/6-Besch\u00e4ftigung-mit-der-Bibelstelle.mp3?_=6\" \/><a href=\"http:\/\/pfarrei-schwarzach-perasdorf.de\/wp-content\/uploads\/2021\/03\/6-Besch\u00e4ftigung-mit-der-Bibelstelle.mp3\">http:\/\/pfarrei-schwarzach-perasdorf.de\/wp-content\/uploads\/2021\/03\/6-Besch\u00e4ftigung-mit-der-Bibelstelle.mp3<\/a><\/audio>\n<p>&nbsp;<\/p>\n<p><strong>Teil 6:<\/strong><\/p>\n<audio class=\"wp-audio-shortcode\" id=\"audio-1835-7\" preload=\"none\" style=\"width: 100%;\" controls=\"controls\"><source type=\"audio\/mpeg\" src=\"http:\/\/pfarrei-schwarzach-perasdorf.de\/wp-content\/uploads\/2021\/03\/7-Bildmeditation.mp3?_=7\" \/><a href=\"http:\/\/pfarrei-schwarzach-perasdorf.de\/wp-content\/uploads\/2021\/03\/7-Bildmeditation.mp3\">http:\/\/pfarrei-schwarzach-perasdorf.de\/wp-content\/uploads\/2021\/03\/7-Bildmeditation.mp3<\/a><\/audio>\n<p>&nbsp;<\/p>\n<p><strong>Teil 7:<\/strong><\/p>\n<audio class=\"wp-audio-shortcode\" id=\"audio-1835-8\" preload=\"none\" style=\"width: 100%;\" controls=\"controls\"><source type=\"audio\/mpeg\" src=\"http:\/\/pfarrei-schwarzach-perasdorf.de\/wp-content\/uploads\/2021\/03\/8-Abschluss.mp3?_=8\" \/><a href=\"http:\/\/pfarrei-schwarzach-perasdorf.de\/wp-content\/uploads\/2021\/03\/8-Abschluss.mp3\">http:\/\/pfarrei-schwarzach-perasdorf.de\/wp-content\/uploads\/2021\/03\/8-Abschluss.mp3<\/a><\/audio>\n<p>&nbsp;<\/p>\n<p><a href=\"http:\/\/pfarrei-schwarzach-perasdorf.de\/wp-content\/uploads\/2021\/03\/Gebet-zum-Tagesr\u00fcckblick-und-um-Gesundheit-und-Heil.pdf\">Gebet zum Tagesr\u00fcckblick und um Gesundheit und Heil<\/a><\/p>\n<p><a href=\"http:\/\/pfarrei-schwarzach-perasdorf.de\/wp-content\/uploads\/2021\/03\/Zach\u00e4us.pdf\">Bild<\/a><\/p>\n<p><a href=\"http:\/\/pfarrei-schwarzach-perasdorf.de\/wp-content\/uploads\/2021\/03\/Bibelstelle.pdf\">Bibelstelle Lk 19,1-10<\/a><\/p>\n<p><a href=\"https:\/\/www.youtube.com\/watch?v=vEoV782xJf0\">Entspannungsmusik<\/a><\/p>\n","protected":false},"excerpt":{"rendered":"<p>Liebe Teilnehmer der Exerzitien, hier finden sie nun wieder alle Materialien, die sie F\u00fcr den zweiten Teil der Exerzitien ben\u00f6tigen. Zuerst finden sie die Audiodateien zu den Exerzitien, weiter unten finden sie dann Text- und Bilddateien, die Sie f\u00fcr die Exerzitien ben\u00f6tigen sowie einen Link der sie zu einer Musikdatei f\u00fchrt. (aufgepasst, es kann sein, &#8230; <span class=\"more\"><a class=\"more-link\" href=\"https:\/\/pfarrei-schwarzach-perasdorf.de\/?page_id=1835\">[weiterlesen&#8230;]<\/a><\/span><\/p>\n","protected":false},"author":9,"featured_media":0,"parent":1527,"menu_order":0,"comment_status":"closed","ping_status":"closed","template":"","meta":{"footnotes":""},"_links":{"self":[{"href":"https:\/\/pfarrei-schwarzach-perasdorf.de\/index.php?rest_route=\/wp\/v2\/pages\/1835"}],"collection":[{"href":"https:\/\/pfarrei-schwarzach-perasdorf.de\/index.php?rest_route=\/wp\/v2\/pages"}],"about":[{"href":"https:\/\/pfarrei-schwarzach-perasdorf.de\/index.php?rest_route=\/wp\/v2\/types\/page"}],"author":[{"embeddable":true,"href":"https:\/\/pfarrei-schwarzach-perasdorf.de\/index.php?rest_route=\/wp\/v2\/users\/9"}],"replies":[{"embeddable":true,"href":"https:\/\/pfarrei-schwarzach-perasdorf.de\/index.php?rest_route=%2Fwp%2Fv2%2Fcomments&post=1835"}],"version-history":[{"count":3,"href":"https:\/\/pfarrei-schwarzach-perasdorf.de\/index.php?rest_route=\/wp\/v2\/pages\/1835\/revisions"}],"predecessor-version":[{"id":1849,"href":"https:\/\/pfarrei-schwarzach-perasdorf.de\/index.php?rest_route=\/wp\/v2\/pages\/1835\/revisions\/1849"}],"up":[{"embeddable":true,"href":"https:\/\/pfarrei-schwarzach-perasdorf.de\/index.php?rest_route=\/wp\/v2\/pages\/1527"}],"wp:attachment":[{"href":"https:\/\/pfarrei-schwarzach-perasdorf.de\/index.php?rest_route=%2Fwp%2Fv2%2Fmedia&parent=1835"}],"curies":[{"name":"wp","href":"https:\/\/api.w.org\/{rel}","templated":true}]}}