{"id":1813,"date":"2021-02-18T17:24:45","date_gmt":"2021-02-18T16:24:45","guid":{"rendered":"http:\/\/pfarrei-schwarzach-perasdorf.de\/?page_id=1813"},"modified":"2025-07-25T22:43:33","modified_gmt":"2025-07-25T20:43:33","slug":"regelmaessiges-gottesdienstangebot","status":"publish","type":"page","link":"https:\/\/pfarrei-schwarzach-perasdorf.de\/?page_id=1813","title":{"rendered":"Regelm\u00e4\u00dfiges Gottesdienstangebot"},"content":{"rendered":"<p>In unserer Pfarreiengemeinschaftgibt es folgendes regelm\u00e4\u00dfige Gottesdienstangebot:<\/p>\n<p><strong>Dienstag 19.00 Uhr:<\/strong>\u00a0 \u00a0 \u00a0 \u00a0 Werktagsmesse in Perasdorf St. Laurentius<br \/>\n<strong>Mittwoch 19.00 Uhr:<\/strong>\u00a0 \u00a0 \u00a0 \u00a0Werktagsmesse in Schwarzach\u00a0Klinikkapelle<br \/>\n<strong>Donnerstag 19.00 Uhr:\u00a0<\/strong>\u00a0 Werktagsmesse in Schwarzach Klinikkapelle<br \/>\n<strong>Freitag 8.30 Uhr: <\/strong>\u00a0\u00a0\u00a0\u00a0\u00a0\u00a0\u00a0\u00a0\u00a0\u00a0\u00a0 Hausfrauen- und Seniorenmesse in Schwarzach Klinikkapelle anschlie\u00dfend<br \/>\ngemeinsames Fr\u00fchst\u00fcck<br \/>\n<strong>Samstag 18.00 Uhr\u00a0\u00a0<\/strong>\u00a0 \u00a0 \u00a0 \u00a0Vorabendmesse in Schwarzach St. Martin<\/p>\n<p><strong>Sonntag 8.30 Uhr:\u00a0\u00a0\u00a0<\/strong>\u00a0\u00a0\u00a0\u00a0\u00a0\u00a0\u00a0 Sonntagsgottesdienst in Perasdorf St. Laurentius<br \/>\n<strong>10.00 Uhr:<\/strong>\u00a0\u00a0\u00a0\u00a0\u00a0\u00a0\u00a0\u00a0 Sonntagsgottesdienst in Schwarzach St. Martin<\/p>\n<p>Bitte beachten Sie:<br \/>\nFindet eine Beerdigung statt, dann entf\u00e4llt oft der Gottesdienst am entsprechenden Werktag.<br \/>\nIn den gepr\u00e4gten Zeiten k\u00f6nnen Werktagsmessen durch Maiandachten, Kreuzwege, etc. ersetzt sein. Au\u00dferdem gibt es noch weitere zus\u00e4tzliche Angebote.<br \/>\nBeachten Sie bitte den Pfarrbrief\u00a0 und die untergeordneten Seiten f\u00fcr weitere Informationen.<\/p>\n","protected":false},"excerpt":{"rendered":"<p>In unserer Pfarreiengemeinschaftgibt es folgendes regelm\u00e4\u00dfige Gottesdienstangebot: Dienstag 19.00 Uhr:\u00a0 \u00a0 \u00a0 \u00a0 Werktagsmesse in Perasdorf St. Laurentius Mittwoch 19.00 Uhr:\u00a0 \u00a0 \u00a0 \u00a0Werktagsmesse in Schwarzach\u00a0Klinikkapelle Donnerstag 19.00 Uhr:\u00a0\u00a0 Werktagsmesse in Schwarzach Klinikkapelle Freitag 8.30 Uhr: \u00a0\u00a0\u00a0\u00a0\u00a0\u00a0\u00a0\u00a0\u00a0\u00a0\u00a0 Hausfrauen- und Seniorenmesse in Schwarzach Klinikkapelle anschlie\u00dfend gemeinsames Fr\u00fchst\u00fcck Samstag 18.00 Uhr\u00a0\u00a0\u00a0 \u00a0 \u00a0 \u00a0Vorabendmesse in Schwarzach St. &#8230; <span class=\"more\"><a class=\"more-link\" href=\"https:\/\/pfarrei-schwarzach-perasdorf.de\/?page_id=1813\">[weiterlesen&#8230;]<\/a><\/span><\/p>\n","protected":false},"author":9,"featured_media":0,"parent":1799,"menu_order":0,"comment_status":"closed","ping_status":"closed","template":"","meta":{"footnotes":""},"_links":{"self":[{"href":"https:\/\/pfarrei-schwarzach-perasdorf.de\/index.php?rest_route=\/wp\/v2\/pages\/1813"}],"collection":[{"href":"https:\/\/pfarrei-schwarzach-perasdorf.de\/index.php?rest_route=\/wp\/v2\/pages"}],"about":[{"href":"https:\/\/pfarrei-schwarzach-perasdorf.de\/index.php?rest_route=\/wp\/v2\/types\/page"}],"author":[{"embeddable":true,"href":"https:\/\/pfarrei-schwarzach-perasdorf.de\/index.php?rest_route=\/wp\/v2\/users\/9"}],"replies":[{"embeddable":true,"href":"https:\/\/pfarrei-schwarzach-perasdorf.de\/index.php?rest_route=%2Fwp%2Fv2%2Fcomments&post=1813"}],"version-history":[{"count":3,"href":"https:\/\/pfarrei-schwarzach-perasdorf.de\/index.php?rest_route=\/wp\/v2\/pages\/1813\/revisions"}],"predecessor-version":[{"id":2984,"href":"https:\/\/pfarrei-schwarzach-perasdorf.de\/index.php?rest_route=\/wp\/v2\/pages\/1813\/revisions\/2984"}],"up":[{"embeddable":true,"href":"https:\/\/pfarrei-schwarzach-perasdorf.de\/index.php?rest_route=\/wp\/v2\/pages\/1799"}],"wp:attachment":[{"href":"https:\/\/pfarrei-schwarzach-perasdorf.de\/index.php?rest_route=%2Fwp%2Fv2%2Fmedia&parent=1813"}],"curies":[{"name":"wp","href":"https:\/\/api.w.org\/{rel}","templated":true}]}}