{"id":1665,"date":"2020-10-27T17:36:57","date_gmt":"2020-10-27T16:36:57","guid":{"rendered":"http:\/\/pfarrei-schwarzach-perasdorf.de\/?page_id=1665"},"modified":"2025-07-25T22:57:29","modified_gmt":"2025-07-25T20:57:29","slug":"krankenkommunion","status":"publish","type":"page","link":"https:\/\/pfarrei-schwarzach-perasdorf.de\/?page_id=1665","title":{"rendered":"Krankenkommunion"},"content":{"rendered":"<p>Oft gibt es Gemeindemitglieder, die noch gerne die sonnt\u00e4gliche Messefeier, oder Werktagsgottesdienste besuchen m\u00f6chten, aber aus verschiedenen Gr\u00fcnden, sei es Alter oder Krankheit, nicht mehr teilnehmen k\u00f6nnen.<br \/>\nGerade diese Menschen m\u00f6chten wir begleiten und bieten daher den Empfang der Kommunion in ihrem Zuhause an.<\/p>\n<p>Jesus Christus will zu Ihnen kommen und Sie st\u00e4rken, egal wo Sie sind und gerade wenn es Ihnen nicht gut geht. Auf diese Weise sp\u00fcren wir, dass wir alle eine gro\u00dfe Gemeinschaft sind und jeder einen Platz am Tisch des Herrn hat, egal von welchem Ort aus.<br \/>\nHierzu kommen wir einmal im Monat zu Ihnen nach Hause. Im Pfarrbrief erfahren Sie, an welchen Tagen wir mit der Krankenkommunion unterwegs sind. Eine genaue Uhrzeit f\u00fcr den Besuch machen wir zuvor mit Ihnen aus.<\/p>\n<p>Niemand muss ein schlechtes Gewissen haben, diesen Dienst in Anspruch zu nehmen. Wir bieten ihn sehr gerne f\u00fcr alle Personen unserer Pfarreiengemeinschaft an und sei es auch nur kurzfristig aufgrund akuter Umst\u00e4nde.<\/p>\n<p>Wenn Sie f\u00fcr sich oder einen Angeh\u00f6rigen die Krankenkommunion w\u00fcnschen, oder Fragen dazu haben wenden Sie sich bitte an einen unserer Seelsorger oder ans Pfarrb\u00fcro.<\/p>\n","protected":false},"excerpt":{"rendered":"<p>Oft gibt es Gemeindemitglieder, die noch gerne die sonnt\u00e4gliche Messefeier, oder Werktagsgottesdienste besuchen m\u00f6chten, aber aus verschiedenen Gr\u00fcnden, sei es Alter oder Krankheit, nicht mehr teilnehmen k\u00f6nnen. Gerade diese Menschen m\u00f6chten wir begleiten und bieten daher den Empfang der Kommunion in ihrem Zuhause an. Jesus Christus will zu Ihnen kommen und Sie st\u00e4rken, egal wo &#8230; <span class=\"more\"><a class=\"more-link\" href=\"https:\/\/pfarrei-schwarzach-perasdorf.de\/?page_id=1665\">[weiterlesen&#8230;]<\/a><\/span><\/p>\n","protected":false},"author":9,"featured_media":0,"parent":1659,"menu_order":0,"comment_status":"closed","ping_status":"closed","template":"","meta":{"footnotes":""},"_links":{"self":[{"href":"https:\/\/pfarrei-schwarzach-perasdorf.de\/index.php?rest_route=\/wp\/v2\/pages\/1665"}],"collection":[{"href":"https:\/\/pfarrei-schwarzach-perasdorf.de\/index.php?rest_route=\/wp\/v2\/pages"}],"about":[{"href":"https:\/\/pfarrei-schwarzach-perasdorf.de\/index.php?rest_route=\/wp\/v2\/types\/page"}],"author":[{"embeddable":true,"href":"https:\/\/pfarrei-schwarzach-perasdorf.de\/index.php?rest_route=\/wp\/v2\/users\/9"}],"replies":[{"embeddable":true,"href":"https:\/\/pfarrei-schwarzach-perasdorf.de\/index.php?rest_route=%2Fwp%2Fv2%2Fcomments&post=1665"}],"version-history":[{"count":3,"href":"https:\/\/pfarrei-schwarzach-perasdorf.de\/index.php?rest_route=\/wp\/v2\/pages\/1665\/revisions"}],"predecessor-version":[{"id":2997,"href":"https:\/\/pfarrei-schwarzach-perasdorf.de\/index.php?rest_route=\/wp\/v2\/pages\/1665\/revisions\/2997"}],"up":[{"embeddable":true,"href":"https:\/\/pfarrei-schwarzach-perasdorf.de\/index.php?rest_route=\/wp\/v2\/pages\/1659"}],"wp:attachment":[{"href":"https:\/\/pfarrei-schwarzach-perasdorf.de\/index.php?rest_route=%2Fwp%2Fv2%2Fmedia&parent=1665"}],"curies":[{"name":"wp","href":"https:\/\/api.w.org\/{rel}","templated":true}]}}