{"id":1614,"date":"2020-07-28T14:12:31","date_gmt":"2020-07-28T12:12:31","guid":{"rendered":"http:\/\/pfarrei-schwarzach-perasdorf.de\/?page_id=1614"},"modified":"2025-07-25T22:59:22","modified_gmt":"2025-07-25T20:59:22","slug":"firmung-allgemein","status":"publish","type":"page","link":"https:\/\/pfarrei-schwarzach-perasdorf.de\/?page_id=1614","title":{"rendered":"Firmung"},"content":{"rendered":"<p><a href=\"http:\/\/pfarrei-schwarzach-perasdorf.de\/wp-content\/uploads\/2020\/07\/firmung.jpg\"><img loading=\"lazy\" decoding=\"async\" class=\"size-full wp-image-1615 alignright\" src=\"http:\/\/pfarrei-schwarzach-perasdorf.de\/wp-content\/uploads\/2020\/07\/firmung.jpg\" alt=\"\" width=\"236\" height=\"233\" srcset=\"https:\/\/pfarrei-schwarzach-perasdorf.de\/wp-content\/uploads\/2020\/07\/firmung.jpg 236w, https:\/\/pfarrei-schwarzach-perasdorf.de\/wp-content\/uploads\/2020\/07\/firmung-150x148.jpg 150w\" sizes=\"(max-width: 236px) 100vw, 236px\" \/><\/a>Firmung ist die St\u00e4rkung mit dem Heiligen Geist. Gott sagt zu den Firmlingen: &#8222;Ich bin bei dir, an den sch\u00f6nen Tagen deines Lebens, aber auch ganz besonders in schweren Zeiten. Ich schenke dir den Heiligen Geist als Beistand f\u00fcr dein ganzes Leben.&#8220;<br \/>\nIn diesem Vertrauen k\u00f6nnen wir als gefirmte Menschen voll Zuversicht durch unser Leben gehen, voll Zuversicht, dass wir jede H\u00fcrde unseres Lebens, mit Gott und seinem Hl. Geist an unserer Seite, meistern k\u00f6nnen.<br \/>\nAls gefirmter Christ ist man nun endg\u00fcltig und vollends in die Gemeinschaft der Kirche aufgenommen. Das bedeutet, dass man nun Mitspracherecht bei vielen Entscheidungen hat, aber man sich auch bewusst sein muss, dass man nun auch f\u00fcr sein Handeln geradestehen muss und Vorbild f\u00fcr Andere ist.<\/p>\n<p><strong>Die N\u00e4chste Firmung in unserer Pfarreiengemeinschaft wird 2026 stattfinden.<\/strong><\/p>\n<p>Hier finden sie demn\u00e4chst alle wichtigen Infos zur Firmung 2026.<\/p>\n<p><a href=\"https:\/\/pfarrei-schwarzach-perasdorf.de\/?page_id=11\">Bei Fragen sprechen Sie uns einfach an<\/a>!<\/p>\n","protected":false},"excerpt":{"rendered":"<p>Firmung ist die St\u00e4rkung mit dem Heiligen Geist. Gott sagt zu den Firmlingen: &#8222;Ich bin bei dir, an den sch\u00f6nen Tagen deines Lebens, aber auch ganz besonders in schweren Zeiten. Ich schenke dir den Heiligen Geist als Beistand f\u00fcr dein ganzes Leben.&#8220; In diesem Vertrauen k\u00f6nnen wir als gefirmte Menschen voll Zuversicht durch unser Leben &#8230; <span class=\"more\"><a class=\"more-link\" href=\"https:\/\/pfarrei-schwarzach-perasdorf.de\/?page_id=1614\">[weiterlesen&#8230;]<\/a><\/span><\/p>\n","protected":false},"author":9,"featured_media":0,"parent":1276,"menu_order":3,"comment_status":"closed","ping_status":"closed","template":"","meta":{"footnotes":""},"_links":{"self":[{"href":"https:\/\/pfarrei-schwarzach-perasdorf.de\/index.php?rest_route=\/wp\/v2\/pages\/1614"}],"collection":[{"href":"https:\/\/pfarrei-schwarzach-perasdorf.de\/index.php?rest_route=\/wp\/v2\/pages"}],"about":[{"href":"https:\/\/pfarrei-schwarzach-perasdorf.de\/index.php?rest_route=\/wp\/v2\/types\/page"}],"author":[{"embeddable":true,"href":"https:\/\/pfarrei-schwarzach-perasdorf.de\/index.php?rest_route=\/wp\/v2\/users\/9"}],"replies":[{"embeddable":true,"href":"https:\/\/pfarrei-schwarzach-perasdorf.de\/index.php?rest_route=%2Fwp%2Fv2%2Fcomments&post=1614"}],"version-history":[{"count":11,"href":"https:\/\/pfarrei-schwarzach-perasdorf.de\/index.php?rest_route=\/wp\/v2\/pages\/1614\/revisions"}],"predecessor-version":[{"id":2998,"href":"https:\/\/pfarrei-schwarzach-perasdorf.de\/index.php?rest_route=\/wp\/v2\/pages\/1614\/revisions\/2998"}],"up":[{"embeddable":true,"href":"https:\/\/pfarrei-schwarzach-perasdorf.de\/index.php?rest_route=\/wp\/v2\/pages\/1276"}],"wp:attachment":[{"href":"https:\/\/pfarrei-schwarzach-perasdorf.de\/index.php?rest_route=%2Fwp%2Fv2%2Fmedia&parent=1614"}],"curies":[{"name":"wp","href":"https:\/\/api.w.org\/{rel}","templated":true}]}}