{"id":1596,"date":"2020-07-21T17:13:45","date_gmt":"2020-07-21T15:13:45","guid":{"rendered":"http:\/\/pfarrei-schwarzach-perasdorf.de\/?page_id=1596"},"modified":"2023-02-01T14:10:45","modified_gmt":"2023-02-01T13:10:45","slug":"krankensalbung","status":"publish","type":"page","link":"https:\/\/pfarrei-schwarzach-perasdorf.de\/?page_id=1596","title":{"rendered":"Krankensalbung"},"content":{"rendered":"<p><em>Wenn der Pfarrer zur letzten Salbung kommt, dann geht&#8217;s dem Ende zu.<\/em><br \/>\nDieser Gedanke ist in den K\u00f6pfen vieler Menschen verankert.<\/p>\n<p><strong>ABER:<br \/>\n<\/strong>Keine Angst! Die Krankensalbung ist keineswegs die &#8222;letzte \u00d6lung&#8220;, wie sie fr\u00fcher genannt wurde, und auch kein Sterbesakrament.<br \/>\nGanz im Gegenteil: Sie ist ein <b>Lebenssakrament<\/b>!<br \/>\nViele Menschen die dieses Sakrament erhalten haben, wurden wieder gesund und leben noch heute.<br \/>\nUnd genau das ist es, was die Krankensalbung bewirken soll. Durch sie sollen wir Kraft und neuen Lebensmut sch\u00f6pfen, um wieder frohen Mutes in die Zukunft schauen zu k\u00f6nnen, damit K\u00f6rper und Geist genesen k\u00f6nnen.<br \/>\nDie Krankensalbung kann bei jeder Krankheit, ob physisch oder psychisch gespendet werden und ist auch keineswegs an ein bestimmtes Alter gebunden. Auch kann sie mehrmals empfangen werden.<\/p>\n<p><a href=\"https:\/\/pfarrei-schwarzach-perasdorf.de\/?page_id=11\">Wenn sie Fragen haben, dann wenden Sie sich gerne an einen unserer Seelsorger.<\/a><br \/>\nF\u00fcr den Empfang der Krankensalbung, wenden Sie sich bitte direkt an den Pfarrer.<\/p>\n","protected":false},"excerpt":{"rendered":"<p>Wenn der Pfarrer zur letzten Salbung kommt, dann geht&#8217;s dem Ende zu. Dieser Gedanke ist in den K\u00f6pfen vieler Menschen verankert. ABER: Keine Angst! Die Krankensalbung ist keineswegs die &#8222;letzte \u00d6lung&#8220;, wie sie fr\u00fcher genannt wurde, und auch kein Sterbesakrament. Ganz im Gegenteil: Sie ist ein Lebenssakrament! Viele Menschen die dieses Sakrament erhalten haben, wurden &#8230; <span class=\"more\"><a class=\"more-link\" href=\"https:\/\/pfarrei-schwarzach-perasdorf.de\/?page_id=1596\">[weiterlesen&#8230;]<\/a><\/span><\/p>\n","protected":false},"author":9,"featured_media":0,"parent":1276,"menu_order":6,"comment_status":"closed","ping_status":"closed","template":"","meta":{"footnotes":""},"_links":{"self":[{"href":"https:\/\/pfarrei-schwarzach-perasdorf.de\/index.php?rest_route=\/wp\/v2\/pages\/1596"}],"collection":[{"href":"https:\/\/pfarrei-schwarzach-perasdorf.de\/index.php?rest_route=\/wp\/v2\/pages"}],"about":[{"href":"https:\/\/pfarrei-schwarzach-perasdorf.de\/index.php?rest_route=\/wp\/v2\/types\/page"}],"author":[{"embeddable":true,"href":"https:\/\/pfarrei-schwarzach-perasdorf.de\/index.php?rest_route=\/wp\/v2\/users\/9"}],"replies":[{"embeddable":true,"href":"https:\/\/pfarrei-schwarzach-perasdorf.de\/index.php?rest_route=%2Fwp%2Fv2%2Fcomments&post=1596"}],"version-history":[{"count":4,"href":"https:\/\/pfarrei-schwarzach-perasdorf.de\/index.php?rest_route=\/wp\/v2\/pages\/1596\/revisions"}],"predecessor-version":[{"id":2204,"href":"https:\/\/pfarrei-schwarzach-perasdorf.de\/index.php?rest_route=\/wp\/v2\/pages\/1596\/revisions\/2204"}],"up":[{"embeddable":true,"href":"https:\/\/pfarrei-schwarzach-perasdorf.de\/index.php?rest_route=\/wp\/v2\/pages\/1276"}],"wp:attachment":[{"href":"https:\/\/pfarrei-schwarzach-perasdorf.de\/index.php?rest_route=%2Fwp%2Fv2%2Fmedia&parent=1596"}],"curies":[{"name":"wp","href":"https:\/\/api.w.org\/{rel}","templated":true}]}}