{"id":1594,"date":"2020-10-27T17:23:22","date_gmt":"2020-10-27T16:23:22","guid":{"rendered":"http:\/\/pfarrei-schwarzach-perasdorf.de\/?page_id=1594"},"modified":"2024-01-17T21:43:55","modified_gmt":"2024-01-17T20:43:55","slug":"priesterweihe-und-berufe-in-der-kirche","status":"publish","type":"page","link":"https:\/\/pfarrei-schwarzach-perasdorf.de\/?page_id=1594","title":{"rendered":"Priesterweihe und Berufe in der Kirche"},"content":{"rendered":"<p><b>Jesus Christus Nachfolgen im priesterlichen Dienst<\/b><\/p>\n<p>Auch heute ruft Jesus Menschen in seinen Dienst &#8211; und sie antworten &#8211; auf die Unterschiedlichste Art und Weise.<br \/>\nEine besondere Art der Antwort ist es, Jesus Christus im priesterlichen Dienst nachzufolgen, auf ein &#8222;b\u00fcrgerliches Leben&#8220; zu verzichten und in einer Ordensgemeinschaft, oder als Priester Gott und den Menschen zu dienen.<\/p>\n<p>Jungen M\u00e4nnern, die sich f\u00fcr das Priesteramt interessieren und Fragen, egal welcher Art haben, stehen unser Pfarrer Dirscherl oder Pfarrvikar Pater Richard gerne als Gespr\u00e4chspartner zur Verf\u00fcgung.<\/p>\n<p>Unter folgenden Links finden Sie ebenfalls einige Informationen:<br \/>\n<a href=\"https:\/\/www.bistum-regensburg.de\/berufung-berufe\/priester-werden-fuer-die-kirche-von-regensburg-ein-weg-fuer-mich\/\">Priester werden<\/a><br \/>\n<a href=\"http:\/\/www.priesterseminar-regensburg.de\/\" target=\"_blank\" rel=\"noopener\">http:\/\/www.priesterseminar-regensburg.de\/<\/a><br \/>\n<a href=\"http:\/\/www.berufungspastoral-regensburg.de\/\" target=\"_blank\" rel=\"noopener\">http:\/\/www.berufungspastoral-regensburg.de\/<\/a><\/p>\n<p>Priester werden ist, wie die Eheschlie\u00dfung, auch ein Weg der Liebe, ein Weg, der sich lohnt. Papst Franziskus hat im Gespr\u00e4ch mit den Volont\u00e4ren des Weltjugendtags den Dienst des Priesters treffend beschrieben: \u201eDer Herr ruft einige zum Priestertum, sich ihm in umfassenderer Weise zu schenken, um alle mit dem Herzen des Guten Hirten zu lieben.\u201c Und dann ruft er den jungen Leuten zu: \u201eF\u00fcrchtet euch nicht vor dem, was Gott von euch verlangt! Es lohnt sich, Gott mit Ja zu antworten. In ihm ist die Freude!\u201c<\/p>\n<p><strong><br \/>\nWeitere Wege im Dienst der Kirche<\/strong><\/p>\n<p>Neben dem Priesteramt gibt es auch einige andere Wege der Nachfolge Jesu.<br \/>\nBeispielsweise als Gemeinde- oder Pastoralreferent oder Diakon.<br \/>\nWer sich f\u00fcr einen dieser Wege interessiert und mehr dar\u00fcber herausfinden m\u00f6chte kann sich auch gerne mit unserem Gemeindereferent Martin Bartlreiher zu einem Gespr\u00e4ch treffen.<\/p>\n<p>Hier finden sie einige Informationen:<br \/>\n<a href=\"https:\/\/www.bistum-regensburg.de\/berufung-berufe\/gemeindereferent-in-werden\/\">Gemeindereferent werden<\/a><br \/>\n<a href=\"https:\/\/www.bistum-regensburg.de\/berufung-berufe\/pastoralreferent-in-werden\/\">Pastoralreferent werden<\/a><br \/>\n<a href=\"https:\/\/www.bistum-regensburg.de\/berufung-berufe\/diakon-werden\/\">Diakon werden<\/a><\/p>\n<p>Aber darin ersch\u00f6pft es sich noch lange nicht.<br \/>\nDa gibt es noch Religionslehrer, in den verschiedenen Bereichen einer Pfarrei, oder auch Verb\u00e4nden, ehrenamtlich Engagierte und andere in der Kirche angestellte Personen.<br \/>\nEinen breites Spektrum an ehrenamtlichen Helfern bietet auch unsere Pfarreiengemeinschaft. Mehr k\u00f6nnen Sie auf den anderen Seiten unserer Homepage dar\u00fcber erfahren.<br \/>\n<a href=\"_wp_link_placeholder\" data-wplink-edit=\"true\">Sie k\u00f6nnen uns aber auch gerne jederzeit ansprechen!<\/a><\/p>\n","protected":false},"excerpt":{"rendered":"<p>Jesus Christus Nachfolgen im priesterlichen Dienst Auch heute ruft Jesus Menschen in seinen Dienst &#8211; und sie antworten &#8211; auf die Unterschiedlichste Art und Weise. Eine besondere Art der Antwort ist es, Jesus Christus im priesterlichen Dienst nachzufolgen, auf ein &#8222;b\u00fcrgerliches Leben&#8220; zu verzichten und in einer Ordensgemeinschaft, oder als Priester Gott und den Menschen &#8230; <span class=\"more\"><a class=\"more-link\" href=\"https:\/\/pfarrei-schwarzach-perasdorf.de\/?page_id=1594\">[weiterlesen&#8230;]<\/a><\/span><\/p>\n","protected":false},"author":9,"featured_media":0,"parent":1276,"menu_order":5,"comment_status":"closed","ping_status":"closed","template":"","meta":{"footnotes":""},"_links":{"self":[{"href":"https:\/\/pfarrei-schwarzach-perasdorf.de\/index.php?rest_route=\/wp\/v2\/pages\/1594"}],"collection":[{"href":"https:\/\/pfarrei-schwarzach-perasdorf.de\/index.php?rest_route=\/wp\/v2\/pages"}],"about":[{"href":"https:\/\/pfarrei-schwarzach-perasdorf.de\/index.php?rest_route=\/wp\/v2\/types\/page"}],"author":[{"embeddable":true,"href":"https:\/\/pfarrei-schwarzach-perasdorf.de\/index.php?rest_route=\/wp\/v2\/users\/9"}],"replies":[{"embeddable":true,"href":"https:\/\/pfarrei-schwarzach-perasdorf.de\/index.php?rest_route=%2Fwp%2Fv2%2Fcomments&post=1594"}],"version-history":[{"count":6,"href":"https:\/\/pfarrei-schwarzach-perasdorf.de\/index.php?rest_route=\/wp\/v2\/pages\/1594\/revisions"}],"predecessor-version":[{"id":2434,"href":"https:\/\/pfarrei-schwarzach-perasdorf.de\/index.php?rest_route=\/wp\/v2\/pages\/1594\/revisions\/2434"}],"up":[{"embeddable":true,"href":"https:\/\/pfarrei-schwarzach-perasdorf.de\/index.php?rest_route=\/wp\/v2\/pages\/1276"}],"wp:attachment":[{"href":"https:\/\/pfarrei-schwarzach-perasdorf.de\/index.php?rest_route=%2Fwp%2Fv2%2Fmedia&parent=1594"}],"curies":[{"name":"wp","href":"https:\/\/api.w.org\/{rel}","templated":true}]}}