{"id":1590,"date":"2020-10-27T17:14:18","date_gmt":"2020-10-27T16:14:18","guid":{"rendered":"http:\/\/pfarrei-schwarzach-perasdorf.de\/?page_id=1590"},"modified":"2025-07-25T22:56:49","modified_gmt":"2025-07-25T20:56:49","slug":"sakrament-der-versoehung-beichte","status":"publish","type":"page","link":"https:\/\/pfarrei-schwarzach-perasdorf.de\/?page_id=1590","title":{"rendered":"Sakrament der Vers\u00f6hung &#8211; Beichte"},"content":{"rendered":"<p>Am Ostermorgen sagt der Auferstandene zu den Aposteln:<br \/>\n<em><strong>&#8222;Empfangt den Heiligen Geist! Wem ihr die S\u00fcnden vergebt, dem sind sie vergeben&#8220; <\/strong><\/em>(Joh 20,22f.)<br \/>\nDieser Auftrag Jesu an seine J\u00fcnger ist die Grundlage aus der heraus sich unsere heutige Beichte entwickelt hat, das Sakrament der Vers\u00f6hnung.<\/p>\n<p>Schuld und Versagen, wir begegnen ihnen auch in unserem Alltag und wir alle wissen: Mit Schuld zu Leben kann sehr belastend sein. Wie gut es da tut, sich auszusprechen mit seinen Mitmenschen und dabei Vers\u00f6hnung zu erfahren.<br \/>\nAber nicht nur mit unsern Mitmenschen k\u00f6nnen wir uns aussprechen, auch mit Gott geht das. Wir k\u00f6nnen vor ihn bringen was uns belastet und erfahren wieder neu die Zusage Gottes, dass er uns nicht im Stich l\u00e4sst und immer bei uns ist.<\/p>\n<p>Wenn Sie ein Beichtgespr\u00e4ch w\u00fcnschen und die Vers\u00f6hnung Gottes ganz bewusst sp\u00fcren wollen, setzten Sie sich gerne mit unseren Priestern\u00a0in Verbindung, um einen geeigneten Termin auszumachen.<\/p>\n<p>Gerne k\u00f6nnen Sie auch die Beichte in den besonderen Beichtzeiten vor Ostern und Weihnachten in Anspruch nehmen. Dieses Zeiten entnehmen sie bitte den entsprechenden aktuellen <a href=\"https:\/\/pfarrei-schwarzach-perasdorf.de\/?page_id=13\">Pfarrbiefen<\/a>.<\/p>\n","protected":false},"excerpt":{"rendered":"<p>Am Ostermorgen sagt der Auferstandene zu den Aposteln: &#8222;Empfangt den Heiligen Geist! Wem ihr die S\u00fcnden vergebt, dem sind sie vergeben&#8220; (Joh 20,22f.) Dieser Auftrag Jesu an seine J\u00fcnger ist die Grundlage aus der heraus sich unsere heutige Beichte entwickelt hat, das Sakrament der Vers\u00f6hnung. Schuld und Versagen, wir begegnen ihnen auch in unserem Alltag &#8230; <span class=\"more\"><a class=\"more-link\" href=\"https:\/\/pfarrei-schwarzach-perasdorf.de\/?page_id=1590\">[weiterlesen&#8230;]<\/a><\/span><\/p>\n","protected":false},"author":9,"featured_media":0,"parent":1276,"menu_order":1,"comment_status":"closed","ping_status":"closed","template":"","meta":{"footnotes":""},"_links":{"self":[{"href":"https:\/\/pfarrei-schwarzach-perasdorf.de\/index.php?rest_route=\/wp\/v2\/pages\/1590"}],"collection":[{"href":"https:\/\/pfarrei-schwarzach-perasdorf.de\/index.php?rest_route=\/wp\/v2\/pages"}],"about":[{"href":"https:\/\/pfarrei-schwarzach-perasdorf.de\/index.php?rest_route=\/wp\/v2\/types\/page"}],"author":[{"embeddable":true,"href":"https:\/\/pfarrei-schwarzach-perasdorf.de\/index.php?rest_route=\/wp\/v2\/users\/9"}],"replies":[{"embeddable":true,"href":"https:\/\/pfarrei-schwarzach-perasdorf.de\/index.php?rest_route=%2Fwp%2Fv2%2Fcomments&post=1590"}],"version-history":[{"count":8,"href":"https:\/\/pfarrei-schwarzach-perasdorf.de\/index.php?rest_route=\/wp\/v2\/pages\/1590\/revisions"}],"predecessor-version":[{"id":2996,"href":"https:\/\/pfarrei-schwarzach-perasdorf.de\/index.php?rest_route=\/wp\/v2\/pages\/1590\/revisions\/2996"}],"up":[{"embeddable":true,"href":"https:\/\/pfarrei-schwarzach-perasdorf.de\/index.php?rest_route=\/wp\/v2\/pages\/1276"}],"wp:attachment":[{"href":"https:\/\/pfarrei-schwarzach-perasdorf.de\/index.php?rest_route=%2Fwp%2Fv2%2Fmedia&parent=1590"}],"curies":[{"name":"wp","href":"https:\/\/api.w.org\/{rel}","templated":true}]}}