{"id":1583,"date":"2020-07-09T13:00:19","date_gmt":"2020-07-09T11:00:19","guid":{"rendered":"http:\/\/pfarrei-schwarzach-perasdorf.de\/?page_id=1583"},"modified":"2025-03-25T14:02:18","modified_gmt":"2025-03-25T13:02:18","slug":"datenschutzerklaerung-2","status":"publish","type":"page","link":"https:\/\/pfarrei-schwarzach-perasdorf.de\/?page_id=1583","title":{"rendered":"Datenschutzerkl\u00e4rung"},"content":{"rendered":"<p>Wir freuen uns \u00fcber Ihren Besuch auf unserer Webseite und \u00fcber Ihr Interesse an unseren Einrichtungen und Dienstleistungen. Der Schutz Ihrer pers\u00f6nlichen Daten ist uns ein ernstes Anliegen. In der Di\u00f6zese Regensburg gelten &#8211; wie in allen deutschen (Erz-)Di\u00f6zesen &#8211; f\u00fcr die Verarbeitung personenbezogener Daten die Bestimmungen des Gesetzes \u00fcber den Kirchlichen Datenschutz (KDG) einschlie\u00dflich der Verordnung zur Durchf\u00fchrung der Anordnung \u00fcber den kirchlichen Datenschutz (KDO-DVO) (zu finden unter http:\/\/www. bistum-regensburg.de\/bistum\/dienst-fuer-pfarreien\/datenschutz\/) sowie die sonstigen anzuwendenden kirchlichen und staatlichen Datenschutzvorschriften. Wir verarbeiten Ihre personenbezogenen Daten im Rahmen dieser Webseite ausschlie\u00dflich gem\u00e4\u00df den gesetzlichen Datenschutzvorschriften sowie in dieser Datenschutzerkl\u00e4rung dargestellt.<\/p>\n<p><strong>1. Allgemeines<\/strong><\/p>\n<p>Personenbezogene Daten:<br \/>\n\u201ePersonenbezogene Daten\u201c sind alle Informationen, die sich auf eine identifizierte oder identifizierbare nat\u00fcrliche Person (im Folgenden \u201ebetroffene Person\u201c) beziehen; als identifizierbar wird eine nat\u00fcrliche Person angesehen, die direkt oder indirekt, insbesondere mittels Zuordnung zu einer Kennung wie einem Namen, zu einer Kennnummer, zu Standortdaten, zu einer Online-Kennung oder zu einem oder mehreren besonderen Merkmalen, die Ausdruck der physischen, physiologischen, genetischen, psychischen, wirtschaftlichen, kulturellen oder sozialen Identit\u00e4t dieser nat\u00fcrlichen Person sind, identifiziert werden kann.<br \/>\nBeispiele: Name, Adresse, E-Mail-Adressen, Nutzerverhalten.<\/p>\n<p>Soweit nachfolgend nicht ausdr\u00fccklich anderweitig beschrieben, gilt im Rahmen des Betriebs und der Nutzung dieser Webseite Folgendes:<\/p>\n<p>Drittl\u00e4nder:<br \/>\nIhre Daten werden nur in Deutschland verarbeitet. Wir beabsichtigen nicht, ihre personenbezogenen Daten an oder in ein Drittland oder an eine internationale Organisation zu \u00fcbermitteln.<\/p>\n<p>Automatisierte Entscheidungen und Profiling:<br \/>\nWir nutzen Ihre personenbezogenen Daten weder zum Finden automatisierter Entscheidungen noch zur Durchf\u00fchrung von Profiling.<\/p>\n<p>Zweck\u00e4nderungen:<br \/>\nDie gegebenenfalls jeweils erhobenen personenbezogenen Daten werden ausschlie\u00dflich zu dem jeweils angegebenen Zweck(en) verarbeitet. Wir werden Ihre personenbezogenen Daten nicht zu einem anderen Zweck weiterverarbeiten.<\/p>\n<p><strong>2. Verantwortlicher<\/strong><\/p>\n<p>Verantwortlich im Sinne der datenschutzrechtlichen Bestimmungen ist:<\/p>\n<p>Herr Pfr. Hans-J\u00fcrgen Koller<br \/>\nMartinstr. 5<br \/>\n94374 Schwarzach<br \/>\nTel.: 09962\/335<br \/>\nE-Mail: Pfarramt.Schwarzach@t-online.de<br \/>\nhttp:\/\/pfarrei-schwarzach-perasdorf.de\/<\/p>\n<p>Der zust\u00e4ndige betriebliche Datenschutzbeauftragte ist zu erreichen unter:<\/p>\n<p>Fachstelle Datenschutz<br \/>\nNiederm\u00fcnstergasse 1<br \/>\n93047 Regensburg<br \/>\nTelefon: 0941-597 1028<br \/>\nE-Mail: datenschutz.pfarreien@bistum-regensburg.de<\/p>\n<p>Wir m\u00f6chten Sie an dieser Stelle auf das Recht zur Beschwerde bei der Datenschutzaufsicht gem\u00e4\u00df \u00a7 48 KDG hinweisen. Demnach hat jede betroffene Person unbeschadet eines anderweitigen Rechtsbehelfs das Recht auf Beschwerde bei der Datenschutzaufsicht, wenn sie der Ansicht ist, dass die Verarbeitung der sie betreffenden personenbezogenen Daten gegen Vorschriften des Gesetzes \u00fcber den Kirchlichen Datenschutz (KDG) oder gegen andere Datenschutzvorschriften verst\u00f6\u00dft. Die Einhaltung des Dienstwegs ist dabei nicht erforderlich.<\/p>\n<p>Die Kontaktdaten der zust\u00e4ndigen Datenschutzaufsicht lauten:<\/p>\n<p>Datenschutzstelle<br \/>\nLeiter und Di\u00f6zesandatenschutzbeauftragter:<br \/>\nHerr<br \/>\nJupp Joachimski<br \/>\nKapellenstr. 4<br \/>\n80333 M\u00fcnchen<br \/>\nTel. 089 \/ 2137 1796<br \/>\nEmail: jjoachimski@eomuc.de<\/p>\n<p><strong>3. Nutzung der Webseite<\/strong><\/p>\n<p>Art und Umfang der Datenverarbeitung:<br \/>\nBeim Aufruf unserer Webseite ist es technisch notwendig verschiedene Daten zu verarbeiten, damit eine fehlerfreie Kommunikation zwischen Ihrem Internetbrowser (bspw. Firefox oder Internet Explorer) und unserem Webserver m\u00f6glich ist. Dabei werden automatisch folgende Daten erhoben und in einer sogenannten Log-Datei protokolliert:<\/p>\n<ul>\n<li>Datum und Uhrzeit des Zugriffs<\/li>\n<li>Der Name der abgerufenen Datei<\/li>\n<li>Die Menge der gesendeten Daten<\/li>\n<li>Eine Statusmeldung, ob der Abruf erfolgreich war<\/li>\n<li>Die Webadresse der verweisenden Webseite (URL)<\/li>\n<li>Browsertyp und -version<\/li>\n<li>Betriebssystemtyp und -version<\/li>\n<li>IP-Adresse<\/li>\n<li>Zugangsprovider<\/li>\n<\/ul>\n<p>Zweck:<br \/>\nWir erheben diese Daten ausschlie\u00dflich in nicht-personenbezogener Form. Dies geschieht, um die Nutzung der von Ihnen abgerufenen Webseiten \u00fcberhaupt zu erm\u00f6glichen, insbesondere zum Zwecke der systeminternen technischen Verarbeitung (Verbindungsaufbau), der Systemsicherheit, der technischen Administration der System- und Netzinfrastruktur sowie zur Optimierung des Internetangebotes. Eine personenbezogene Auswertung findet grunds\u00e4tzlich nicht statt. Wir behalten es uns jedoch vor, die Log-Datei nachtr\u00e4glich zu \u00fcberpr\u00fcfen, wenn aufgrund konkreter Anhaltspunkte der berechtigte Verdacht einer rechtswidrigen Nutzung besteht.<\/p>\n<p>Rechtsgrundlage:<br \/>\nDie vor\u00fcbergehende Verarbeitung der Daten und der Log-Datei erfolgt aus berechtigtem Interesse zu oben genanntem Zweck gem. \u00a7 6 Ziffer 1 lit. (g) KDG.<\/p>\n<p>Empf\u00e4nger der Daten:<br \/>\nDie Daten werden notwendigerweise an unseren Hostinganbieter weitergeleitet, bei dem unser Webserver physisch und technisch verwaltet wird: 4<\/p>\n<p>Speicherdauer und L\u00f6schung:<br \/>\nDie IP-Adresse speichern wir f\u00fcr die Dauer Ihres Besuchs und bis zu sieben Tage nach dessen Beendigung. Danach werden die Daten automatisiert gel\u00f6scht.<\/p>\n<p>Widerspruch oder Widerruf:<br \/>\nDiese Datenverarbeitung ist f\u00fcr den Betrieb unserer Webseite zwingend erforderlich. Daher besteht keine Widerspruchsm\u00f6glichkeit.<\/p>\n<p><strong>4. Information \u00fcber Ihre Rechte als betroffene Person (\u00a7 15 Ziffer 2 lit. (b) KDG)<\/strong><\/p>\n<p>Bei Vorliegen der gesetzlichen Voraussetzungen haben Sie &#8211; sofern nicht ein gesetzlicher Ausnahmefall gegeben ist &#8211; gegen\u00fcber uns folgende Rechte hinsichtlich der Sie betreffenden personenbezogenen Daten:<\/p>\n<ul>\n<li>Recht auf Auskunft (\u00a7 17 KDG): Sie haben das Recht, von dem Verantwortlichen eine Auskunft dar\u00fcber zu verlangen, ob Sie betreffende personenbezogene Daten verarbeitet werden. Ist dies der Fall, so haben Sie das Recht auf Auskunft \u00fcber diese personenbezogenen Daten und damit im Zusammenhang stehende weitergehende Informationen.<\/li>\n<li>Recht auf Berichtigung (\u00a7 18 KDG): Sie haben das Recht, von dem Verantwortlichen unverz\u00fcglich die Berichtigung Sie betreffender unrichtiger personenbezogener Daten zu verlangen. Unter Ber\u00fccksichtigung der Zwecke der Verarbeitung haben Sie das Recht, die Vervollst\u00e4ndigung unvollst\u00e4ndiger personenbezogener Daten \u2013 auch mittels einer erg\u00e4nzenden Erkl\u00e4rung \u2013 zu verlangen.<\/li>\n<li>Recht auf L\u00f6schung (\u00a7 19 KDG): Sie haben das Recht, von dem Verantwortlichen zu verlangen, dass Sie betreffende personenbezogene Daten unverz\u00fcglich gel\u00f6scht werden, und der Verantwortliche ist verpflichtet, personenbezogene Daten unverz\u00fcglich zu l\u00f6schen, sofern einer der Gr\u00fcnde des \u00a7 19 Ziffer 1 KDG zutrifft und kein Ausnahmetatbestand eingreift.<\/li>\n<li>Recht auf Einschr\u00e4nkung der Verarbeitung (\u00a7 20 KDG): Sie haben das Recht, von dem Verantwortlichen die Einschr\u00e4nkung der Verarbeitung (ehemals: Sperre) Ihrer personenbezogenen Daten zu verlangen, wenn eine der Voraussetzungen des \u00a7 20 Ziffer 1 KDG gegeben ist und kein Ausnahmetatbestand eingreift.<\/li>\n<li>Recht auf Daten\u00fcbertragbarkeit (\u00a7 22 KDG): Sie haben das Recht, die Sie betreffenden personenbezogenen Daten, die sie einem Verantwortlichen bereitgestellt haben, in einem strukturierten, g\u00e4ngigen und maschinenlesbaren Format zu erhalten, und sie haben das Recht, diese Daten einem anderen Verantwortlichen ohne Behinderung durch den Verantwortlichen, dem die personenbezogenen Daten bereit gestellt wurden, zu \u00fcbermitteln, sofern die weiteren Voraussetzungen des \u00a7 22 Ziffer 1 KDG gegeben sind und kein Ausnahmetatbestand eingreift.<\/li>\n<li>Recht auf Widerspruch gegen die Verarbeitung (\u00a7 23 KDG): Sie haben das Recht, aus Gr\u00fcnden, die sich aus ihrer besonderen Situation ergeben, jederzeit gegen die Verarbeitung sie betreffender personenbezogener Daten, die aufgrund von \u00a7 6 Absatz 1 lit. (f) (kirchliches Interesse oder Aus\u00fcbung \u00f6ffentlicher Gewalt) oder (g) (Wahrung berechtigter Interessen) KDG erfolgt, Widerspruch einzulegen.<\/li>\n<\/ul>\n<p>Wenn Sie dar\u00fcber hinaus Auskunft \u00fcber Ihre personenbezogenen Daten w\u00fcnschen oder weitergehende Fragen \u00fcber die Verarbeitung Ihrer uns \u00fcberlassenen personenbezogenen Daten haben, sowie eine Korrektur oder L\u00f6schung Ihrer Daten veranlassen m\u00f6chten, so wenden Sie sich bitte an die unter Ziffer 7 \u201eAus\u00fcbung des Widerspruchs- und Widerrufsrechts\u201c angegebene Kontaktadresse.<\/p>\n<p><strong>5. Aus\u00fcbung des Widerspruchs- und Widerrufsrechts<\/strong><\/p>\n<p>Sie haben ggf. das Recht, der Verarbeitung Ihrer Daten zu widersprechen (s. o. 6.1 letztes Aufz\u00e4hlungszeichen). Zudem haben Sie das Recht, eine an uns erteilte Einwilligung \u2013 beispielsweise f\u00fcr den Versand unseres Newsletters an Sie \u2013 mit Wirkung f\u00fcr die Zukunft zu widerrufen. In diesem Fall werden wir die Verarbeitung Ihrer Daten zu diesem Zweck unverz\u00fcglich unterlassen. Einen Widerspruch oder Widerruf k\u00f6nnen Sie jederzeit ohne Angabe von Gr\u00fcnden formlos per Post, Telefax oder Email an uns \u00fcbermitteln.<\/p>\n<p>Per Post:<br \/>\nKath. Pfarramt Schwarzach<br \/>\nMartinstra\u00dfe 5<br \/>\n94374 Schwarzach<\/p>\n<p>Per Email:<br \/>\npfarramt.schwarzach@t-online.de<\/p>\n<p><strong>6. Erteilte Einwilligungen<\/strong><\/p>\n<p>Soweit erforderlich haben Sie uns ggf. Einwilligungen zur Verarbeitung Ihrer personenbezogenen Daten erteilt. In diesem Fall haben wir Ihre Einwilligung jeweils protokolliert. Wir sind gesetzlich verpflichtet, den Text der jeweiligen Einwilligung jederzeit f\u00fcr Sie abrufbar zu halten. Selbstverst\u00e4ndlich k\u00f6nnen Sie uns erteilte Einwilligungen jederzeit mit Wirkung f\u00fcr die Zukunft widerrufen. Wie Sie Ihr Widerrufsrecht aus\u00fcben k\u00f6nnen, erfahren Sie unter Ziffer 7 \u201eAus\u00fcbung des Widerspruchs- und Widerrufsrechts\u201c.<\/p>\n<p><strong>7. Cookies<\/strong><\/p>\n<p>Cookies betreffen nur Benutzer, die ein Konto haben.<br \/>\nMit der Anmeldung auf das Konto wird ein tempor\u00e4res Cookie gesetzt um zu \u00fcberpr\u00fcfen, ob der Browser Cookies akzeptiert. Dieses Cookie enth\u00e4lt keine Personenbezogenen Daten und wird verworfen wenn der Browser geschlossen wird.<br \/>\nBei Anmeldung werden Cookies eingerichtet, um die Anmeldeinformationen und Anzeigeinformationen zu speichern. Anmelde-Cookies verfallen nach zwei Tagen und Cookies f\u00fcr die Anzeigeoptionen nach einem Jahr. Falls bei der Anmeldung \u201eAngemeldet bleiben\u201c auswgew\u00e4hlt wurde, wird die Anmeldung zwei Wochen lang aufrechterhalten. Mit der Abmeldung aus dem Konto werden die Anmelde-Cookies gel\u00f6scht.<br \/>\nWenn ein einen Artikel bearbeitet oder ver\u00f6ffentlicht wird, wird ein zus\u00e4tzlicher Cookie im Browser gespeichert. Dieser Cookie enth\u00e4lt keine personenbezogenen Daten und verweist nur auf die Beitrags-ID des Artikels, der bearbeitet wurde. Der Cookie verf\u00e4llt nach einem Tag.<\/p>\n<p>Eingebettete Inhalte von anderen Websites:<br \/>\nBeitr\u00e4ge auf dieser Website k\u00f6nnen eingebettete Inhalte beinhalten (z. B. Videos, Bilder, Beitr\u00e4ge etc.). Eingebettete Inhalte von anderen Websites verhalten sich exakt so, als ob der Besucher die andere Website besucht h\u00e4tte.<br \/>\nDiese Websites k\u00f6nnen Daten sammeln, Cookies benutzen, zus\u00e4tzliche Tracking-Dienste von Dritten einbetten und die Interaktion mit diesem eingebetteten Inhalt aufzeichnen, inklusive der Interaktion mit dem eingebetteten Inhalt, falls ein Konto besteht und man auf dieser Website angemeldet ist.<\/p>\n<p><strong>8. Elektronische Post (Email) \/ Kontaktaufnahme<\/strong><\/p>\n<p>Informationen, die Sie unverschl\u00fcsselt per Elektronischer Post (Email) an uns senden, k\u00f6nnen m\u00f6glicherweise auf dem \u00dcbertragungsweg von Dritten gelesen werden. Wir k\u00f6nnen in der Regel auch Ihre Identit\u00e4t nicht \u00fcberpr\u00fcfen und wissen nicht, wer wirklicher Inhaber einer Emailadresse ist. Eine rechtssichere Kommunikation durch einfache Email ist daher nicht gew\u00e4hrleistet. Wie viele Anbieter setzen wir Filter gegen unerw\u00fcnschte Werbung (\u201eSPAM- Filter\u201c) ein, die in einigen F\u00e4llen auch normale Emails f\u00e4lschlicherweise automatisch als unerw\u00fcnschte Werbung einordnen und l\u00f6schen. Emails, die sch\u00e4digende Programme (\u201eViren\u201c) enthalten, werden von uns in jedem Fall automatisch gel\u00f6scht. Wenn Sie schutzw\u00fcrdige Nachrichten an uns senden wollen, empfehlen wir, die Nachricht auf konventionellem Postwege an uns zu senden.<\/p>\n<p>Art und Umfang der Datenverarbeitung:<br \/>\nIm Falle der Kontaktaufnahme mit uns werden Ihre Daten, Ihre IP-Adresse sowie Datum und Uhrzeit gespeichert.<\/p>\n<p>Zweck:<br \/>\nDies geschieht insbesondere zu Kommunikationszwecken und zum Schutz unserer Systeme gegen Missbrauch.<\/p>\n<p>Rechtsgrundlage:<br \/>\nDie Verarbeitung der Daten erfolgt aus berechtigtem Interesse zu oben genanntem Zweck gem. \u00a7 6 Ziffer 1 lit. (g) KDG.<\/p>\n<p>Speicherdauer und L\u00f6schung:<br \/>\nDie Daten werden erst dann gel\u00f6scht, falls keine vertraglichen oder gesetzlichen Verpflichtungen einer L\u00f6schung entgegenstehen.<\/p>\n<p>Widerspruch oder Widerruf:<br \/>\nSie k\u00f6nnen der Kontaktaufnahme per Email jederzeit widersprechen. In diesem Fall kann keine weitere Korrespondenz via Email stattfinden.<\/p>\n<p><strong>9. Partnerwebseiten<\/strong><\/p>\n<p>Diese Webseite beinhaltet unter anderem auch Links zu unseren Partnern. Wenn Sie auf einen dieser Links klicken, so werden Sie automatisch zu dem jeweiligen Partner weitergeleitet und verlassen unser Webangebot. F\u00fcr die Handhabe Ihrer Daten auf den verlinkten Partnerseiten sind ausschlie\u00dflich die jeweiligen Webseitenbetreiber verantwortlich. Wir weisen ausdr\u00fccklich darauf hin, dass diese Datenschutzerkl\u00e4rung ausschlie\u00dflich f\u00fcr dieses Portal gilt. Wir haben keinen Einfluss auf andere Anbieter und kontrollieren nicht, ob die geltenden Datenschutzbestimmungen eingehalten werden.<\/p>\n<p><strong>10. G\u00fcltigkeit<\/strong><\/p>\n<p>Wir sind stets bem\u00fcht, unsere Webseite weiterzuentwickeln und neue Technologien einzusetzen. Daher kann es notwendig werden, diese Datenschutzerkl\u00e4rung zu \u00e4ndern, bzw. anzupassen. Wir behalten uns daher das Recht vor, diese Erkl\u00e4rung jederzeit mit Wirkung f\u00fcr die Zukunft zu \u00e4ndern. Bitte besuchen Sie daher diese Seite regelm\u00e4\u00dfig und lesen Sie die jeweils aktuelle Datenschutzerkl\u00e4rung von Zeit zu Zeit erneut durch.<\/p>\n","protected":false},"excerpt":{"rendered":"<p>Wir freuen uns \u00fcber Ihren Besuch auf unserer Webseite und \u00fcber Ihr Interesse an unseren Einrichtungen und Dienstleistungen. Der Schutz Ihrer pers\u00f6nlichen Daten ist uns ein ernstes Anliegen. In der Di\u00f6zese Regensburg gelten &#8211; wie in allen deutschen (Erz-)Di\u00f6zesen &#8211; f\u00fcr die Verarbeitung personenbezogener Daten die Bestimmungen des Gesetzes \u00fcber den Kirchlichen Datenschutz (KDG) einschlie\u00dflich &#8230; <span class=\"more\"><a class=\"more-link\" href=\"https:\/\/pfarrei-schwarzach-perasdorf.de\/?page_id=1583\">[weiterlesen&#8230;]<\/a><\/span><\/p>\n","protected":false},"author":9,"featured_media":0,"parent":15,"menu_order":0,"comment_status":"closed","ping_status":"closed","template":"","meta":{"footnotes":""},"_links":{"self":[{"href":"https:\/\/pfarrei-schwarzach-perasdorf.de\/index.php?rest_route=\/wp\/v2\/pages\/1583"}],"collection":[{"href":"https:\/\/pfarrei-schwarzach-perasdorf.de\/index.php?rest_route=\/wp\/v2\/pages"}],"about":[{"href":"https:\/\/pfarrei-schwarzach-perasdorf.de\/index.php?rest_route=\/wp\/v2\/types\/page"}],"author":[{"embeddable":true,"href":"https:\/\/pfarrei-schwarzach-perasdorf.de\/index.php?rest_route=\/wp\/v2\/users\/9"}],"replies":[{"embeddable":true,"href":"https:\/\/pfarrei-schwarzach-perasdorf.de\/index.php?rest_route=%2Fwp%2Fv2%2Fcomments&post=1583"}],"version-history":[{"count":2,"href":"https:\/\/pfarrei-schwarzach-perasdorf.de\/index.php?rest_route=\/wp\/v2\/pages\/1583\/revisions"}],"predecessor-version":[{"id":2701,"href":"https:\/\/pfarrei-schwarzach-perasdorf.de\/index.php?rest_route=\/wp\/v2\/pages\/1583\/revisions\/2701"}],"up":[{"embeddable":true,"href":"https:\/\/pfarrei-schwarzach-perasdorf.de\/index.php?rest_route=\/wp\/v2\/pages\/15"}],"wp:attachment":[{"href":"https:\/\/pfarrei-schwarzach-perasdorf.de\/index.php?rest_route=%2Fwp%2Fv2%2Fmedia&parent=1583"}],"curies":[{"name":"wp","href":"https:\/\/api.w.org\/{rel}","templated":true}]}}