{"id":1524,"date":"2020-05-08T08:57:55","date_gmt":"2020-05-08T06:57:55","guid":{"rendered":"http:\/\/pfarrei-schwarzach-perasdorf.de\/?page_id=1524"},"modified":"2025-07-25T22:45:25","modified_gmt":"2025-07-25T20:45:25","slug":"kinderkirche","status":"publish","type":"page","link":"https:\/\/pfarrei-schwarzach-perasdorf.de\/?page_id=1524","title":{"rendered":"Kinderkirche"},"content":{"rendered":"<p>Herzlich willkommen zur Kinderkirche in unserer Pfarreiengemeinschaft.<a href=\"http:\/\/pfarrei-schwarzach-perasdorf.de\/wp-content\/uploads\/2020\/02\/IMG_20200215_160133-e1581779142781.jpg\"><img loading=\"lazy\" decoding=\"async\" class=\"alignright wp-image-1165 size-medium\" src=\"http:\/\/pfarrei-schwarzach-perasdorf.de\/wp-content\/uploads\/2020\/02\/IMG_20200215_160133-e1581779142781-300x225.jpg\" alt=\"\" width=\"300\" height=\"225\" srcset=\"https:\/\/pfarrei-schwarzach-perasdorf.de\/wp-content\/uploads\/2020\/02\/IMG_20200215_160133-e1581779142781-300x225.jpg 300w, https:\/\/pfarrei-schwarzach-perasdorf.de\/wp-content\/uploads\/2020\/02\/IMG_20200215_160133-e1581779142781-150x113.jpg 150w, https:\/\/pfarrei-schwarzach-perasdorf.de\/wp-content\/uploads\/2020\/02\/IMG_20200215_160133-e1581779142781-768x576.jpg 768w, https:\/\/pfarrei-schwarzach-perasdorf.de\/wp-content\/uploads\/2020\/02\/IMG_20200215_160133-e1581779142781-1024x768.jpg 1024w\" sizes=\"(max-width: 300px) 100vw, 300px\" \/><\/a><\/p>\n<p>Das Team der Kinderkirche bereitet etwa alle zwei Monate ein besonderes Gottesdienstangebot f\u00fcr Kinder vor.<br \/>\nDabei treffen sich die Kinder, meistens Sonntag um 9:45 Uhr, im Pfarrheim in Schwarzach oder um 9:00 Uhr in der Pfarrkirche in Schwarzach und erfahren dabei neue Dinge rund um unseren Glauben, oder h\u00f6ren spannende Geschichten aus der Bibel, die dann nat\u00fcrlich immer kindgerecht und spielerisch vertieft werden. Manchmal wird auch gebastelt, oder eine Kleinigkeit genascht.<br \/>\nJe nach Thema besuchen wir zum Vaterunser den Sonntagsgottesdienst und feiern die restliche Zeit des Gottesdienstes mit der Gemeinde zu Ende, oder wir bleiben im Pfarrheim und basteln oder erleben dort noch etwas.<\/p>\n<p><a href=\"http:\/\/pfarrei-schwarzach-perasdorf.de\/wp-content\/uploads\/2020\/10\/SAM_2803.jpg\"><img loading=\"lazy\" decoding=\"async\" class=\"alignright size-medium wp-image-1635\" src=\"http:\/\/pfarrei-schwarzach-perasdorf.de\/wp-content\/uploads\/2020\/10\/SAM_2803-300x200.jpg\" alt=\"\" width=\"300\" height=\"200\" srcset=\"https:\/\/pfarrei-schwarzach-perasdorf.de\/wp-content\/uploads\/2020\/10\/SAM_2803-300x200.jpg 300w, https:\/\/pfarrei-schwarzach-perasdorf.de\/wp-content\/uploads\/2020\/10\/SAM_2803-150x100.jpg 150w, https:\/\/pfarrei-schwarzach-perasdorf.de\/wp-content\/uploads\/2020\/10\/SAM_2803-768x512.jpg 768w, https:\/\/pfarrei-schwarzach-perasdorf.de\/wp-content\/uploads\/2020\/10\/SAM_2803-1024x683.jpg 1024w\" sizes=\"(max-width: 300px) 100vw, 300px\" \/><\/a><\/p>\n<p>Eingeladen sind alle Kinder vom Kindergartenalter bis zur 2. Klasse!<\/p>\n<p>Wir freuen uns sehr auf Euer Kommen.<\/p>\n<p>Das Team der Kinderkirche<\/p>\n<p>F\u00fcr die n\u00e4chsten Termine beachten sie bitte den aktuellen <a href=\"https:\/\/pfarrei-schwarzach-perasdorf.de\/?page_id=13\">Pfarrbrief<\/a><\/p>\n<p style=\"text-align: center;\"><a href=\"http:\/\/pfarrei-schwarzach-perasdorf.de\/?page_id=1258\">hier findet ihr weitere Inhalte rund um die Kinderkirche (auch f\u00fcr Zuhause)<\/a><\/p>\n<p style=\"text-align: left;\">\n<p>In unserem Bistum wurde ein Arbeitskreis Kinderkirche gegr\u00fcndet. Dort finden Sie gute und interessante Inhalte f\u00fcr zu Hause, auch kurze Andachten, die Sie gemeinsam mit ihren Kindern ansehen k\u00f6nnen.<br \/>\nSchauen Sie sich gerne <a href=\"https:\/\/seelsorge-regensburg.de\/thema\/kinderkirche-daheim\/\">hier<\/a> um, es gibt viel zu entdecken.<\/p>\n","protected":false},"excerpt":{"rendered":"<p>Herzlich willkommen zur Kinderkirche in unserer Pfarreiengemeinschaft. Das Team der Kinderkirche bereitet etwa alle zwei Monate ein besonderes Gottesdienstangebot f\u00fcr Kinder vor. Dabei treffen sich die Kinder, meistens Sonntag um 9:45 Uhr, im Pfarrheim in Schwarzach oder um 9:00 Uhr in der Pfarrkirche in Schwarzach und erfahren dabei neue Dinge rund um unseren Glauben, oder &#8230; <span class=\"more\"><a class=\"more-link\" href=\"https:\/\/pfarrei-schwarzach-perasdorf.de\/?page_id=1524\">[weiterlesen&#8230;]<\/a><\/span><\/p>\n","protected":false},"author":9,"featured_media":0,"parent":1799,"menu_order":1,"comment_status":"closed","ping_status":"closed","template":"","meta":{"footnotes":""},"_links":{"self":[{"href":"https:\/\/pfarrei-schwarzach-perasdorf.de\/index.php?rest_route=\/wp\/v2\/pages\/1524"}],"collection":[{"href":"https:\/\/pfarrei-schwarzach-perasdorf.de\/index.php?rest_route=\/wp\/v2\/pages"}],"about":[{"href":"https:\/\/pfarrei-schwarzach-perasdorf.de\/index.php?rest_route=\/wp\/v2\/types\/page"}],"author":[{"embeddable":true,"href":"https:\/\/pfarrei-schwarzach-perasdorf.de\/index.php?rest_route=\/wp\/v2\/users\/9"}],"replies":[{"embeddable":true,"href":"https:\/\/pfarrei-schwarzach-perasdorf.de\/index.php?rest_route=%2Fwp%2Fv2%2Fcomments&post=1524"}],"version-history":[{"count":23,"href":"https:\/\/pfarrei-schwarzach-perasdorf.de\/index.php?rest_route=\/wp\/v2\/pages\/1524\/revisions"}],"predecessor-version":[{"id":2987,"href":"https:\/\/pfarrei-schwarzach-perasdorf.de\/index.php?rest_route=\/wp\/v2\/pages\/1524\/revisions\/2987"}],"up":[{"embeddable":true,"href":"https:\/\/pfarrei-schwarzach-perasdorf.de\/index.php?rest_route=\/wp\/v2\/pages\/1799"}],"wp:attachment":[{"href":"https:\/\/pfarrei-schwarzach-perasdorf.de\/index.php?rest_route=%2Fwp%2Fv2%2Fmedia&parent=1524"}],"curies":[{"name":"wp","href":"https:\/\/api.w.org\/{rel}","templated":true}]}}