{"id":127,"date":"2014-12-20T22:02:12","date_gmt":"2014-12-20T21:02:12","guid":{"rendered":"http:\/\/pfarrei-schwarzach-perasdorf.de\/?page_id=127"},"modified":"2015-07-15T09:38:30","modified_gmt":"2015-07-15T07:38:30","slug":"kirchliche-dienste","status":"publish","type":"page","link":"https:\/\/pfarrei-schwarzach-perasdorf.de\/?page_id=127","title":{"rendered":"Kirchliche Dienste"},"content":{"rendered":"<div id=\"content_container\" class=\"content\">\n<div class=\"csc-header csc-header-n1\">\n<h2 class=\"csc-firstHeader\"><span style=\"color: #333333;\">Was sind Liturgische Dienste?<\/span><\/h2>\n<\/div>\n<p><span style=\"color: #333333;\">Liturgie ist der Dienst Gottes am Menschen und die Antwort des Menschen vor Gott.\u00a0 Eine Vielfalt von \u00c4mtern und Diensten bestimmen die Liturgie.<\/p>\n<p>\u201eInnerhalb eines Gottesdienstes gibt es besondere Dienste und Aufgaben, die von den Gl\u00e4ubigen \u00fcbernommen werden sollen. So wird das Anliegen der Liturgiekonstitution des Zweiten Vatikanischen Konzils, die t\u00e4tige Teilnahme umgesetzt. In der Aufgabenverteilung zeigt sich die Gliederung der Gemeinde und ihre Verantwortung f\u00fcr die gottesdienstliche Versammlung.<br \/>\nF\u00fcr verschiedene Arten von Gottesdiensten ergeben sich unterschiedliche Dienste, die von Frauen und M\u00e4nnern wahrgenommen werden:<br \/>\n\u2022\u00a0\u00a0\u00a0 der\/die\u00a0Lektor\/in<br \/>\n\u2022\u00a0\u00a0\u00a0 der\/die Kommunionhelfer\/in<br \/>\n\u2022\u00a0\u00a0\u00a0 der\/die Ministrant\/in<\/span><\/p>\n<\/div>\n","protected":false},"excerpt":{"rendered":"<p>Was sind Liturgische Dienste? Liturgie ist der Dienst Gottes am Menschen und die Antwort des Menschen vor Gott.\u00a0 Eine Vielfalt von \u00c4mtern und Diensten bestimmen die Liturgie. \u201eInnerhalb eines Gottesdienstes gibt es besondere Dienste und Aufgaben, die von den Gl\u00e4ubigen \u00fcbernommen werden sollen. So wird das Anliegen der Liturgiekonstitution des Zweiten Vatikanischen Konzils, die t\u00e4tige &#8230; <span class=\"more\"><a class=\"more-link\" href=\"https:\/\/pfarrei-schwarzach-perasdorf.de\/?page_id=127\">[weiterlesen&#8230;]<\/a><\/span><\/p>\n","protected":false},"author":1,"featured_media":0,"parent":9,"menu_order":4,"comment_status":"closed","ping_status":"closed","template":"page-full-width.php","meta":{"footnotes":""},"_links":{"self":[{"href":"https:\/\/pfarrei-schwarzach-perasdorf.de\/index.php?rest_route=\/wp\/v2\/pages\/127"}],"collection":[{"href":"https:\/\/pfarrei-schwarzach-perasdorf.de\/index.php?rest_route=\/wp\/v2\/pages"}],"about":[{"href":"https:\/\/pfarrei-schwarzach-perasdorf.de\/index.php?rest_route=\/wp\/v2\/types\/page"}],"author":[{"embeddable":true,"href":"https:\/\/pfarrei-schwarzach-perasdorf.de\/index.php?rest_route=\/wp\/v2\/users\/1"}],"replies":[{"embeddable":true,"href":"https:\/\/pfarrei-schwarzach-perasdorf.de\/index.php?rest_route=%2Fwp%2Fv2%2Fcomments&post=127"}],"version-history":[{"count":2,"href":"https:\/\/pfarrei-schwarzach-perasdorf.de\/index.php?rest_route=\/wp\/v2\/pages\/127\/revisions"}],"predecessor-version":[{"id":315,"href":"https:\/\/pfarrei-schwarzach-perasdorf.de\/index.php?rest_route=\/wp\/v2\/pages\/127\/revisions\/315"}],"up":[{"embeddable":true,"href":"https:\/\/pfarrei-schwarzach-perasdorf.de\/index.php?rest_route=\/wp\/v2\/pages\/9"}],"wp:attachment":[{"href":"https:\/\/pfarrei-schwarzach-perasdorf.de\/index.php?rest_route=%2Fwp%2Fv2%2Fmedia&parent=127"}],"curies":[{"name":"wp","href":"https:\/\/api.w.org\/{rel}","templated":true}]}}