{"id":1258,"date":"2020-03-25T12:14:14","date_gmt":"2020-03-25T11:14:14","guid":{"rendered":"http:\/\/pfarrei-schwarzach-perasdorf.de\/?page_id=1258"},"modified":"2020-11-24T15:20:09","modified_gmt":"2020-11-24T14:20:09","slug":"angebote-fuer-kinder","status":"publish","type":"page","link":"https:\/\/pfarrei-schwarzach-perasdorf.de\/?page_id=1258","title":{"rendered":"weitere Inhalte"},"content":{"rendered":"<p>12.05.2020<\/p>\n<p><a href=\"http:\/\/pfarrei-schwarzach-perasdorf.de\/wp-content\/uploads\/2020\/05\/Maria_Mal-und-Quizheft-1.pdf\">Mal und Quizheft \u00fcber Maria<\/a><\/p>\n<p>10.05.2020<\/p>\n<p><a href=\"http:\/\/pfarrei-schwarzach-perasdorf.de\/wp-content\/uploads\/2020\/05\/28.Sobla2020-final.pdf\">Sonntagsblatt 10. Mai &#8211; 5. Sonntag der Osterzeit<\/a><\/p>\n<p>02.05.2020<\/p>\n<p><a href=\"http:\/\/pfarrei-schwarzach-perasdorf.de\/wp-content\/uploads\/2020\/05\/27.Sobla2020-final.pdf\">Sonntagsblatt 02. Mai &#8211; 4. Sonntag der Osterzeit<\/a><\/p>\n<p>25.04.2020<\/p>\n<p><a href=\"http:\/\/pfarrei-schwarzach-perasdorf.de\/wp-content\/uploads\/2020\/04\/26.Sobla2020-final.pdf\">Sonntagsblatt 26. April &#8211; 3. Sonntag der Osterzeit<\/a><\/p>\n<p>Dieses Blatt w\u00fcrde besser zum letzten Sonntag passen, aber es passt immer noch. Jesus ist seinen J\u00fcngern erschienen und zeigt so: Gott ist st\u00e4rker als der Tod &#8211; nicht nur damals sondern auch heute noch!<br \/>\n<a href=\"http:\/\/pfarrei-schwarzach-perasdorf.de\/wp-content\/uploads\/2020\/04\/A_2.Sonntag_der_Osterzeit-1.pdf\">Ausmalbild &#8211; Jesus erscheint den J\u00fcngern<\/a><\/p>\n<p>&nbsp;<\/p>\n<p>19.04.2020<br \/>\n<a href=\"http:\/\/pfarrei-schwarzach-perasdorf.de\/wp-content\/uploads\/2020\/04\/25.Sobla-2020-final.pdf\">Sonntagsblatt 19.April &#8211; wei\u00dfer Sonntag<\/a><\/p>\n<p>&nbsp;<\/p>\n<p>03.04.2020<br \/>\nHier findet ihr einen kurzen Impuls, den ihr mit euren Kindern gemeinsam zu Hause halten k\u00f6nnt. Au\u00dferdem ein paar Ausmalbilder. Gerne k\u00f6nnt ihr eure ausgemalten Bilder oder selbst gebastelten Palmbuschen f\u00fcr den Palmsonntag in die Kirche bringen bringen und anschlie\u00dfend ab 12:00 Uhr wieder abholen.<br \/>\nAu\u00dferdem liegt in der Kirche ein Bild f\u00fcr euch, das ihr euch gerne mit nach Hause nehmen d\u00fcrft!<br \/>\n<a href=\"http:\/\/pfarrei-schwarzach-perasdorf.de\/wp-content\/uploads\/2020\/04\/Kindgerechte-Andacht-zum-Palmso.pdf\">Kindgerechte Andacht zum Palmsonntag<\/a><br \/>\n<a href=\"http:\/\/pfarrei-schwarzach-perasdorf.de\/wp-content\/uploads\/2020\/04\/Jesus-zieht-in-Jerusalem-ein.pdf\">Ausmalbild Jesus zieht in Jerusalem ein 1<\/a><br \/>\n<a href=\"http:\/\/pfarrei-schwarzach-perasdorf.de\/wp-content\/uploads\/2020\/04\/Jesus-zieht-in-Jerusalem-ein-2.pdf\">Ausmalbild Jesus zieht in Jerusalem ein 2<\/a><\/p>\n<p><a href=\"http:\/\/pfarrei-schwarzach-perasdorf.de\/wp-content\/uploads\/2020\/04\/22sobla-2020.pdf\">Sonntagsblatt 05. April &#8211; Palmsonntag<\/a><\/p>\n<p>&nbsp;<\/p>\n<p>29.03.2020<\/p>\n<p><a href=\"http:\/\/pfarrei-schwarzach-perasdorf.de\/wp-content\/uploads\/2020\/03\/21Sobla-2020.pdf\">Sonntagsblatt 29. M\u00e4rz &#8211; 5. Fastensonntag<\/a><\/p>\n<p>27.03.2020<\/p>\n<p>Ein bisschen was, um den Kopf anzustrengen:<br \/>\n<a href=\"http:\/\/pfarrei-schwarzach-perasdorf.de\/wp-content\/uploads\/2020\/03\/Der-Kopf-ist-voller-Tr\u00e4ume-Blatt-zum-bearbeiten.pdf\">Der Kopf ist voller Tr\u00e4ume &#8211; Blatt zum bearbeiten<\/a><\/p>\n<p>Wenn Sie gemeinsam mit Ihrem Kind r\u00e4tseln wollen:<br \/>\n<a href=\"http:\/\/pfarrei-schwarzach-perasdorf.de\/wp-content\/uploads\/2020\/03\/R\u00e4tsel-Teil-1.jpeg\">R\u00e4tsel Teil 1<\/a><br \/>\n<a href=\"http:\/\/pfarrei-schwarzach-perasdorf.de\/wp-content\/uploads\/2020\/03\/r\u00e4tsel-Teil-2.jpeg\">R\u00e4tsel Teil 2<\/a><\/p>\n<p>&nbsp;<\/p>\n<p>26.03.2020<\/p>\n<p>Vielleicht wollen sie gemeinsam mit Ihren Kindern beten und \u00fcber Gott sprechen. Die <a href=\"http:\/\/pfarrei-schwarzach-perasdorf.de\/wp-content\/uploads\/2020\/03\/23-1911-gratisseiten.pdf\">folgende Zeitschrift <\/a>bietet hierf\u00fcr gute Impulse und Anregungen, sowie einige Materialien, die man ohne weiteres direkt umsetzen kann.<\/p>\n<p>&nbsp;<\/p>\n<p>25.03.2020<\/p>\n<p><a href=\"http:\/\/pfarrei-schwarzach-perasdorf.de\/?attachment_id=1271\" rel=\"attachment wp-att-1271\">Sonntagsblatt 22. M\u00e4rz &#8211; 4. Fastensonntag<\/a><\/p>\n<p><a href=\"http:\/\/pfarrei-schwarzach-perasdorf.de\/?attachment_id=1269\" rel=\"attachment wp-att-1269\">Ausmalbild &#8211; Ich bin geliebt, gewollt, anerkannt<\/a><\/p>\n<p><a href=\"http:\/\/pfarrei-schwarzach-perasdorf.de\/?attachment_id=1267\" rel=\"attachment wp-att-1267\">Meditation f\u00fcr ein paar ruhige Minuten<\/a><\/p>\n<p><a href=\"http:\/\/pfarrei-schwarzach-perasdorf.de\/?attachment_id=1255\" rel=\"attachment wp-att-1255\">Zeitschrift Bonikids Fr\u00fchjahr 2020<\/a><br \/>\n<a href=\"http:\/\/pfarrei-schwarzach-perasdorf.de\/?attachment_id=1254\" rel=\"attachment wp-att-1254\">Zeitschrift Bonikids Winter 2019<\/a><br \/>\n<a href=\"http:\/\/pfarrei-schwarzach-perasdorf.de\/?attachment_id=1252\" rel=\"attachment wp-att-1252\">Zeitschrift Bonikids Herbst 2019<\/a><br \/>\n<a href=\"http:\/\/pfarrei-schwarzach-perasdorf.de\/?attachment_id=1253\" rel=\"attachment wp-att-1253\">Zeitschrift Bonikids Sommer 2019<\/a><br \/>\n<a href=\"http:\/\/pfarrei-schwarzach-perasdorf.de\/?attachment_id=1256\" rel=\"attachment wp-att-1256\">Zeitschrift Bonikids Fr\u00fchjahr 2019<\/a><\/p>\n","protected":false},"excerpt":{"rendered":"<p>12.05.2020 Mal und Quizheft \u00fcber Maria 10.05.2020 Sonntagsblatt 10. Mai &#8211; 5. Sonntag der Osterzeit 02.05.2020 Sonntagsblatt 02. Mai &#8211; 4. Sonntag der Osterzeit 25.04.2020 Sonntagsblatt 26. April &#8211; 3. Sonntag der Osterzeit Dieses Blatt w\u00fcrde besser zum letzten Sonntag passen, aber es passt immer noch. Jesus ist seinen J\u00fcngern erschienen und zeigt so: Gott &#8230; <span class=\"more\"><a class=\"more-link\" href=\"https:\/\/pfarrei-schwarzach-perasdorf.de\/?page_id=1258\">[weiterlesen&#8230;]<\/a><\/span><\/p>\n","protected":false},"author":9,"featured_media":0,"parent":1524,"menu_order":3,"comment_status":"closed","ping_status":"closed","template":"","meta":{"footnotes":""},"_links":{"self":[{"href":"https:\/\/pfarrei-schwarzach-perasdorf.de\/index.php?rest_route=\/wp\/v2\/pages\/1258"}],"collection":[{"href":"https:\/\/pfarrei-schwarzach-perasdorf.de\/index.php?rest_route=\/wp\/v2\/pages"}],"about":[{"href":"https:\/\/pfarrei-schwarzach-perasdorf.de\/index.php?rest_route=\/wp\/v2\/types\/page"}],"author":[{"embeddable":true,"href":"https:\/\/pfarrei-schwarzach-perasdorf.de\/index.php?rest_route=\/wp\/v2\/users\/9"}],"replies":[{"embeddable":true,"href":"https:\/\/pfarrei-schwarzach-perasdorf.de\/index.php?rest_route=%2Fwp%2Fv2%2Fcomments&post=1258"}],"version-history":[{"count":35,"href":"https:\/\/pfarrei-schwarzach-perasdorf.de\/index.php?rest_route=\/wp\/v2\/pages\/1258\/revisions"}],"predecessor-version":[{"id":1703,"href":"https:\/\/pfarrei-schwarzach-perasdorf.de\/index.php?rest_route=\/wp\/v2\/pages\/1258\/revisions\/1703"}],"up":[{"embeddable":true,"href":"https:\/\/pfarrei-schwarzach-perasdorf.de\/index.php?rest_route=\/wp\/v2\/pages\/1524"}],"wp:attachment":[{"href":"https:\/\/pfarrei-schwarzach-perasdorf.de\/index.php?rest_route=%2Fwp%2Fv2%2Fmedia&parent=1258"}],"curies":[{"name":"wp","href":"https:\/\/api.w.org\/{rel}","templated":true}]}}