{"id":1131,"date":"2020-02-12T17:31:57","date_gmt":"2020-02-12T16:31:57","guid":{"rendered":"http:\/\/pfarrei-schwarzach-perasdorf.de\/?page_id=1131"},"modified":"2020-02-12T17:57:04","modified_gmt":"2020-02-12T16:57:04","slug":"wolfgangscup","status":"publish","type":"page","link":"https:\/\/pfarrei-schwarzach-perasdorf.de\/?page_id=1131","title":{"rendered":"Wolfgangscup"},"content":{"rendered":"<h1 style=\"text-align: center;\" lang=\"de-DE\">2019<\/h1>\n<p lang=\"de-DE\">&nbsp;<\/p>\n<p lang=\"de-DE\">Auch am 23. November 2019 konnte unsere Pfarreiengemeinschaft wieder mit einer gemischten Juniorengruppe von Ministranten aus Schwarzach und Perasdorf am Wolfgangscup teilnehmen.<\/p>\n<p lang=\"de-DE\">Diesmal wurden wir zum Entscheid nach Teisnach eingeladen, wo unsere Mannschaft alles gab, aber leider nicht sehr erfolgreich war. Aufgrund einiger ungl\u00fccklicher Umst\u00e4nde mussten wir nach zwei Niederlagen das Feld r\u00e4umen und belegten so letztendlich den 11. Platz aus 14 teilnehmenden Mannschaften.<\/p>\n<p><img loading=\"lazy\" decoding=\"async\" class=\"size-medium wp-image-1100 aligncenter\" src=\"http:\/\/pfarrei-schwarzach-perasdorf.de\/wp-content\/uploads\/2019\/12\/SAM_2434-300x200.jpg\" alt=\"\" width=\"300\" height=\"200\" srcset=\"https:\/\/pfarrei-schwarzach-perasdorf.de\/wp-content\/uploads\/2019\/12\/SAM_2434-300x200.jpg 300w, https:\/\/pfarrei-schwarzach-perasdorf.de\/wp-content\/uploads\/2019\/12\/SAM_2434-150x100.jpg 150w, https:\/\/pfarrei-schwarzach-perasdorf.de\/wp-content\/uploads\/2019\/12\/SAM_2434-768x512.jpg 768w, https:\/\/pfarrei-schwarzach-perasdorf.de\/wp-content\/uploads\/2019\/12\/SAM_2434-1024x683.jpg 1024w\" sizes=\"(max-width: 300px) 100vw, 300px\" \/><\/p>\n<p><img loading=\"lazy\" decoding=\"async\" class=\"wp-image-1098 size-medium aligncenter\" src=\"http:\/\/pfarrei-schwarzach-perasdorf.de\/wp-content\/uploads\/2019\/12\/SAM_2428-300x200.jpg\" alt=\"\" width=\"300\" height=\"200\" srcset=\"https:\/\/pfarrei-schwarzach-perasdorf.de\/wp-content\/uploads\/2019\/12\/SAM_2428-300x200.jpg 300w, https:\/\/pfarrei-schwarzach-perasdorf.de\/wp-content\/uploads\/2019\/12\/SAM_2428-150x100.jpg 150w, https:\/\/pfarrei-schwarzach-perasdorf.de\/wp-content\/uploads\/2019\/12\/SAM_2428-768x512.jpg 768w, https:\/\/pfarrei-schwarzach-perasdorf.de\/wp-content\/uploads\/2019\/12\/SAM_2428-1024x683.jpg 1024w\" sizes=\"(max-width: 300px) 100vw, 300px\" \/><\/p>\n<p lang=\"de-DE\">&nbsp;<\/p>\n<p lang=\"de-DE\">Auch 2020 werden wir wieder am Wolfgangscup teilnehmen. Der genaue Termin steht noch nicht fest, doch wird es auch diesmal h\u00f6chstwahrscheinlich wieder im November sein.<br \/>\nGenaue Infos erh\u00e4ltst du auf dieser Seite oder <a href=\"https:\/\/www.jugendstelle-straubing.de\/veranstaltungen\/\">hier<\/a>.<\/p>\n<p>&nbsp;<\/p>\n<p>&nbsp;<\/p>\n<p>&nbsp;<\/p>\n<h1 style=\"text-align: center;\"><strong>2018<\/strong><\/h1>\n<p>&nbsp;<\/p>\n<p>Am 17.11 konnte unsere Pfarreiengemeinschaft wieder am Wolfgangscup teilnehmen. Dieses Mal sogar mit einer Mannschaft in jeder Altersgruppe.<br \/>\nIn der Juniorenmannschaft, Jahrgang 2004 und j\u00fcnger waren insgesamt sechs Spieler am Start. Theresa Fuchs, Tobias Fuchs und Philipp Zwickl aus Schwarzach mit Johannes Altsch\u00e4ffl, Elias Dietl und Johannes Stettmer aus Perasdorf spielten einen hervorragenden Fu\u00dfball und konnten sich gegen die meisten der elf anderen Mannschaften durchsetzen und erspielten einen hervorragenden 3. Platz.<br \/>\nJohannes Altsch\u00e4ffl konnte acht Toren sogar den Pokal f\u00fcr den Torsch\u00fctzenk\u00f6nig erspielen. Elias Dietl, der bis zum vorletzten Spiel der Favorit war, musst sich wegen einer kleinen Fu\u00dfverletzung im letzten Spiel etwas zur\u00fccknehmen und konnte so mit sechs erzielten Toren fast mithalten.<br \/>\nJeder der sechs Fu\u00dfballer gab in diesen spielen alles und zeigte so, dass unsere Pfarreiengemeinschaft ernstzunehmende Fu\u00dfballer hat.<\/p>\n<p>Bei der Seniorenmannschaft, Jahrgang 2003 und \u00e4lter, waren es insgesamt zehn Spieler. Dominik Altsch\u00e4ffl, Elias Dietl, Sebastian Kandler, Lukas Sch\u00e4tz, David Stettmer und Johannes Stettmer aus Perasdorf und Tobias Fuchs, Pia Gegenfurtner, Jan Ulrich und Maria Wintermeier waren mit am Start. Leider lief es hier nicht ganz so gut wie bei den Junioren, dennoch gaben wir alles und zeigten, dass wir nicht aufgeben, auch wenn wir gegen extrem starke Mannschaften antreten mussten.<\/p>\n<p>Trotz allem hatte auch die Seniorenmannschaft nicht weniger Spa\u00df als die Junioren.<br \/>\nDanke, dass ihr alle dabei wart und wir gemeinsam einen tollen Tag hatten!<\/p>\n<p><img loading=\"lazy\" decoding=\"async\" class=\"aligncenter size-medium_large wp-image-995\" src=\"http:\/\/pfarrei-schwarzach-perasdorf.de\/wp-content\/uploads\/2018\/11\/Wolfgangscup-768x576.jpg\" alt=\"\" width=\"700\" height=\"525\" srcset=\"https:\/\/pfarrei-schwarzach-perasdorf.de\/wp-content\/uploads\/2018\/11\/Wolfgangscup-768x576.jpg 768w, https:\/\/pfarrei-schwarzach-perasdorf.de\/wp-content\/uploads\/2018\/11\/Wolfgangscup-150x113.jpg 150w, https:\/\/pfarrei-schwarzach-perasdorf.de\/wp-content\/uploads\/2018\/11\/Wolfgangscup-300x225.jpg 300w, https:\/\/pfarrei-schwarzach-perasdorf.de\/wp-content\/uploads\/2018\/11\/Wolfgangscup-1024x768.jpg 1024w\" sizes=\"(max-width: 700px) 100vw, 700px\" \/><br \/>\n<img loading=\"lazy\" decoding=\"async\" class=\"aligncenter size-medium_large wp-image-994\" src=\"http:\/\/pfarrei-schwarzach-perasdorf.de\/wp-content\/uploads\/2018\/11\/Wolfgangscup-Sen-3-768x576.jpg\" alt=\"\" width=\"700\" height=\"525\" srcset=\"https:\/\/pfarrei-schwarzach-perasdorf.de\/wp-content\/uploads\/2018\/11\/Wolfgangscup-Sen-3-768x576.jpg 768w, https:\/\/pfarrei-schwarzach-perasdorf.de\/wp-content\/uploads\/2018\/11\/Wolfgangscup-Sen-3-150x113.jpg 150w, https:\/\/pfarrei-schwarzach-perasdorf.de\/wp-content\/uploads\/2018\/11\/Wolfgangscup-Sen-3-300x225.jpg 300w, https:\/\/pfarrei-schwarzach-perasdorf.de\/wp-content\/uploads\/2018\/11\/Wolfgangscup-Sen-3-1024x768.jpg 1024w\" sizes=\"(max-width: 700px) 100vw, 700px\" \/><\/p>\n<p><img loading=\"lazy\" decoding=\"async\" class=\"aligncenter size-medium_large wp-image-993\" src=\"http:\/\/pfarrei-schwarzach-perasdorf.de\/wp-content\/uploads\/2018\/11\/Wolfgangscup-Sen-1-768x576.jpg\" alt=\"\" width=\"700\" height=\"525\" srcset=\"https:\/\/pfarrei-schwarzach-perasdorf.de\/wp-content\/uploads\/2018\/11\/Wolfgangscup-Sen-1-768x576.jpg 768w, https:\/\/pfarrei-schwarzach-perasdorf.de\/wp-content\/uploads\/2018\/11\/Wolfgangscup-Sen-1-150x113.jpg 150w, https:\/\/pfarrei-schwarzach-perasdorf.de\/wp-content\/uploads\/2018\/11\/Wolfgangscup-Sen-1-300x225.jpg 300w, https:\/\/pfarrei-schwarzach-perasdorf.de\/wp-content\/uploads\/2018\/11\/Wolfgangscup-Sen-1-1024x768.jpg 1024w\" sizes=\"(max-width: 700px) 100vw, 700px\" \/><\/p>\n<p><img loading=\"lazy\" decoding=\"async\" class=\"aligncenter size-medium_large wp-image-992\" src=\"http:\/\/pfarrei-schwarzach-perasdorf.de\/wp-content\/uploads\/2018\/11\/Wolfgangscup-Jun-2-768x576.jpg\" alt=\"\" width=\"700\" height=\"525\" srcset=\"https:\/\/pfarrei-schwarzach-perasdorf.de\/wp-content\/uploads\/2018\/11\/Wolfgangscup-Jun-2-768x576.jpg 768w, https:\/\/pfarrei-schwarzach-perasdorf.de\/wp-content\/uploads\/2018\/11\/Wolfgangscup-Jun-2-150x113.jpg 150w, https:\/\/pfarrei-schwarzach-perasdorf.de\/wp-content\/uploads\/2018\/11\/Wolfgangscup-Jun-2-300x225.jpg 300w, https:\/\/pfarrei-schwarzach-perasdorf.de\/wp-content\/uploads\/2018\/11\/Wolfgangscup-Jun-2-1024x768.jpg 1024w\" sizes=\"(max-width: 700px) 100vw, 700px\" \/><\/p>\n<p><img loading=\"lazy\" decoding=\"async\" class=\"aligncenter size-medium_large wp-image-991\" src=\"http:\/\/pfarrei-schwarzach-perasdorf.de\/wp-content\/uploads\/2018\/11\/Wolfgangscup-Jun-1-768x576.jpg\" alt=\"\" width=\"700\" height=\"525\" srcset=\"https:\/\/pfarrei-schwarzach-perasdorf.de\/wp-content\/uploads\/2018\/11\/Wolfgangscup-Jun-1-768x576.jpg 768w, https:\/\/pfarrei-schwarzach-perasdorf.de\/wp-content\/uploads\/2018\/11\/Wolfgangscup-Jun-1-150x113.jpg 150w, https:\/\/pfarrei-schwarzach-perasdorf.de\/wp-content\/uploads\/2018\/11\/Wolfgangscup-Jun-1-300x225.jpg 300w, https:\/\/pfarrei-schwarzach-perasdorf.de\/wp-content\/uploads\/2018\/11\/Wolfgangscup-Jun-1-1024x768.jpg 1024w\" sizes=\"(max-width: 700px) 100vw, 700px\" \/><\/p>\n<p><img loading=\"lazy\" decoding=\"async\" class=\"aligncenter size-medium_large wp-image-990\" src=\"http:\/\/pfarrei-schwarzach-perasdorf.de\/wp-content\/uploads\/2018\/11\/Wolfgangscup-gem-1-768x576.jpg\" alt=\"\" width=\"700\" height=\"525\" srcset=\"https:\/\/pfarrei-schwarzach-perasdorf.de\/wp-content\/uploads\/2018\/11\/Wolfgangscup-gem-1-768x576.jpg 768w, https:\/\/pfarrei-schwarzach-perasdorf.de\/wp-content\/uploads\/2018\/11\/Wolfgangscup-gem-1-150x113.jpg 150w, https:\/\/pfarrei-schwarzach-perasdorf.de\/wp-content\/uploads\/2018\/11\/Wolfgangscup-gem-1-300x225.jpg 300w, https:\/\/pfarrei-schwarzach-perasdorf.de\/wp-content\/uploads\/2018\/11\/Wolfgangscup-gem-1-1024x768.jpg 1024w\" sizes=\"(max-width: 700px) 100vw, 700px\" \/><\/p>\n","protected":false},"excerpt":{"rendered":"<p>2019 &nbsp; Auch am 23. November 2019 konnte unsere Pfarreiengemeinschaft wieder mit einer gemischten Juniorengruppe von Ministranten aus Schwarzach und Perasdorf am Wolfgangscup teilnehmen. Diesmal wurden wir zum Entscheid nach Teisnach eingeladen, wo unsere Mannschaft alles gab, aber leider nicht sehr erfolgreich war. Aufgrund einiger ungl\u00fccklicher Umst\u00e4nde mussten wir nach zwei Niederlagen das Feld r\u00e4umen &#8230; <span class=\"more\"><a class=\"more-link\" href=\"https:\/\/pfarrei-schwarzach-perasdorf.de\/?page_id=1131\">[weiterlesen&#8230;]<\/a><\/span><\/p>\n","protected":false},"author":9,"featured_media":0,"parent":67,"menu_order":0,"comment_status":"closed","ping_status":"closed","template":"","meta":{"footnotes":""},"_links":{"self":[{"href":"https:\/\/pfarrei-schwarzach-perasdorf.de\/index.php?rest_route=\/wp\/v2\/pages\/1131"}],"collection":[{"href":"https:\/\/pfarrei-schwarzach-perasdorf.de\/index.php?rest_route=\/wp\/v2\/pages"}],"about":[{"href":"https:\/\/pfarrei-schwarzach-perasdorf.de\/index.php?rest_route=\/wp\/v2\/types\/page"}],"author":[{"embeddable":true,"href":"https:\/\/pfarrei-schwarzach-perasdorf.de\/index.php?rest_route=\/wp\/v2\/users\/9"}],"replies":[{"embeddable":true,"href":"https:\/\/pfarrei-schwarzach-perasdorf.de\/index.php?rest_route=%2Fwp%2Fv2%2Fcomments&post=1131"}],"version-history":[{"count":5,"href":"https:\/\/pfarrei-schwarzach-perasdorf.de\/index.php?rest_route=\/wp\/v2\/pages\/1131\/revisions"}],"predecessor-version":[{"id":1144,"href":"https:\/\/pfarrei-schwarzach-perasdorf.de\/index.php?rest_route=\/wp\/v2\/pages\/1131\/revisions\/1144"}],"up":[{"embeddable":true,"href":"https:\/\/pfarrei-schwarzach-perasdorf.de\/index.php?rest_route=\/wp\/v2\/pages\/67"}],"wp:attachment":[{"href":"https:\/\/pfarrei-schwarzach-perasdorf.de\/index.php?rest_route=%2Fwp%2Fv2%2Fmedia&parent=1131"}],"curies":[{"name":"wp","href":"https:\/\/api.w.org\/{rel}","templated":true}]}}