{"id":112,"date":"2014-12-17T19:19:41","date_gmt":"2014-12-17T18:19:41","guid":{"rendered":"http:\/\/pfarrei-schwarzach-perasdorf.de\/?page_id=112"},"modified":"2026-03-01T20:54:15","modified_gmt":"2026-03-01T19:54:15","slug":"kindergarten","status":"publish","type":"page","link":"https:\/\/pfarrei-schwarzach-perasdorf.de\/?page_id=112","title":{"rendered":"Kindertagesst\u00e4tte St. Martin"},"content":{"rendered":"<p>Die Anmeldung der Kinder f\u00fcr den Besuch in der Kindertagesst\u00e4tte St. Martin, f\u00fcr das Kita\u2013Jahr 2023\/24 findet am Mo 23. und Di 24. Januar 2023 statt.<\/p>\n<p>Angemeldet werden k\u00f6nnen alle Kinder ab dem 1. Lebensjahr, auch die Kinder, die im Laufe des Kita-Jahres in die Kinderkrippe oder den Kindergarten kommen sollen.<\/p>\n<p>Damit keine unn\u00f6tigen Wartezeiten entstehen, bitten wir um kurze telefonische Terminvereinbarung unter 09962-347.<\/p>\n<\/p>\n<p><a href=\"http:\/\/pfarrei-schwarzach-perasdorf.de\/wp-content\/uploads\/2021\/12\/11-Anmeldebogen-KITA-2022.pdf\">Anmeldebogen KITA<\/a><br \/><a href=\"http:\/\/pfarrei-schwarzach-perasdorf.de\/wp-content\/uploads\/2021\/12\/12-Datenschutzrechtliche-Informationen-zur-Anmeldung.pdf\">Datenschutzrechtliche Informationen zur Anmeldung<\/a><\/p>\n\n\n<p><a href=\"https:\/\/pfarrei-schwarzach-perasdorf.de\/wp-content\/uploads\/2026\/03\/KoKi-Beschreibung-03-2026.pdf\">KoKi Beschreibung<\/a><\/p>\n","protected":false},"excerpt":{"rendered":"<p>Die Anmeldung der Kinder f\u00fcr den Besuch in der Kindertagesst\u00e4tte St. Martin, f\u00fcr das Kita\u2013Jahr 2023\/24 findet am Mo 23. und Di 24. Januar 2023 statt. Angemeldet werden k\u00f6nnen alle Kinder ab dem 1. Lebensjahr, auch die Kinder, die im Laufe des Kita-Jahres in die Kinderkrippe oder den Kindergarten kommen sollen. Damit keine unn\u00f6tigen Wartezeiten &#8230; <span class=\"more\"><a class=\"more-link\" href=\"https:\/\/pfarrei-schwarzach-perasdorf.de\/?page_id=112\">[weiterlesen&#8230;]<\/a><\/span><\/p>\n","protected":false},"author":1,"featured_media":0,"parent":26,"menu_order":2,"comment_status":"closed","ping_status":"closed","template":"page-full-width.php","meta":{"footnotes":""},"_links":{"self":[{"href":"https:\/\/pfarrei-schwarzach-perasdorf.de\/index.php?rest_route=\/wp\/v2\/pages\/112"}],"collection":[{"href":"https:\/\/pfarrei-schwarzach-perasdorf.de\/index.php?rest_route=\/wp\/v2\/pages"}],"about":[{"href":"https:\/\/pfarrei-schwarzach-perasdorf.de\/index.php?rest_route=\/wp\/v2\/types\/page"}],"author":[{"embeddable":true,"href":"https:\/\/pfarrei-schwarzach-perasdorf.de\/index.php?rest_route=\/wp\/v2\/users\/1"}],"replies":[{"embeddable":true,"href":"https:\/\/pfarrei-schwarzach-perasdorf.de\/index.php?rest_route=%2Fwp%2Fv2%2Fcomments&post=112"}],"version-history":[{"count":7,"href":"https:\/\/pfarrei-schwarzach-perasdorf.de\/index.php?rest_route=\/wp\/v2\/pages\/112\/revisions"}],"predecessor-version":[{"id":3563,"href":"https:\/\/pfarrei-schwarzach-perasdorf.de\/index.php?rest_route=\/wp\/v2\/pages\/112\/revisions\/3563"}],"up":[{"embeddable":true,"href":"https:\/\/pfarrei-schwarzach-perasdorf.de\/index.php?rest_route=\/wp\/v2\/pages\/26"}],"wp:attachment":[{"href":"https:\/\/pfarrei-schwarzach-perasdorf.de\/index.php?rest_route=%2Fwp%2Fv2%2Fmedia&parent=112"}],"curies":[{"name":"wp","href":"https:\/\/api.w.org\/{rel}","templated":true}]}}